{"id":12284,"date":"2022-10-26T15:56:50","date_gmt":"2022-10-26T13:56:50","guid":{"rendered":"https:\/\/www.timepiecesbelgium.be\/?page_id=12284"},"modified":"2022-11-26T10:03:31","modified_gmt":"2022-11-26T09:03:31","slug":"authenticity-guarantee","status":"publish","type":"page","link":"https:\/\/timepiecesbelgium.com\/it\/authenticity-guarantee\/","title":{"rendered":"Garanzia di autenticit\u00e0"},"content":{"rendered":"<div data-elementor-type=\"wp-page\" data-elementor-id=\"12284\" class=\"elementor elementor-12284\" data-elementor-post-type=\"page\">\n\t\t\t\t\t\t<section class=\"elementor-section elementor-top-section elementor-element elementor-element-b8b716f elementor-section-boxed elementor-section-height-default elementor-section-height-default\" data-id=\"b8b716f\" data-element_type=\"section\" data-settings=\"{&quot;jet_parallax_layout_list&quot;:[]}\">\n\t\t\t\t\t\t<div class=\"elementor-container elementor-column-gap-default\">\n\t\t\t\t\t<div class=\"elementor-column elementor-col-100 elementor-top-column elementor-element elementor-element-ea44581\" data-id=\"ea44581\" data-element_type=\"column\">\n\t\t\t<div class=\"elementor-widget-wrap elementor-element-populated\">\n\t\t\t\t\t\t<div class=\"elementor-element elementor-element-72be747 elementor-widget elementor-widget-heading\" data-id=\"72be747\" data-element_type=\"widget\" data-widget_type=\"heading.default\">\n\t\t\t\t<div class=\"elementor-widget-container\">\n\t\t\t\t\t<h2 class=\"elementor-heading-title elementor-size-default\">Garanzia di autenticit\u00e0<\/h2>\t\t\t\t<\/div>\n\t\t\t\t<\/div>\n\t\t\t\t<div class=\"elementor-element elementor-element-7be2e3e elementor-widget elementor-widget-text-editor\" data-id=\"7be2e3e\" data-element_type=\"widget\" data-widget_type=\"text-editor.default\">\n\t\t\t\t<div class=\"elementor-widget-container\">\n\t\t\t\t\t\t\t\t\t<p><\/p>\n<p>Quando si investe in un orologio di lusso, l'autenticit\u00e0 \u00e8 fondamentale, ed \u00e8 per questo che offriamo una garanzia di autenticit\u00e0. I nostri esperti ispezionano ogni segnatempo, il quadrante e la cassa completa per assicurarne l'autenticit\u00e0.<\/p>\n<p>Alcune parti come vetri, corone, cinturini e lancette possono essere sostituite per la manutenzione dell'orologio e quindi non fanno parte della garanzia di autenticit\u00e0. Tuttavia, queste parti vengono comunque controllate dai nostri esperti e, se necessario, sostituite per garantire l'autenticit\u00e0 e l'integrit\u00e0 dell'orologio. In questo caso, l'orologio \u00e8 nelle sue condizioni pi\u00f9 originali possibili e quindi possiamo fornire una garanzia di autenticit\u00e0 completa.<\/p>\n<p><\/p>\t\t\t\t\t\t\t\t<\/div>\n\t\t\t\t<\/div>\n\t\t\t\t\t<\/div>\n\t\t<\/div>\n\t\t\t\t\t<\/div>\n\t\t<\/section>\n\t\t\t\t<\/div>","protected":false},"excerpt":{"rendered":"<p>Garanzia di autenticit\u00e0 Quando si investe in un orologio di lusso, l'autenticit\u00e0 \u00e8 fondamentale, ed \u00e8 per questo che offriamo una garanzia di autenticit\u00e0. I nostri esperti ispezionano ogni segnatempo, il quadrante e la cassa completa per assicurarne la piena autenticit\u00e0. Alcune parti come i vetri, le corone, i cinturini e le lancette possono essere sostituite per mantenere la manutenzione dell'orologio [...].<\/p>","protected":false},"author":1,"featured_media":0,"parent":0,"menu_order":0,"comment_status":"closed","ping_status":"closed","template":"","meta":{"_joinchat":[],"footnotes":""},"class_list":["post-12284","page","type-page","status-publish","hentry"],"_links":{"self":[{"href":"https:\/\/timepiecesbelgium.com\/it\/wp-json\/wp\/v2\/pages\/12284","targetHints":{"allow":["GET"]}}],"collection":[{"href":"https:\/\/timepiecesbelgium.com\/it\/wp-json\/wp\/v2\/pages"}],"about":[{"href":"https:\/\/timepiecesbelgium.com\/it\/wp-json\/wp\/v2\/types\/page"}],"author":[{"embeddable":true,"href":"https:\/\/timepiecesbelgium.com\/it\/wp-json\/wp\/v2\/users\/1"}],"replies":[{"embeddable":true,"href":"https:\/\/timepiecesbelgium.com\/it\/wp-json\/wp\/v2\/comments?post=12284"}],"version-history":[{"count":14,"href":"https:\/\/timepiecesbelgium.com\/it\/wp-json\/wp\/v2\/pages\/12284\/revisions"}],"predecessor-version":[{"id":13970,"href":"https:\/\/timepiecesbelgium.com\/it\/wp-json\/wp\/v2\/pages\/12284\/revisions\/13970"}],"wp:attachment":[{"href":"https:\/\/timepiecesbelgium.com\/it\/wp-json\/wp\/v2\/media?parent=12284"}],"curies":[{"name":"wp","href":"https:\/\/api.w.org\/{rel}","templated":true}]}}