{"id":12268,"date":"2022-10-26T15:51:21","date_gmt":"2022-10-26T13:51:21","guid":{"rendered":"https:\/\/www.timepiecesbelgium.be\/?page_id=12268"},"modified":"2026-03-18T16:12:51","modified_gmt":"2026-03-18T15:12:51","slug":"warranty-info","status":"publish","type":"page","link":"https:\/\/timepiecesbelgium.com\/it\/warranty-info\/","title":{"rendered":"Informazioni sulla garanzia"},"content":{"rendered":"<div data-elementor-type=\"wp-page\" data-elementor-id=\"12268\" class=\"elementor elementor-12268\" data-elementor-post-type=\"page\">\n\t\t\t\t\t\t<section class=\"elementor-section elementor-top-section elementor-element elementor-element-d053c69 elementor-section-boxed elementor-section-height-default elementor-section-height-default\" data-id=\"d053c69\" data-element_type=\"section\" data-settings=\"{&quot;jet_parallax_layout_list&quot;:[]}\">\n\t\t\t\t\t\t<div class=\"elementor-container elementor-column-gap-default\">\n\t\t\t\t\t<div class=\"elementor-column elementor-col-100 elementor-top-column elementor-element elementor-element-cea93b7\" data-id=\"cea93b7\" data-element_type=\"column\">\n\t\t\t<div class=\"elementor-widget-wrap elementor-element-populated\">\n\t\t\t\t\t\t<div class=\"elementor-element elementor-element-bafc605 elementor-widget elementor-widget-heading\" data-id=\"bafc605\" data-element_type=\"widget\" data-widget_type=\"heading.default\">\n\t\t\t\t<div class=\"elementor-widget-container\">\n\t\t\t\t\t<h2 class=\"elementor-heading-title elementor-size-default\">Informazioni sulla garanzia<\/h2>\t\t\t\t<\/div>\n\t\t\t\t<\/div>\n\t\t\t\t<div class=\"elementor-element elementor-element-9d80bea elementor-widget elementor-widget-text-editor\" data-id=\"9d80bea\" data-element_type=\"widget\" data-widget_type=\"text-editor.default\">\n\t\t\t\t<div class=\"elementor-widget-container\">\n\t\t\t\t\t\t\t\t\t<h3>Garanzia di 12 mesi<\/h3><p>Quando si acquista un orologio di lusso da Timepieces Belgium, questo viene fornito con una garanzia di 12 mesi. La garanzia di 12 mesi decorre dalla data di acquisto originale. Se l'orologio dovesse smettere di funzionare senza alcuna colpa, lo ripareremo gratuitamente. Tuttavia, si noti che la garanzia di 12 mesi copre solo i difetti meccanici.<\/p><p>Se il vostro orologio ha avuto un problema e ha smesso di funzionare, non esitate a contattare il nostro servizio clienti. Se l'orologio \u00e8 ancora in garanzia, potremo effettuare una riparazione gratuita. Per questo motivo \u00e8 importante conservare la prova d'acquisto e la ricevuta.<\/p><p>Quando si contatta il nostro team, si prega di fornire il maggior numero di informazioni possibili sul problema riscontrato e su ci\u00f2 che \u00e8 accaduto quando l'orologio ha smesso di funzionare. Questo ci aiuter\u00e0 a fornirvi un servizio rapido ed efficiente.<\/p><p>E-mail: <a href=\"mailto:info@timepiecesbelgium.com\">contact@timepiecesbelgium.com<\/a><\/p><h3>Garanzia dell'orologio - Cosa non \u00e8 incluso<\/h3><p>Danni da acqua, furto, perdita, forza maggiore? Purtroppo i danni da acqua, furto, perdita, forza maggiore, danni causati da uso improprio e incidenti non sono inclusi nella garanzia di 12 mesi che forniamo. Ci\u00f2 include anche qualsiasi modifica apportata all'orologio, come ad esempio la sostituzione di componenti che non facevano parte del design originale o inclusi al momento dell'acquisto dell'orologio da Timepieces Belgium. Non siamo in alcun modo responsabili delle azioni dei subappaltatori o dei consumatori.<\/p><p>Si noti inoltre che il contratto di garanzia decade immediatamente quando l'acquirente decide di vendere l'orologio a terzi.<\/p>\t\t\t\t\t\t\t\t<\/div>\n\t\t\t\t<\/div>\n\t\t\t\t\t<\/div>\n\t\t<\/div>\n\t\t\t\t\t<\/div>\n\t\t<\/section>\n\t\t\t\t<\/div>","protected":false},"excerpt":{"rendered":"<p>Informazioni sulla garanzia La garanzia di 12 mesi Quando si acquista un orologio di lusso da Timepieces Belgium, questo viene fornito con una garanzia di 12 mesi. La garanzia di 12 mesi decorre dalla data di acquisto originale. Se l'orologio dovesse smettere di funzionare senza alcuna colpa, lo ripareremo gratuitamente. Tuttavia, si prega di notare che [...]<\/p>","protected":false},"author":1,"featured_media":0,"parent":0,"menu_order":0,"comment_status":"closed","ping_status":"closed","template":"","meta":{"_joinchat":[],"footnotes":""},"class_list":["post-12268","page","type-page","status-publish","hentry"],"_links":{"self":[{"href":"https:\/\/timepiecesbelgium.com\/it\/wp-json\/wp\/v2\/pages\/12268","targetHints":{"allow":["GET"]}}],"collection":[{"href":"https:\/\/timepiecesbelgium.com\/it\/wp-json\/wp\/v2\/pages"}],"about":[{"href":"https:\/\/timepiecesbelgium.com\/it\/wp-json\/wp\/v2\/types\/page"}],"author":[{"embeddable":true,"href":"https:\/\/timepiecesbelgium.com\/it\/wp-json\/wp\/v2\/users\/1"}],"replies":[{"embeddable":true,"href":"https:\/\/timepiecesbelgium.com\/it\/wp-json\/wp\/v2\/comments?post=12268"}],"version-history":[{"count":17,"href":"https:\/\/timepiecesbelgium.com\/it\/wp-json\/wp\/v2\/pages\/12268\/revisions"}],"predecessor-version":[{"id":27709,"href":"https:\/\/timepiecesbelgium.com\/it\/wp-json\/wp\/v2\/pages\/12268\/revisions\/27709"}],"wp:attachment":[{"href":"https:\/\/timepiecesbelgium.com\/it\/wp-json\/wp\/v2\/media?parent=12268"}],"curies":[{"name":"wp","href":"https:\/\/api.w.org\/{rel}","templated":true}]}}