{"id":26113,"date":"2025-11-21T14:59:05","date_gmt":"2025-11-21T13:59:05","guid":{"rendered":"https:\/\/timepiecesbelgium.com\/?post_type=product&#038;p=26113"},"modified":"2025-11-28T10:54:55","modified_gmt":"2025-11-28T09:54:55","slug":"cartier-panthere-1057917-4","status":"publish","type":"product","link":"https:\/\/timepiecesbelgium.com\/fr\/horloge\/cartier\/cartier-panthere-1057917-4\/","title":{"rendered":"Cartier Panth\u00e8re R\u00e9f. 1057917 Ann\u00e9e 2000 (Bo\u00eete)"},"content":{"rendered":"<h3>Cartier Panthere Basic Information<\/h3>\n<table>\n<tbody>\n<tr>\n<th>Marque :<\/th>\n<td>Cartier<\/td>\n<\/tr>\n<tr>\n<th>Mod\u00e8le<\/th>\n<td>Panth\u00e8re<\/td>\n<\/tr>\n<tr>\n<th>R\u00e9f\u00e9rence :<\/th>\n<td>1057917<\/td>\n<\/tr>\n<tr>\n<th>Accessoires :<\/th>\n<td>Bo\u00eete d'origine, pas de papiers d'origine<\/td>\n<\/tr>\n<tr>\n<th>Sexe:<\/th>\n<td>Femmes<\/td>\n<\/tr>\n<tr>\n<th>Calibre :<\/th>\n<td>Quartz<\/td>\n<\/tr>\n<tr>\n<th>Mat\u00e9riau Bo\u00eetier :<\/th>\n<td>Acier\/Or<\/td>\n<\/tr>\n<tr>\n<th>Mat\u00e9riau Bracelet :<\/th>\n<td>Acier\/Or<\/td>\n<\/tr>\n<tr>\n<th>Ann\u00e9e :<\/th>\n<td>2000s<\/td>\n<\/tr>\n<tr>\n<th>\u00c9tat :<\/th>\n<td>Tr\u00e8s Bon<\/td>\n<\/tr>\n<tr>\n<th>Diam\u00e8tre du Bo\u00eetier :<\/th>\n<td>22 mm<\/td>\n<\/tr>\n<\/tbody>\n<\/table>\n<p>&nbsp;<\/p>","protected":false},"excerpt":{"rendered":"<div>Cartier Panthere 1057917 from the 2000s in excellent condition including the original Cartier box.<\/div>\n<div><\/div>\n<div><\/div>\n<div id=\"jq-dealer-default-notes\" class=\"m-t-4\" data-ajax-src=\"\/search\/detail.htm?dealerDefaultNotes=&amp;htmlize=1&amp;id=23815744&amp;t=1652963800530\">Toutes nos montres ont \u00e9t\u00e9 minutieusement contr\u00f4l\u00e9es par notre propre horloger et r\u00e9vis\u00e9es si n\u00e9cessaire.<\/div>","protected":false},"featured_media":26096,"template":"","meta":{"_joinchat":[]},"product_brand":[],"product_cat":[132,245],"product_tag":[426,413,392,327,148,190,30,191,34],"class_list":{"0":"post-26113","1":"product","2":"type-product","3":"status-publish","4":"has-post-thumbnail","6":"product_cat-cartier","7":"product_cat-panthere","8":"product_tag-426","9":"product_tag-2000s","10":"product_tag-22mm","11":"product_tag-box","12":"product_tag-cartier","13":"product_tag-dames","14":"product_tag-gold","15":"product_tag-panthere","16":"product_tag-steel","18":"first","19":"outofstock","20":"featured","21":"shipping-taxable","22":"purchasable","23":"product-type-simple"},"_links":{"self":[{"href":"https:\/\/timepiecesbelgium.com\/fr\/wp-json\/wp\/v2\/product\/26113","targetHints":{"allow":["GET"]}}],"collection":[{"href":"https:\/\/timepiecesbelgium.com\/fr\/wp-json\/wp\/v2\/product"}],"about":[{"href":"https:\/\/timepiecesbelgium.com\/fr\/wp-json\/wp\/v2\/types\/product"}],"wp:featuredmedia":[{"embeddable":true,"href":"https:\/\/timepiecesbelgium.com\/fr\/wp-json\/wp\/v2\/media\/26096"}],"wp:attachment":[{"href":"https:\/\/timepiecesbelgium.com\/fr\/wp-json\/wp\/v2\/media?parent=26113"}],"wp:term":[{"taxonomy":"product_brand","embeddable":true,"href":"https:\/\/timepiecesbelgium.com\/fr\/wp-json\/wp\/v2\/product_brand?post=26113"},{"taxonomy":"product_cat","embeddable":true,"href":"https:\/\/timepiecesbelgium.com\/fr\/wp-json\/wp\/v2\/product_cat?post=26113"},{"taxonomy":"product_tag","embeddable":true,"href":"https:\/\/timepiecesbelgium.com\/fr\/wp-json\/wp\/v2\/product_tag?post=26113"}],"curies":[{"name":"wp","href":"https:\/\/api.w.org\/{rel}","templated":true}]}}