{"id":25840,"date":"2025-11-08T12:23:33","date_gmt":"2025-11-08T11:23:33","guid":{"rendered":"https:\/\/timepiecesbelgium.com\/?post_type=product&#038;p=25840"},"modified":"2025-12-13T23:23:19","modified_gmt":"2025-12-13T22:23:19","slug":"rolex-yacht-master-16622-2","status":"publish","type":"product","link":"https:\/\/timepiecesbelgium.com\/fr\/horloge\/rolex\/rolex-yacht-master-16622-2\/","title":{"rendered":"Rolex Yacht-Master Ref. 16622 Year 2001 (Box)"},"content":{"rendered":"<h3>Informations de base<\/h3>\n<table>\n<tbody>\n<tr>\n<th>Marque :<\/th>\n<td>Rolex<\/td>\n<\/tr>\n<tr>\n<th>Mod\u00e8le<\/th>\n<td>Yacht-Master<\/td>\n<\/tr>\n<tr>\n<th>R\u00e9f\u00e9rence :<\/th>\n<td>16622<\/td>\n<\/tr>\n<tr>\n<th>Accessoires :<\/th>\n<td>Bo\u00eete d'origine, pas de papiers d'origine<\/td>\n<\/tr>\n<tr>\n<th>Sexe:<\/th>\n<td>Hommes<\/td>\n<\/tr>\n<tr>\n<th>Calibre :<\/th>\n<td>Automatique<\/td>\n<\/tr>\n<tr>\n<th>Mat\u00e9riau Bo\u00eetier :<\/th>\n<td>Acier<\/td>\n<\/tr>\n<tr>\n<th>Mat\u00e9riau Bracelet :<\/th>\n<td>Acier<\/td>\n<\/tr>\n<tr>\n<th>Ann\u00e9e :<\/th>\n<td>2001<\/td>\n<\/tr>\n<tr>\n<th>\u00c9tat :<\/th>\n<td>Tr\u00e8s Bon<\/td>\n<\/tr>\n<tr>\n<th>Diam\u00e8tre du Bo\u00eetier :<\/th>\n<td>40 mm<\/td>\n<\/tr>\n<\/tbody>\n<\/table>","protected":false},"excerpt":{"rendered":"<div>Rolex Yacht-Master Ref. 16622 from 2001 in excellent condition, including the original box.<\/div>\n<div><\/div>\n<div id=\"jq-dealer-default-notes\" class=\"m-t-4\" data-ajax-src=\"\/search\/detail.htm?dealerDefaultNotes=&amp;htmlize=1&amp;id=23815744&amp;t=1652963800530\">Toutes nos montres ont \u00e9t\u00e9 minutieusement contr\u00f4l\u00e9es par notre propre horloger et r\u00e9vis\u00e9es si n\u00e9cessaire.<\/div>","protected":false},"featured_media":25832,"template":"","meta":{"_joinchat":[]},"product_brand":[],"product_cat":[22,399],"product_tag":[497,40,32,327,98,189,27,34,390],"class_list":{"0":"post-25840","1":"product","2":"type-product","3":"status-publish","4":"has-post-thumbnail","6":"product_cat-rolex","7":"product_cat-yacht-master","8":"product_tag-497","9":"product_tag-40","10":"product_tag-40mm","11":"product_tag-box","12":"product_tag-grey-dial","13":"product_tag-heren","14":"product_tag-rolex","15":"product_tag-steel","16":"product_tag-yacht-master","18":"first","19":"outofstock","20":"featured","21":"shipping-taxable","22":"purchasable","23":"product-type-simple"},"_links":{"self":[{"href":"https:\/\/timepiecesbelgium.com\/fr\/wp-json\/wp\/v2\/product\/25840","targetHints":{"allow":["GET"]}}],"collection":[{"href":"https:\/\/timepiecesbelgium.com\/fr\/wp-json\/wp\/v2\/product"}],"about":[{"href":"https:\/\/timepiecesbelgium.com\/fr\/wp-json\/wp\/v2\/types\/product"}],"wp:featuredmedia":[{"embeddable":true,"href":"https:\/\/timepiecesbelgium.com\/fr\/wp-json\/wp\/v2\/media\/25832"}],"wp:attachment":[{"href":"https:\/\/timepiecesbelgium.com\/fr\/wp-json\/wp\/v2\/media?parent=25840"}],"wp:term":[{"taxonomy":"product_brand","embeddable":true,"href":"https:\/\/timepiecesbelgium.com\/fr\/wp-json\/wp\/v2\/product_brand?post=25840"},{"taxonomy":"product_cat","embeddable":true,"href":"https:\/\/timepiecesbelgium.com\/fr\/wp-json\/wp\/v2\/product_cat?post=25840"},{"taxonomy":"product_tag","embeddable":true,"href":"https:\/\/timepiecesbelgium.com\/fr\/wp-json\/wp\/v2\/product_tag?post=25840"}],"curies":[{"name":"wp","href":"https:\/\/api.w.org\/{rel}","templated":true}]}}