{"id":255,"date":"2022-10-22T19:35:10","date_gmt":"2022-10-22T17:35:10","guid":{"rendered":"https:\/\/www.timepiecesbelgium.be\/?post_type=product&#038;p=255"},"modified":"2024-10-03T23:19:33","modified_gmt":"2024-10-03T21:19:33","slug":"rolex-datejust-ref-16014-1979-watch-only","status":"publish","type":"product","link":"https:\/\/timepiecesbelgium.com\/fr\/horloge\/rolex\/rolex-datejust-ref-16014-1979-watch-only\/","title":{"rendered":"Rolex Datejust Ref. 16014 1979 (Montre seule)"},"content":{"rendered":"<h3>Informations de base<\/h3>\n<table>\n<tbody>\n<tr>\n<th>Marque:<\/th>\n<td>Rolex<\/td>\n<\/tr>\n<tr>\n<th>Mod\u00e8le<\/th>\n<td>Datejust<\/td>\n<\/tr>\n<tr>\n<th>R\u00e9f\u00e9rence:<\/th>\n<td>16014<\/td>\n<\/tr>\n<tr>\n<th>Accessoires:<\/th>\n<td>Pas de bo\u00eete d'origine, pas de papiers d'origine<\/td>\n<\/tr>\n<tr>\n<th>Sexe:<\/th>\n<td>Montre pour homme\/Unisexe<\/td>\n<\/tr>\n<tr>\n<th>Mouvement:<\/th>\n<td>Automatique<\/td>\n<\/tr>\n<tr>\n<th>Mat\u00e9riau du bo\u00eetier:<\/th>\n<td>Acier<\/td>\n<\/tr>\n<tr>\n<th>Mat\u00e9riau du bracelet:<\/th>\n<td>Cuir<\/td>\n<\/tr>\n<tr>\n<th>Ann\u00e9e:<\/th>\n<td>1979<\/td>\n<\/tr>\n<tr>\n<th>Condition:<\/th>\n<td>Tr\u00e8s bien<\/td>\n<\/tr>\n<tr>\n<th>Diam\u00e8tre du bo\u00eetier:<\/th>\n<td>36mm<\/td>\n<\/tr>\n<\/tbody>\n<\/table>","protected":false},"excerpt":{"rendered":"<div>Rolex Datejust 36mm ref. 16014 en excellent \u00e9tat. Cette montre vient d'\u00eatre r\u00e9vis\u00e9e.<\/div>\n<div><\/div>\n<div><\/div>\n<div id=\"jq-dealer-default-notes\" class=\"m-t-4\" data-ajax-src=\"\/search\/detail.htm?dealerDefaultNotes=&amp;htmlize=1&amp;id=23815744&amp;t=1652963800530\">Toutes nos montres ont \u00e9t\u00e9 minutieusement contr\u00f4l\u00e9es par notre propre horloger et r\u00e9vis\u00e9es si n\u00e9cessaire.<\/div>","protected":false},"featured_media":493,"template":"","meta":{"_joinchat":[]},"product_brand":[],"product_cat":[22],"product_tag":[90,39,91,25,92,27,34],"class_list":{"0":"post-255","1":"product","2":"type-product","3":"status-publish","4":"has-post-thumbnail","6":"product_cat-rolex","7":"product_tag-90","8":"product_tag-39","9":"product_tag-black-dial","10":"product_tag-datejust","11":"product_tag-leather-band","12":"product_tag-rolex","13":"product_tag-steel","15":"first","16":"outofstock","17":"shipping-taxable","18":"purchasable","19":"product-type-simple"},"_links":{"self":[{"href":"https:\/\/timepiecesbelgium.com\/fr\/wp-json\/wp\/v2\/product\/255","targetHints":{"allow":["GET"]}}],"collection":[{"href":"https:\/\/timepiecesbelgium.com\/fr\/wp-json\/wp\/v2\/product"}],"about":[{"href":"https:\/\/timepiecesbelgium.com\/fr\/wp-json\/wp\/v2\/types\/product"}],"wp:featuredmedia":[{"embeddable":true,"href":"https:\/\/timepiecesbelgium.com\/fr\/wp-json\/wp\/v2\/media\/493"}],"wp:attachment":[{"href":"https:\/\/timepiecesbelgium.com\/fr\/wp-json\/wp\/v2\/media?parent=255"}],"wp:term":[{"taxonomy":"product_brand","embeddable":true,"href":"https:\/\/timepiecesbelgium.com\/fr\/wp-json\/wp\/v2\/product_brand?post=255"},{"taxonomy":"product_cat","embeddable":true,"href":"https:\/\/timepiecesbelgium.com\/fr\/wp-json\/wp\/v2\/product_cat?post=255"},{"taxonomy":"product_tag","embeddable":true,"href":"https:\/\/timepiecesbelgium.com\/fr\/wp-json\/wp\/v2\/product_tag?post=255"}],"curies":[{"name":"wp","href":"https:\/\/api.w.org\/{rel}","templated":true}]}}