{"id":25010,"date":"2025-08-19T21:15:28","date_gmt":"2025-08-19T19:15:28","guid":{"rendered":"https:\/\/timepiecesbelgium.com\/?post_type=product&#038;p=25010"},"modified":"2025-12-19T16:25:36","modified_gmt":"2025-12-19T15:25:36","slug":"rolex-gmt-master-126711chnr","status":"publish","type":"product","link":"https:\/\/timepiecesbelgium.com\/fr\/horloge\/rolex\/gmt-master-2\/rolex-gmt-master-126711chnr\/","title":{"rendered":"Rolex GMT-Master II Ref. 126711CHNR Year 2020 (Full Set)"},"content":{"rendered":"<h3>Informations de base<\/h3>\n<table>\n<tbody>\n<tr>\n<th>Marque :<\/th>\n<td>Rolex<\/td>\n<\/tr>\n<tr>\n<th>Mod\u00e8le<\/th>\n<td>GMT-Master II<\/td>\n<\/tr>\n<tr>\n<th>R\u00e9f\u00e9rence :<\/th>\n<td>126711CHNR<\/td>\n<\/tr>\n<tr>\n<th>Accessoires :<\/th>\n<td>Bo\u00eete d'origine, papiers d'origine<\/td>\n<\/tr>\n<tr>\n<th>Sexe:<\/th>\n<td>Hommes<\/td>\n<\/tr>\n<tr>\n<th>Calibre :<\/th>\n<td>Automatique<\/td>\n<\/tr>\n<tr>\n<th>Mat\u00e9riau Bo\u00eetier :<\/th>\n<td>Acier\/Or<\/td>\n<\/tr>\n<tr>\n<th>Mat\u00e9riau Bracelet :<\/th>\n<td>Acier\/Or<\/td>\n<\/tr>\n<tr>\n<th>Ann\u00e9e :<\/th>\n<td>2020<\/td>\n<\/tr>\n<tr>\n<th>\u00c9tat :<\/th>\n<td>Tr\u00e8s Bon<\/td>\n<\/tr>\n<tr>\n<th>Diam\u00e8tre du Bo\u00eetier :<\/th>\n<td>40 mm<\/td>\n<\/tr>\n<\/tbody>\n<\/table>","protected":false},"excerpt":{"rendered":"<p>Rolex GMT-Master II 126711CHNR from 2020 in a like new condition, comes complete with the full set.<\/p>\n<p>Toutes nos montres ont \u00e9t\u00e9 minutieusement contr\u00f4l\u00e9es par notre propre horloger et r\u00e9vis\u00e9es si n\u00e9cessaire.<\/p>","protected":false},"featured_media":24996,"template":"","meta":{"_joinchat":[]},"product_brand":[],"product_cat":[238,22],"product_tag":[512,348,32,214,109,189,27,470],"class_list":{"0":"post-25010","1":"product","2":"type-product","3":"status-publish","4":"has-post-thumbnail","6":"product_cat-gmt-master-2","7":"product_cat-rolex","8":"product_tag-126711chnr","9":"product_tag-348","10":"product_tag-40mm","11":"product_tag-box-and-papers","12":"product_tag-gmt-master-ii","13":"product_tag-heren","14":"product_tag-rolex","15":"product_tag-rootbeer","17":"first","18":"outofstock","19":"shipping-taxable","20":"purchasable","21":"product-type-simple"},"_links":{"self":[{"href":"https:\/\/timepiecesbelgium.com\/fr\/wp-json\/wp\/v2\/product\/25010","targetHints":{"allow":["GET"]}}],"collection":[{"href":"https:\/\/timepiecesbelgium.com\/fr\/wp-json\/wp\/v2\/product"}],"about":[{"href":"https:\/\/timepiecesbelgium.com\/fr\/wp-json\/wp\/v2\/types\/product"}],"wp:featuredmedia":[{"embeddable":true,"href":"https:\/\/timepiecesbelgium.com\/fr\/wp-json\/wp\/v2\/media\/24996"}],"wp:attachment":[{"href":"https:\/\/timepiecesbelgium.com\/fr\/wp-json\/wp\/v2\/media?parent=25010"}],"wp:term":[{"taxonomy":"product_brand","embeddable":true,"href":"https:\/\/timepiecesbelgium.com\/fr\/wp-json\/wp\/v2\/product_brand?post=25010"},{"taxonomy":"product_cat","embeddable":true,"href":"https:\/\/timepiecesbelgium.com\/fr\/wp-json\/wp\/v2\/product_cat?post=25010"},{"taxonomy":"product_tag","embeddable":true,"href":"https:\/\/timepiecesbelgium.com\/fr\/wp-json\/wp\/v2\/product_tag?post=25010"}],"curies":[{"name":"wp","href":"https:\/\/api.w.org\/{rel}","templated":true}]}}