{"id":22887,"date":"2024-11-07T10:12:00","date_gmt":"2024-11-07T09:12:00","guid":{"rendered":"https:\/\/timepiecesbelgium.com\/?post_type=product&#038;p=22887"},"modified":"2024-11-09T13:30:57","modified_gmt":"2024-11-09T12:30:57","slug":"rolex-lady-datejust-69173-24","status":"publish","type":"product","link":"https:\/\/timepiecesbelgium.com\/fr\/horloge\/rolex\/rolex-lady-datejust-69173-24\/","title":{"rendered":"Rolex Lady-Datejust R\u00e9f. 69173 Ann\u00e9e 1988 (Set complet)"},"content":{"rendered":"<h3>Informations de base<\/h3>\n<table>\n<tbody>\n<tr>\n<th>Marque :<\/th>\n<td>Rolex<\/td>\n<\/tr>\n<tr>\n<th>Mod\u00e8le<\/th>\n<td>Datejust<\/td>\n<\/tr>\n<tr>\n<th>R\u00e9f\u00e9rence :<\/th>\n<td>69173<\/td>\n<\/tr>\n<tr>\n<th>Accessoires :<\/th>\n<td>Bo\u00eete d'origine, papiers d'origine<\/td>\n<\/tr>\n<tr>\n<th>Sexe:<\/th>\n<td>Femmes<\/td>\n<\/tr>\n<tr>\n<th>Calibre :<\/th>\n<td>Automatique<\/td>\n<\/tr>\n<tr>\n<th>Mat\u00e9riau Bo\u00eetier :<\/th>\n<td>Acier\/Or<\/td>\n<\/tr>\n<tr>\n<th>Mat\u00e9riau Bracelet :<\/th>\n<td>Acier\/Or<\/td>\n<\/tr>\n<tr>\n<th>Ann\u00e9e :<\/th>\n<td>1988<\/td>\n<\/tr>\n<tr>\n<th>\u00c9tat :<\/th>\n<td>Tr\u00e8s Bon<\/td>\n<\/tr>\n<tr>\n<th>Diam\u00e8tre du Bo\u00eetier :<\/th>\n<td>26 mm<\/td>\n<\/tr>\n<\/tbody>\n<\/table>","protected":false},"excerpt":{"rendered":"<div>Ensemble complet Rolex Lady-Datejust R\u00e9f. 69173 avec le magnifique et rare cadran en diamant champagne de 1988 en excellent \u00e9tat.<\/div>\n<div><\/div>\n<div id=\"jq-dealer-default-notes\" class=\"m-t-4\" data-ajax-src=\"\/search\/detail.htm?dealerDefaultNotes=&amp;htmlize=1&amp;id=23815744&amp;t=1652963800530\">Toutes nos montres ont \u00e9t\u00e9 minutieusement contr\u00f4l\u00e9es par notre propre horloger et r\u00e9vis\u00e9es si n\u00e9cessaire.<\/div>","protected":false},"featured_media":22893,"template":"","meta":{"_joinchat":[]},"product_brand":[],"product_cat":[22,377,234],"product_tag":[294,281,280,312,190,25,26,30,27,34],"class_list":{"0":"post-22887","1":"product","2":"type-product","3":"status-publish","4":"has-post-thumbnail","6":"product_cat-rolex","7":"product_cat-26mm","8":"product_cat-datejust","9":"product_tag-294","10":"product_tag-26mm","11":"product_tag-280","12":"product_tag-champagne-diamond-dial","13":"product_tag-dames","14":"product_tag-datejust","15":"product_tag-full-set","16":"product_tag-gold","17":"product_tag-rolex","18":"product_tag-steel","20":"first","21":"outofstock","22":"featured","23":"shipping-taxable","24":"purchasable","25":"product-type-simple"},"_links":{"self":[{"href":"https:\/\/timepiecesbelgium.com\/fr\/wp-json\/wp\/v2\/product\/22887","targetHints":{"allow":["GET"]}}],"collection":[{"href":"https:\/\/timepiecesbelgium.com\/fr\/wp-json\/wp\/v2\/product"}],"about":[{"href":"https:\/\/timepiecesbelgium.com\/fr\/wp-json\/wp\/v2\/types\/product"}],"wp:featuredmedia":[{"embeddable":true,"href":"https:\/\/timepiecesbelgium.com\/fr\/wp-json\/wp\/v2\/media\/22893"}],"wp:attachment":[{"href":"https:\/\/timepiecesbelgium.com\/fr\/wp-json\/wp\/v2\/media?parent=22887"}],"wp:term":[{"taxonomy":"product_brand","embeddable":true,"href":"https:\/\/timepiecesbelgium.com\/fr\/wp-json\/wp\/v2\/product_brand?post=22887"},{"taxonomy":"product_cat","embeddable":true,"href":"https:\/\/timepiecesbelgium.com\/fr\/wp-json\/wp\/v2\/product_cat?post=22887"},{"taxonomy":"product_tag","embeddable":true,"href":"https:\/\/timepiecesbelgium.com\/fr\/wp-json\/wp\/v2\/product_tag?post=22887"}],"curies":[{"name":"wp","href":"https:\/\/api.w.org\/{rel}","templated":true}]}}