{"id":22449,"date":"2024-08-15T17:19:33","date_gmt":"2024-08-15T15:19:33","guid":{"rendered":"https:\/\/timepiecesbelgium.com\/?post_type=product&#038;p=22449"},"modified":"2024-10-30T11:27:35","modified_gmt":"2024-10-30T10:27:35","slug":"rolex-datejust-1601-15","status":"publish","type":"product","link":"https:\/\/timepiecesbelgium.com\/fr\/horloge\/rolex\/datejust\/36mm\/rolex-datejust-1601-15\/","title":{"rendered":"Rolex Datejust R\u00e9f. 1601 Ann\u00e9e 1963 (Bo\u00eete)"},"content":{"rendered":"<h3>Informations de base<\/h3>\n<table>\n<tbody>\n<tr>\n<th>Marque :<\/th>\n<td>Rolex<\/td>\n<\/tr>\n<tr>\n<th>Mod\u00e8le<\/th>\n<td>Datejust<\/td>\n<\/tr>\n<tr>\n<th>R\u00e9f\u00e9rence :<\/th>\n<td>1601<\/td>\n<\/tr>\n<tr>\n<th>Accessoires :<\/th>\n<td>Bo\u00eete d'origine, pas de papiers d'origine<\/td>\n<\/tr>\n<tr>\n<th>Sexe:<\/th>\n<td>Hommes\/Unisexe<\/td>\n<\/tr>\n<tr>\n<th>Calibre :<\/th>\n<td>Automatique<\/td>\n<\/tr>\n<tr>\n<th>Mat\u00e9riau Bo\u00eetier :<\/th>\n<td>Acier\/Or<\/td>\n<\/tr>\n<tr>\n<th>Mat\u00e9riau Bracelet :<\/th>\n<td>Acier<\/td>\n<\/tr>\n<tr>\n<th>Ann\u00e9e :<\/th>\n<td>1963<\/td>\n<\/tr>\n<tr>\n<th>\u00c9tat :<\/th>\n<td>Tr\u00e8s Bon<\/td>\n<\/tr>\n<tr>\n<th>Diam\u00e8tre du Bo\u00eetier<\/th>\n<td>36mm<\/td>\n<\/tr>\n<\/tbody>\n<\/table>","protected":false},"excerpt":{"rendered":"<div>Rolex Datejust 36mm ref. 1601 de 1963 avec le cadran argent\u00e9 en excellent \u00e9tat.<\/div>\n<div><\/div>\n<div id=\"jq-dealer-default-notes\" class=\"m-t-4\" data-ajax-src=\"\/search\/detail.htm?dealerDefaultNotes=&amp;htmlize=1&amp;id=23815744&amp;t=1652963800530\">Toutes nos montres ont \u00e9t\u00e9 minutieusement contr\u00f4l\u00e9es par notre propre horloger et r\u00e9vis\u00e9es si n\u00e9cessaire.<\/div>","protected":false},"featured_media":22461,"template":"","meta":{"_joinchat":[]},"product_brand":[],"product_cat":[379,234,22],"product_tag":[38,402,39,327,190,25,30,189,27,105,34],"class_list":{"0":"post-22449","1":"product","2":"type-product","3":"status-publish","4":"has-post-thumbnail","6":"product_cat-36mm","7":"product_cat-datejust","8":"product_cat-rolex","9":"product_tag-38","10":"product_tag-402","11":"product_tag-39","12":"product_tag-box","13":"product_tag-dames","14":"product_tag-datejust","15":"product_tag-gold","16":"product_tag-heren","17":"product_tag-rolex","18":"product_tag-silver-dial","19":"product_tag-steel","21":"first","22":"outofstock","23":"shipping-taxable","24":"purchasable","25":"product-type-simple"},"_links":{"self":[{"href":"https:\/\/timepiecesbelgium.com\/fr\/wp-json\/wp\/v2\/product\/22449","targetHints":{"allow":["GET"]}}],"collection":[{"href":"https:\/\/timepiecesbelgium.com\/fr\/wp-json\/wp\/v2\/product"}],"about":[{"href":"https:\/\/timepiecesbelgium.com\/fr\/wp-json\/wp\/v2\/types\/product"}],"wp:featuredmedia":[{"embeddable":true,"href":"https:\/\/timepiecesbelgium.com\/fr\/wp-json\/wp\/v2\/media\/22461"}],"wp:attachment":[{"href":"https:\/\/timepiecesbelgium.com\/fr\/wp-json\/wp\/v2\/media?parent=22449"}],"wp:term":[{"taxonomy":"product_brand","embeddable":true,"href":"https:\/\/timepiecesbelgium.com\/fr\/wp-json\/wp\/v2\/product_brand?post=22449"},{"taxonomy":"product_cat","embeddable":true,"href":"https:\/\/timepiecesbelgium.com\/fr\/wp-json\/wp\/v2\/product_cat?post=22449"},{"taxonomy":"product_tag","embeddable":true,"href":"https:\/\/timepiecesbelgium.com\/fr\/wp-json\/wp\/v2\/product_tag?post=22449"}],"curies":[{"name":"wp","href":"https:\/\/api.w.org\/{rel}","templated":true}]}}