{"id":19453,"date":"2024-02-26T15:25:27","date_gmt":"2024-02-26T14:25:27","guid":{"rendered":"http:\/\/timepiecesbelgium.com\/?post_type=product&#038;p=19453"},"modified":"2024-10-03T23:14:22","modified_gmt":"2024-10-03T21:14:22","slug":"rolex-oyster-perpetual-124300","status":"publish","type":"product","link":"https:\/\/timepiecesbelgium.com\/fr\/horloge\/rolex\/rolex-oyster-perpetual-124300\/","title":{"rendered":"Rolex Oyster Perpetual 124300 Ann\u00e9e 2024 (NOUVEAU)"},"content":{"rendered":"<h3>Informations de base<\/h3>\n<table>\n<tbody>\n<tr>\n<th>Marque :<\/th>\n<td>Rolex<\/td>\n<\/tr>\n<tr>\n<th>Mod\u00e8le<\/th>\n<td>Oyster Perpetual<\/td>\n<\/tr>\n<tr>\n<th>R\u00e9f\u00e9rence :<\/th>\n<td>124300<\/td>\n<\/tr>\n<tr>\n<th>Accessoires :<\/th>\n<td>Bo\u00eete d'origine, papiers d'origine<\/td>\n<\/tr>\n<tr>\n<th>Sexe:<\/th>\n<td>Hommes<\/td>\n<\/tr>\n<tr>\n<th>Calibre :<\/th>\n<td>Automatique<\/td>\n<\/tr>\n<tr>\n<th>Mat\u00e9riau Bo\u00eetier :<\/th>\n<td>Acier<\/td>\n<\/tr>\n<tr>\n<th>Mat\u00e9riau Bracelet :<\/th>\n<td>Acier<\/td>\n<\/tr>\n<tr>\n<th>Ann\u00e9e :<\/th>\n<td>2024<\/td>\n<\/tr>\n<tr>\n<th>\u00c9tat :<\/th>\n<td>NEUF\/Non Port\u00e9<\/td>\n<\/tr>\n<tr>\n<th>Diam\u00e8tre du Bo\u00eetier :<\/th>\n<td>41mm<\/td>\n<\/tr>\n<\/tbody>\n<\/table>","protected":false},"excerpt":{"rendered":"<p>Nouvelle Rolex Oyster Perpetual Ref. 124300 avec le cadran bleu.<\/p>\n<p>Toutes nos montres ont \u00e9t\u00e9 minutieusement contr\u00f4l\u00e9es par notre propre horloger et r\u00e9vis\u00e9es si n\u00e9cessaire.<br \/>\nC'est pourquoi nos montres sont vendues avec une garantie d'un an \u00e0 compter de la date d'achat.<\/p>","protected":false},"featured_media":19461,"template":"","meta":{"_joinchat":[]},"product_brand":[],"product_cat":[22,233],"product_tag":[338,336,89,26,189,103,87,27,34],"class_list":{"0":"post-19453","1":"product","2":"type-product","3":"status-publish","4":"has-post-thumbnail","6":"product_cat-rolex","7":"product_cat-oyster-perpetual","8":"product_tag-338","9":"product_tag-336","10":"product_tag-blue-dial","11":"product_tag-full-set","12":"product_tag-heren","13":"product_tag-new","14":"product_tag-oyster-perpetual","15":"product_tag-rolex","16":"product_tag-steel","18":"first","19":"outofstock","20":"shipping-taxable","21":"purchasable","22":"product-type-simple"},"_links":{"self":[{"href":"https:\/\/timepiecesbelgium.com\/fr\/wp-json\/wp\/v2\/product\/19453","targetHints":{"allow":["GET"]}}],"collection":[{"href":"https:\/\/timepiecesbelgium.com\/fr\/wp-json\/wp\/v2\/product"}],"about":[{"href":"https:\/\/timepiecesbelgium.com\/fr\/wp-json\/wp\/v2\/types\/product"}],"wp:featuredmedia":[{"embeddable":true,"href":"https:\/\/timepiecesbelgium.com\/fr\/wp-json\/wp\/v2\/media\/19461"}],"wp:attachment":[{"href":"https:\/\/timepiecesbelgium.com\/fr\/wp-json\/wp\/v2\/media?parent=19453"}],"wp:term":[{"taxonomy":"product_brand","embeddable":true,"href":"https:\/\/timepiecesbelgium.com\/fr\/wp-json\/wp\/v2\/product_brand?post=19453"},{"taxonomy":"product_cat","embeddable":true,"href":"https:\/\/timepiecesbelgium.com\/fr\/wp-json\/wp\/v2\/product_cat?post=19453"},{"taxonomy":"product_tag","embeddable":true,"href":"https:\/\/timepiecesbelgium.com\/fr\/wp-json\/wp\/v2\/product_tag?post=19453"}],"curies":[{"name":"wp","href":"https:\/\/api.w.org\/{rel}","templated":true}]}}