{"id":19183,"date":"2024-02-19T16:54:02","date_gmt":"2024-02-19T15:54:02","guid":{"rendered":"http:\/\/timepiecesbelgium.com\/?post_type=product&#038;p=19183"},"modified":"2024-10-03T23:14:22","modified_gmt":"2024-10-03T21:14:22","slug":"rolex-gmt-master-ii-batgirl-126710blnr-2","status":"publish","type":"product","link":"https:\/\/timepiecesbelgium.com\/fr\/horloge\/rolex\/gmt-master-2\/batman\/rolex-gmt-master-ii-batgirl-126710blnr-2\/","title":{"rendered":"Rolex GMT-Master II 'Batgirl' 126710BLNR Year 2024 NEW (Full Set)"},"content":{"rendered":"<h3>Informations de base<\/h3>\n<table>\n<tbody>\n<tr>\n<th>Marque:<\/th>\n<td>Rolex<\/td>\n<\/tr>\n<tr>\n<th>Mod\u00e8le<\/th>\n<td>GMT-Master II \"Batgirl<\/td>\n<\/tr>\n<tr>\n<th>R\u00e9f\u00e9rence:<\/th>\n<td>126710BLNR<\/td>\n<\/tr>\n<tr>\n<th>Accessoires:<\/th>\n<td>Bo\u00eete d'origine, papiers d'origine<\/td>\n<\/tr>\n<tr>\n<th>Sexe:<\/th>\n<td>Montre pour homme\/Unisexe<\/td>\n<\/tr>\n<tr>\n<th>Mouvement:<\/th>\n<td>Automatique<\/td>\n<\/tr>\n<tr>\n<th>Mat\u00e9riau du bo\u00eetier:<\/th>\n<td>Acier<\/td>\n<\/tr>\n<tr>\n<th>Mat\u00e9riau du bracelet:<\/th>\n<td>Acier<\/td>\n<\/tr>\n<tr>\n<th>Ann\u00e9e:<\/th>\n<td>2024<\/td>\n<\/tr>\n<tr>\n<th>Condition:<\/th>\n<td>NOUVEAU<\/td>\n<\/tr>\n<tr>\n<th>Diam\u00e8tre du bo\u00eetier:<\/th>\n<td>40 mm<\/td>\n<\/tr>\n<\/tbody>\n<\/table>","protected":false},"excerpt":{"rendered":"<p>Nouvelle Rolex GMT-Master II 'Batgirl' 40mm Ref. 126710BLRO de 2024 partiellement stick\u00e9e.<\/p>\n<p>Toutes nos montres ont \u00e9t\u00e9 minutieusement contr\u00f4l\u00e9es par notre propre horloger et r\u00e9vis\u00e9es si n\u00e9cessaire.<br \/>\nC'est pourquoi nos montres sont vendues avec une garantie d'un an \u00e0 compter de la date d'achat.<\/p>","protected":false},"featured_media":19190,"template":"","meta":{"_joinchat":[]},"product_brand":[],"product_cat":[259,238,22],"product_tag":[297,336,32,300,26,109,189,103,27],"class_list":{"0":"post-19183","1":"product","2":"type-product","3":"status-publish","4":"has-post-thumbnail","6":"product_cat-batman","7":"product_cat-gmt-master-2","8":"product_cat-rolex","9":"product_tag-126710blnr","10":"product_tag-336","11":"product_tag-40mm","12":"product_tag-batgirl","13":"product_tag-full-set","14":"product_tag-gmt-master-ii","15":"product_tag-heren","16":"product_tag-new","17":"product_tag-rolex","19":"first","20":"outofstock","21":"shipping-taxable","22":"purchasable","23":"product-type-simple"},"_links":{"self":[{"href":"https:\/\/timepiecesbelgium.com\/fr\/wp-json\/wp\/v2\/product\/19183","targetHints":{"allow":["GET"]}}],"collection":[{"href":"https:\/\/timepiecesbelgium.com\/fr\/wp-json\/wp\/v2\/product"}],"about":[{"href":"https:\/\/timepiecesbelgium.com\/fr\/wp-json\/wp\/v2\/types\/product"}],"wp:featuredmedia":[{"embeddable":true,"href":"https:\/\/timepiecesbelgium.com\/fr\/wp-json\/wp\/v2\/media\/19190"}],"wp:attachment":[{"href":"https:\/\/timepiecesbelgium.com\/fr\/wp-json\/wp\/v2\/media?parent=19183"}],"wp:term":[{"taxonomy":"product_brand","embeddable":true,"href":"https:\/\/timepiecesbelgium.com\/fr\/wp-json\/wp\/v2\/product_brand?post=19183"},{"taxonomy":"product_cat","embeddable":true,"href":"https:\/\/timepiecesbelgium.com\/fr\/wp-json\/wp\/v2\/product_cat?post=19183"},{"taxonomy":"product_tag","embeddable":true,"href":"https:\/\/timepiecesbelgium.com\/fr\/wp-json\/wp\/v2\/product_tag?post=19183"}],"curies":[{"name":"wp","href":"https:\/\/api.w.org\/{rel}","templated":true}]}}