{"id":16348,"date":"2023-04-25T11:15:08","date_gmt":"2023-04-25T09:15:08","guid":{"rendered":"http:\/\/timepiecesbelgium.com\/?post_type=product&#038;p=16348"},"modified":"2024-10-03T23:14:25","modified_gmt":"2024-10-03T21:14:25","slug":"omega-speedmaster-reduced-3510-5","status":"publish","type":"product","link":"https:\/\/timepiecesbelgium.com\/fr\/horloge\/omega\/omega-speedmaster-reduced-3510-5\/","title":{"rendered":"Omega Speedmaster Reduced 3510.50 1998 (Full set)"},"content":{"rendered":"<h3>Informations de base<\/h3>\n<table>\n<tbody>\n<tr>\n<th>Marque:<\/th>\n<td>Omega<\/td>\n<\/tr>\n<tr>\n<th>Mod\u00e8le<\/th>\n<td>Speedmaster<\/td>\n<\/tr>\n<tr>\n<th>R\u00e9f\u00e9rence:<\/th>\n<td>3510.50<\/td>\n<\/tr>\n<tr>\n<th>Accessoires:<\/th>\n<td>Bo\u00eete d'origine, papiers d'origine<\/td>\n<\/tr>\n<tr>\n<th>Sexe:<\/th>\n<td>Les hommes<\/td>\n<\/tr>\n<tr>\n<th>Mouvement:<\/th>\n<td>Automatique<\/td>\n<\/tr>\n<tr>\n<th>Mat\u00e9riau du bo\u00eetier:<\/th>\n<td>Acier<\/td>\n<\/tr>\n<tr>\n<th>Mat\u00e9riau du bracelet:<\/th>\n<td>Acier<\/td>\n<\/tr>\n<tr>\n<th>Ann\u00e9e:<\/th>\n<td>1998<\/td>\n<\/tr>\n<tr>\n<th>Condition:<\/th>\n<td>Tr\u00e8s bon (Us\u00e9 avec peu ou pas de signes d'usure)<\/td>\n<\/tr>\n<tr>\n<th>Diam\u00e8tre du bo\u00eetier:<\/th>\n<td>39mm<\/td>\n<\/tr>\n<\/tbody>\n<\/table>","protected":false},"excerpt":{"rendered":"<p>Omega Speedmaster R\u00e9duite 3510.50 de 1998 Ensemble complet en \u00e9tat Mint.<\/p>\n<p>Toutes nos montres ont \u00e9t\u00e9 minutieusement contr\u00f4l\u00e9es par notre propre horloger et r\u00e9vis\u00e9es si n\u00e9cessaire.<br \/>\nC'est pourquoi nos montres sont vendues avec une garantie d'un an \u00e0 compter de la date d'achat.<\/p>","protected":false},"featured_media":16346,"template":"","meta":{"_joinchat":[]},"product_brand":[],"product_cat":[21],"product_tag":[212,169,26,189,43,44],"class_list":{"0":"post-16348","1":"product","2":"type-product","3":"status-publish","4":"has-post-thumbnail","6":"product_cat-omega","7":"product_tag-212","8":"product_tag-3510-50","9":"product_tag-full-set","10":"product_tag-heren","11":"product_tag-omega","12":"product_tag-speedmaster","14":"first","15":"outofstock","16":"shipping-taxable","17":"purchasable","18":"product-type-simple"},"_links":{"self":[{"href":"https:\/\/timepiecesbelgium.com\/fr\/wp-json\/wp\/v2\/product\/16348","targetHints":{"allow":["GET"]}}],"collection":[{"href":"https:\/\/timepiecesbelgium.com\/fr\/wp-json\/wp\/v2\/product"}],"about":[{"href":"https:\/\/timepiecesbelgium.com\/fr\/wp-json\/wp\/v2\/types\/product"}],"wp:featuredmedia":[{"embeddable":true,"href":"https:\/\/timepiecesbelgium.com\/fr\/wp-json\/wp\/v2\/media\/16346"}],"wp:attachment":[{"href":"https:\/\/timepiecesbelgium.com\/fr\/wp-json\/wp\/v2\/media?parent=16348"}],"wp:term":[{"taxonomy":"product_brand","embeddable":true,"href":"https:\/\/timepiecesbelgium.com\/fr\/wp-json\/wp\/v2\/product_brand?post=16348"},{"taxonomy":"product_cat","embeddable":true,"href":"https:\/\/timepiecesbelgium.com\/fr\/wp-json\/wp\/v2\/product_cat?post=16348"},{"taxonomy":"product_tag","embeddable":true,"href":"https:\/\/timepiecesbelgium.com\/fr\/wp-json\/wp\/v2\/product_tag?post=16348"}],"curies":[{"name":"wp","href":"https:\/\/api.w.org\/{rel}","templated":true}]}}