{"id":16313,"date":"2023-04-21T12:20:14","date_gmt":"2023-04-21T10:20:14","guid":{"rendered":"http:\/\/timepiecesbelgium.com\/?post_type=product&#038;p=16313"},"modified":"2024-10-03T23:14:25","modified_gmt":"2024-10-03T21:14:25","slug":"cartier-tank-vermeil-2","status":"publish","type":"product","link":"https:\/\/timepiecesbelgium.com\/fr\/horloge\/cartier\/cartier-tank-vermeil-2\/","title":{"rendered":"Cartier Tank Vermeil 1990 (Montre uniquement)"},"content":{"rendered":"<h3>Informations de base<\/h3>\n<table>\n<tbody>\n<tr>\n<th>Marque:<\/th>\n<td>Cartier<\/td>\n<\/tr>\n<tr>\n<th>Mod\u00e8le<\/th>\n<td>Tank<\/td>\n<\/tr>\n<tr>\n<th>R\u00e9f\u00e9rence:<\/th>\n<td>Vermeil<\/td>\n<\/tr>\n<tr>\n<th>Accessoires:<\/th>\n<td>Pas de bo\u00eete d'origine, pas de papiers d'origine<\/td>\n<\/tr>\n<tr>\n<th>Sexe:<\/th>\n<td>Montre pour femmes<\/td>\n<\/tr>\n<tr>\n<th>Mouvement:<\/th>\n<td>Automatique<\/td>\n<\/tr>\n<tr>\n<th>Mat\u00e9riau du bo\u00eetier:<\/th>\n<td>L'or<\/td>\n<\/tr>\n<tr>\n<th>Mat\u00e9riau du bracelet:<\/th>\n<td>Cuir<\/td>\n<\/tr>\n<tr>\n<th>Ann\u00e9e:<\/th>\n<td>1990<\/td>\n<\/tr>\n<tr>\n<th>Condition:<\/th>\n<td>Tr\u00e8s bien<\/td>\n<\/tr>\n<tr>\n<th>Diam\u00e8tre du bo\u00eetier:<\/th>\n<td>21mm<\/td>\n<\/tr>\n<\/tbody>\n<\/table>","protected":false},"excerpt":{"rendered":"<div>Cartier Tank Vermeil avec un magnifique cadran bourgogne en excellent \u00e9tat.<\/div>\n<div><\/div>\n<div><\/div>\n<div id=\"jq-dealer-default-notes\" class=\"m-t-4\" data-ajax-src=\"\/search\/detail.htm?dealerDefaultNotes=&amp;htmlize=1&amp;id=23815744&amp;t=1652963800530\">Toutes nos montres ont \u00e9t\u00e9 minutieusement contr\u00f4l\u00e9es par notre propre horloger et r\u00e9vis\u00e9es si n\u00e9cessaire.<\/div>","protected":false},"featured_media":16319,"template":"","meta":{"_joinchat":[]},"product_brand":[],"product_cat":[132,243],"product_tag":[211,209,148,190,30,174,185,46],"class_list":{"0":"post-16313","1":"product","2":"type-product","3":"status-publish","4":"has-post-thumbnail","6":"product_cat-cartier","7":"product_cat-tank","8":"product_tag-21mm","9":"product_tag-burgundy-dial","10":"product_tag-cartier","11":"product_tag-dames","12":"product_tag-gold","13":"product_tag-tank","14":"product_tag-vermeil","15":"product_tag-watch-only","17":"first","18":"outofstock","19":"featured","20":"shipping-taxable","21":"purchasable","22":"product-type-simple"},"_links":{"self":[{"href":"https:\/\/timepiecesbelgium.com\/fr\/wp-json\/wp\/v2\/product\/16313","targetHints":{"allow":["GET"]}}],"collection":[{"href":"https:\/\/timepiecesbelgium.com\/fr\/wp-json\/wp\/v2\/product"}],"about":[{"href":"https:\/\/timepiecesbelgium.com\/fr\/wp-json\/wp\/v2\/types\/product"}],"wp:featuredmedia":[{"embeddable":true,"href":"https:\/\/timepiecesbelgium.com\/fr\/wp-json\/wp\/v2\/media\/16319"}],"wp:attachment":[{"href":"https:\/\/timepiecesbelgium.com\/fr\/wp-json\/wp\/v2\/media?parent=16313"}],"wp:term":[{"taxonomy":"product_brand","embeddable":true,"href":"https:\/\/timepiecesbelgium.com\/fr\/wp-json\/wp\/v2\/product_brand?post=16313"},{"taxonomy":"product_cat","embeddable":true,"href":"https:\/\/timepiecesbelgium.com\/fr\/wp-json\/wp\/v2\/product_cat?post=16313"},{"taxonomy":"product_tag","embeddable":true,"href":"https:\/\/timepiecesbelgium.com\/fr\/wp-json\/wp\/v2\/product_tag?post=16313"}],"curies":[{"name":"wp","href":"https:\/\/api.w.org\/{rel}","templated":true}]}}