{"id":42,"date":"2022-10-22T15:34:57","date_gmt":"2022-10-22T14:34:57","guid":{"rendered":"https:\/\/www.timepiecesbelgium.be\/?page_id=42"},"modified":"2025-04-15T10:00:04","modified_gmt":"2025-04-15T08:00:04","slug":"horloge-aanvragen","status":"publish","type":"page","link":"https:\/\/timepiecesbelgium.com\/fr\/horloge-aanvragen\/","title":{"rendered":"Rechercher une montre"},"content":{"rendered":"<div data-elementor-type=\"wp-page\" data-elementor-id=\"42\" class=\"elementor elementor-42\" data-elementor-post-type=\"page\">\n\t\t\t\t\t\t<section class=\"elementor-section elementor-top-section elementor-element elementor-element-02a4e8a elementor-section-height-min-height elementor-section-boxed elementor-section-height-default elementor-section-items-middle\" data-id=\"02a4e8a\" data-element_type=\"section\" data-settings=\"{&quot;jet_parallax_layout_list&quot;:[],&quot;background_background&quot;:&quot;classic&quot;}\">\n\t\t\t\t\t\t\t<div class=\"elementor-background-overlay\"><\/div>\n\t\t\t\t\t\t\t<div class=\"elementor-container elementor-column-gap-default\">\n\t\t\t\t\t<div class=\"elementor-column elementor-col-100 elementor-top-column elementor-element elementor-element-36488eb\" data-id=\"36488eb\" data-element_type=\"column\">\n\t\t\t<div class=\"elementor-widget-wrap elementor-element-populated\">\n\t\t\t\t\t\t<div class=\"elementor-element elementor-element-845ccb7 elementor-widget elementor-widget-heading\" data-id=\"845ccb7\" data-element_type=\"widget\" data-widget_type=\"heading.default\">\n\t\t\t\t<div class=\"elementor-widget-container\">\n\t\t\t\t\t<h1 class=\"elementor-heading-title elementor-size-default\">Rechercher une montre<\/h1>\t\t\t\t<\/div>\n\t\t\t\t<\/div>\n\t\t\t\t\t<\/div>\n\t\t<\/div>\n\t\t\t\t\t<\/div>\n\t\t<\/section>\n\t\t\t\t<section class=\"elementor-section elementor-top-section elementor-element elementor-element-2185ebf elementor-section-boxed elementor-section-height-default elementor-section-height-default\" data-id=\"2185ebf\" data-element_type=\"section\" data-settings=\"{&quot;jet_parallax_layout_list&quot;:[],&quot;background_background&quot;:&quot;classic&quot;}\">\n\t\t\t\t\t\t<div class=\"elementor-container elementor-column-gap-default\">\n\t\t\t\t\t<div class=\"elementor-column elementor-col-100 elementor-top-column elementor-element elementor-element-0602ec8\" data-id=\"0602ec8\" data-element_type=\"column\">\n\t\t\t<div class=\"elementor-widget-wrap elementor-element-populated\">\n\t\t\t\t\t\t<div class=\"elementor-element elementor-element-68d9c35 elementor-widget elementor-widget-heading\" data-id=\"68d9c35\" data-element_type=\"widget\" data-widget_type=\"heading.default\">\n\t\t\t\t<div class=\"elementor-widget-container\">\n\t\t\t\t\t<h2 class=\"elementor-heading-title elementor-size-default\">Vous cherchez une montre?<\/h2>\t\t\t\t<\/div>\n\t\t\t\t<\/div>\n\t\t\t\t<div class=\"elementor-element elementor-element-103195e elementor-widget elementor-widget-text-editor\" data-id=\"103195e\" data-element_type=\"widget\" data-widget_type=\"text-editor.default\">\n\t\t\t\t<div class=\"elementor-widget-container\">\n\t\t\t\t\t\t\t\t\t<p>Nous sommes sp\u00e9cialis\u00e9s dans les montres Rolex, Omega et Cartier et sommes donc \u00e9galement heureux de rechercher pour vous un mod\u00e8le ou une r\u00e9f\u00e9rence sp\u00e9cifique.<\/p>\n<p>Nous sommes experts en montres Rolex, Breitling, Omega, Cartier et Tudor et serons donc heureux de rechercher pour vous un mod\u00e8le ou une r\u00e9f\u00e9rence sp\u00e9cifique.<\/p>\n<p>N'h\u00e9sitez pas \u00e0 ajouter autant d'informations que possible, y compris l'occasion sp\u00e9ciale, l'ann\u00e9e ou le cadran, et \u00e0 fournir des photos si possible, afin que nous puissions vous aider \u00e0 trouver la correspondance parfaite.\nUne fois que nous aurons compris ce que vous recherchez, nous vous conseillerons sur une fourchette budg\u00e9taire r\u00e9aliste. D\u00e8s que nous aurons trouv\u00e9 la montre que vous avez demand\u00e9e, nous vous enverrons des photos et des d\u00e9tails par courriel pour que vous puissiez les examiner.<\/p>\n<p>Vous voulez acheter une montre de luxe tout de suite? Alors consultez notre <a href=\"http:\/\/timepiecesbelgium.com\/fr\/horloges\/\">collection de montres de luxe<\/a><\/p>\t\t\t\t\t\t\t\t<\/div>\n\t\t\t\t<\/div>\n\t\t\t\t<div class=\"elementor-element elementor-element-bddca25 elementor-widget elementor-widget-wpforms\" data-id=\"bddca25\" data-element_type=\"widget\" data-widget_type=\"wpforms.default\">\n\t\t\t\t<div class=\"elementor-widget-container\">\n\t\t\t\t\t<style id=\"wpforms-css-vars-elementor-widget-bddca25\">\n\t\t\t\t.elementor-widget-wpforms.elementor-element-bddca25 {\n\t\t\t\t--wpforms-field-border-radius: 10px;\n--wpforms-button-border-radius: 10px;\n--wpforms-button-background-color: #C49A6C;\n\t\t\t}\n\t\t\t<\/style><div class=\"wpforms-container wpforms-container-full wpforms-render-modern\" id=\"wpforms-24161\"><form id=\"wpforms-form-24161\" class=\"wpforms-validate wpforms-form wpforms-ajax-form\" data-formid=\"24161\" method=\"post\" enctype=\"multipart\/form-data\" action=\"\/fr\/wp-json\/wp\/v2\/pages\/42?wpforms_form_id=24161\" data-token=\"a59195afa7c1d44837092f204a9dcf29\" data-token-time=\"1775390490\" data-trp-original-action=\"\/fr\/wp-json\/wp\/v2\/pages\/42?wpforms_form_id=24161\"><noscript class=\"wpforms-error-noscript\">Veuillez activer JavaScript dans votre navigateur pour remplir ce formulaire.<\/noscript><div id=\"wpforms-error-noscript\" style=\"display: none;\">Veuillez activer JavaScript dans votre navigateur pour remplir ce formulaire.<\/div><div class=\"wpforms-field-container\"><div id=\"wpforms-24161-field_1-container\" class=\"wpforms-field wpforms-field-name\" data-field-id=\"1\"><fieldset><legend class=\"wpforms-field-label\">Name <span class=\"wpforms-required-label\" aria-hidden=\"true\">*<\/span><\/legend><div class=\"wpforms-field-row wpforms-field-large\"><div class=\"wpforms-field-row-block wpforms-first wpforms-one-half\"><input type=\"text\" id=\"wpforms-24161-field_1\" class=\"wpforms-field-name-first wpforms-field-required\" name=\"wpforms[fields][1][first]\" aria-errormessage=\"wpforms-24161-field_1-error\" required><label for=\"wpforms-24161-field_1\" class=\"wpforms-field-sublabel after\">Pr\u00e9nom<\/label><\/div><div class=\"wpforms-field-row-block wpforms-one-half\"><input type=\"text\" id=\"wpforms-24161-field_1-last\" class=\"wpforms-field-name-last wpforms-field-required\" name=\"wpforms[fields][1][last]\" aria-errormessage=\"wpforms-24161-field_1-last-error\" required><label for=\"wpforms-24161-field_1-last\" class=\"wpforms-field-sublabel after\">Nom<\/label><\/div><\/div><\/fieldset><\/div><div id=\"wpforms-24161-field_4-container\" class=\"wpforms-field wpforms-field-layout\" data-field-id=\"4\"><div class=\"wpforms-field-layout-rows wpforms-field-large\"><div class=\"wpforms-layout-row\"><div class=\"wpforms-layout-column wpforms-layout-column-50\"><div id=\"wpforms-24161-field_2-container\" class=\"wpforms-field wpforms-field-email\" data-field-id=\"2\"><label class=\"wpforms-field-label\" for=\"wpforms-24161-field_2\">E-mail <span class=\"wpforms-required-label\" aria-hidden=\"true\">*<\/span><\/label><input type=\"email\" id=\"wpforms-24161-field_2\" class=\"wpforms-field-medium wpforms-field-required\" name=\"wpforms[fields][2]\" spellcheck=\"false\" aria-errormessage=\"wpforms-24161-field_2-error\" required><\/div><\/div><div class=\"wpforms-layout-column wpforms-layout-column-50\"><div id=\"wpforms-24161-field_5-container\" class=\"wpforms-field wpforms-field-phone\" data-field-id=\"5\"><label class=\"wpforms-field-label\" for=\"wpforms-24161-field_5\">Phone <span class=\"wpforms-required-label\" aria-hidden=\"true\">*<\/span><\/label><input type=\"tel\" id=\"wpforms-24161-field_5\" class=\"wpforms-field-medium wpforms-field-required wpforms-smart-phone-field\" data-rule-smart-phone-field=\"true\" name=\"wpforms[fields][5]\" aria-label=\"Phone\" aria-errormessage=\"wpforms-24161-field_5-error\" required><\/div><\/div><\/div><\/div><\/div><div id=\"wpforms-24161-field_3-container\" class=\"wpforms-field wpforms-field-textarea\" data-field-id=\"3\"><label class=\"wpforms-field-label\" for=\"wpforms-24161-field_3\">Describe the watch you are searching for <span class=\"wpforms-required-label\" aria-hidden=\"true\">*<\/span><\/label><textarea id=\"wpforms-24161-field_3\" class=\"wpforms-field-medium wpforms-field-required\" name=\"wpforms[fields][3]\" aria-errormessage=\"wpforms-24161-field_3-error\" required><\/textarea><\/div><div id=\"wpforms-24161-field_6-container\" class=\"wpforms-field wpforms-field-layout\" data-field-id=\"6\"><div class=\"wpforms-field-layout-rows wpforms-field-large\"><div class=\"wpforms-layout-row\"><div class=\"wpforms-layout-column wpforms-layout-column-50\"><div id=\"wpforms-24161-field_7-container\" class=\"wpforms-field wpforms-field-select wpforms-field-select-style-classic\" data-field-id=\"7\"><label class=\"wpforms-field-label\" for=\"wpforms-24161-field_7\">Brand <span class=\"wpforms-required-label\" aria-hidden=\"true\">*<\/span><\/label><select id=\"wpforms-24161-field_7\" class=\"wpforms-field-medium wpforms-field-required\" name=\"wpforms[fields][7]\" required=\"required\"><option value=\"Audemars Piguet\"  class=\"choice-1 depth-1\"  >Audemars Piguet<\/option><option value=\"Breitling\"  class=\"choice-2 depth-1\"  >Breitling<\/option><option value=\"Cartier\"  class=\"choice-3 depth-1\"  >Cartier<\/option><option value=\"Omega\"  class=\"choice-4 depth-1\"  >Omega<\/option><option value=\"Patek Philippe\"  class=\"choice-7 depth-1\"  >Patek Philippe<\/option><option value=\"Piaget\"  class=\"choice-6 depth-1\"  >Piaget<\/option><option value=\"Rolex\"  class=\"choice-5 depth-1\"  >Rolex<\/option><option value=\"Tudor\"  class=\"choice-8 depth-1\"  >Tudor<\/option><\/select><\/div><\/div><div class=\"wpforms-layout-column wpforms-layout-column-50\"><div id=\"wpforms-24161-field_8-container\" class=\"wpforms-field wpforms-field-text\" data-field-id=\"8\"><label class=\"wpforms-field-label\" for=\"wpforms-24161-field_8\">Model\/Reference<\/label><input type=\"text\" id=\"wpforms-24161-field_8\" class=\"wpforms-field-medium\" name=\"wpforms[fields][8]\" aria-errormessage=\"wpforms-24161-field_8-error\" ><\/div><\/div><\/div><div class=\"wpforms-layout-row\"><div class=\"wpforms-layout-column wpforms-layout-column-50\"><div id=\"wpforms-24161-field_9-container\" class=\"wpforms-field wpforms-field-text\" data-field-id=\"9\"><label class=\"wpforms-field-label\" for=\"wpforms-24161-field_9\">Year<\/label><input type=\"text\" id=\"wpforms-24161-field_9\" class=\"wpforms-field-medium\" name=\"wpforms[fields][9]\" aria-errormessage=\"wpforms-24161-field_9-error\" ><\/div><\/div><div class=\"wpforms-layout-column wpforms-layout-column-50\"><div id=\"wpforms-24161-field_10-container\" class=\"wpforms-field wpforms-field-text\" data-field-id=\"10\"><label class=\"wpforms-field-label\" for=\"wpforms-24161-field_10\">Budget<\/label><input type=\"text\" id=\"wpforms-24161-field_10\" class=\"wpforms-field-medium\" name=\"wpforms[fields][10]\" aria-errormessage=\"wpforms-24161-field_10-error\" ><\/div><\/div><\/div><div class=\"wpforms-layout-row\"><div class=\"wpforms-layout-column wpforms-layout-column-50\"><div id=\"wpforms-24161-field_11-container\" class=\"wpforms-field wpforms-field-radio\" data-field-id=\"11\"><fieldset><legend class=\"wpforms-field-label\">Bo\u00eete<\/legend><ul id=\"wpforms-24161-field_11\"><li class=\"choice-1 depth-1\"><input type=\"radio\" id=\"wpforms-24161-field_11_1\" name=\"wpforms[fields][11]\" value=\"Yes\" aria-errormessage=\"wpforms-24161-field_11_1-error\"  ><label class=\"wpforms-field-label-inline\" for=\"wpforms-24161-field_11_1\">Yes<\/label><\/li><li class=\"choice-2 depth-1\"><input type=\"radio\" id=\"wpforms-24161-field_11_2\" name=\"wpforms[fields][11]\" value=\"No\" aria-errormessage=\"wpforms-24161-field_11_2-error\"  ><label class=\"wpforms-field-label-inline\" for=\"wpforms-24161-field_11_2\">No<\/label><\/li><li class=\"choice-3 depth-1\"><input type=\"radio\" id=\"wpforms-24161-field_11_3\" name=\"wpforms[fields][11]\" value=\"Both\" aria-errormessage=\"wpforms-24161-field_11_3-error\"  ><label class=\"wpforms-field-label-inline\" for=\"wpforms-24161-field_11_3\">Both<\/label><\/li><\/ul><\/fieldset><\/div><\/div><div class=\"wpforms-layout-column wpforms-layout-column-50\"><div id=\"wpforms-24161-field_12-container\" class=\"wpforms-field wpforms-field-radio\" data-field-id=\"12\"><fieldset><legend class=\"wpforms-field-label\">Papers<\/legend><ul id=\"wpforms-24161-field_12\"><li class=\"choice-1 depth-1\"><input type=\"radio\" id=\"wpforms-24161-field_12_1\" name=\"wpforms[fields][12]\" value=\"Yes\" aria-errormessage=\"wpforms-24161-field_12_1-error\"  ><label class=\"wpforms-field-label-inline\" for=\"wpforms-24161-field_12_1\">Yes<\/label><\/li><li class=\"choice-2 depth-1\"><input type=\"radio\" id=\"wpforms-24161-field_12_2\" name=\"wpforms[fields][12]\" value=\"No\" aria-errormessage=\"wpforms-24161-field_12_2-error\"  ><label class=\"wpforms-field-label-inline\" for=\"wpforms-24161-field_12_2\">No<\/label><\/li><li class=\"choice-3 depth-1\"><input type=\"radio\" id=\"wpforms-24161-field_12_3\" name=\"wpforms[fields][12]\" value=\"Both\" aria-errormessage=\"wpforms-24161-field_12_3-error\"  ><label class=\"wpforms-field-label-inline\" for=\"wpforms-24161-field_12_3\">Both<\/label><\/li><\/ul><\/fieldset><\/div><\/div><\/div><div class=\"wpforms-layout-row\"><div class=\"wpforms-layout-column wpforms-layout-column-50\"><div id=\"wpforms-24161-field_13-container\" class=\"wpforms-field wpforms-field-radio\" data-field-id=\"13\"><fieldset><legend class=\"wpforms-field-label\">Full set<\/legend><ul id=\"wpforms-24161-field_13\"><li class=\"choice-1 depth-1\"><input type=\"radio\" id=\"wpforms-24161-field_13_1\" name=\"wpforms[fields][13]\" value=\"Yes\" aria-errormessage=\"wpforms-24161-field_13_1-error\"  ><label class=\"wpforms-field-label-inline\" for=\"wpforms-24161-field_13_1\">Yes<\/label><\/li><li class=\"choice-2 depth-1\"><input type=\"radio\" id=\"wpforms-24161-field_13_2\" name=\"wpforms[fields][13]\" value=\"No\" aria-errormessage=\"wpforms-24161-field_13_2-error\"  ><label class=\"wpforms-field-label-inline\" for=\"wpforms-24161-field_13_2\">No<\/label><\/li><li class=\"choice-3 depth-1\"><input type=\"radio\" id=\"wpforms-24161-field_13_3\" name=\"wpforms[fields][13]\" value=\"Both\" aria-errormessage=\"wpforms-24161-field_13_3-error\"  ><label class=\"wpforms-field-label-inline\" for=\"wpforms-24161-field_13_3\">Both<\/label><\/li><\/ul><\/fieldset><\/div><\/div><div class=\"wpforms-layout-column wpforms-layout-column-50\"><\/div><\/div><\/div><\/div><div id=\"wpforms-24161-field_14-container\" class=\"wpforms-field wpforms-field-file-upload\" data-field-id=\"14\"><label class=\"wpforms-field-label\" for=\"wpforms-24161-field_14\">Images<\/label><div\n\t\tclass=\"wpforms-uploader\"\n\t\tdata-field-id=\"14\"\n\t\tdata-form-id=\"24161\"\n\t\tdata-input-name=\"wpforms_24161_14\"\n\t\tdata-extensions=\"jpg,jpeg,jpe,gif,png,bmp,tiff,tif,webp,avif,ico,heic,heif,heics,heifs,asf,asx,wmv,wmx,wm,avi,divx,mov,qt,mpeg,mpg,mpe,mp4,m4v,ogv,webm,mkv,3gp,3gpp,3g2,3gp2,txt,asc,c,cc,h,srt,csv,tsv,ics,rtx,css,vtt,mp3,m4a,m4b,aac,ra,ram,wav,x-wav,ogg,oga,flac,mid,midi,wma,wax,mka,rtf,pdf,class,tar,zip,gz,gzip,rar,7z,psd,xcf,doc,pot,pps,ppt,wri,xla,xls,xlt,xlw,mpp,docx,docm,dotx,dotm,xlsx,xlsm,xlsb,xltx,xltm,xlam,pptx,pptm,ppsx,ppsm,potx,potm,ppam,sldx,sldm,onetoc,onetoc2,onepkg,oxps,xps,odt,odp,ods,odg,odc,odb,odf,wp,wpd,key,numbers,pages,json,svg\"\n\t\tdata-max-size=\"25165824\"\n\t\tdata-max-file-number=\"10\"\n\t\tdata-post-max-size=\"12884901888\"\n\t\tdata-max-parallel-uploads=\"4\"\n\t\tdata-parallel-uploads=\"true\"\n\t\tdata-file-chunk-size=\"2097152\">\n\t<div class=\"dz-message\">\n\t\t<svg  viewbox=\"0 0 640 640\" focusable=\"false\" data-icon=\"inbox\" width=\"50px\" height=\"50px\" fill=\"currentColor\" aria-hidden=\"true\">\n\t\t\t<path d=\"M352 173.3L352 384C352 401.7 337.7 416 320 416C302.3 416 288 401.7 288 384L288 173.3L246.6 214.7C234.1 227.2 213.8 227.2 201.3 214.7C188.8 202.2 188.8 181.9 201.3 169.4L297.3 73.4C309.8 60.9 330.1 60.9 342.6 73.4L438.6 169.4C451.1 181.9 451.1 202.2 438.6 214.7C426.1 227.2 405.8 227.2 393.3 214.7L352 173.3zM320 464C364.2 464 400 428.2 400 384L480 384C515.3 384 544 412.7 544 448L544 480C544 515.3 515.3 544 480 544L160 544C124.7 544 96 515.3 96 480L96 448C96 412.7 124.7 384 160 384L240 384C240 428.2 275.8 464 320 464zM464 488C477.3 488 488 477.3 488 464C488 450.7 477.3 440 464 440C450.7 440 440 450.7 440 464C440 477.3 450.7 488 464 488z\"\/>\n\t\t<\/svg>\n\n\t\t<span class=\"modern-title\">\n\t\t\t\t\t\t\tDrag &amp; Drop Files, \t\t\t\t<span>Choose Files to Upload<\/span>\n\t\t\t\t\t<\/span>\n\n\t\t\t\t\t<span class=\"modern-hint\">Vous pouvez t\u00e9l\u00e9verser jusqu\u2019\u00e0 10 fichiers.<\/span>\n\t\t\t<\/div>\n<\/div>\n\n<input\n\t\ttype=\"text\"\n\t\tautocomplete=\"off\"\n\t\treadonly\n\t\tclass=\"dropzone-input\"\n\t\tstyle=\"position:absolute!important;clip:rect(0,0,0,0)!important;height:1px!important;width:1px!important;border:0!important;overflow:hidden!important;padding:0!important;margin:0!important;\"\n\t\tid=\"wpforms-24161-field_14\"\n\t\tname=\"wpforms_24161_14\" \t\tvalue=\"\">\n<\/div>\t\t<div id=\"wpforms-24161-field_16-container\"\n\t\t\tclass=\"wpforms-field wpforms-field-text\"\n\t\t\tdata-field-type=\"text\"\n\t\t\tdata-field-id=\"16\"\n\t\t\t>\n\t\t\t<label class=\"wpforms-field-label\" for=\"wpforms-24161-field_16\" >Layout searching Phone<\/label>\n\t\t\t<input type=\"text\" id=\"wpforms-24161-field_16\" class=\"wpforms-field-medium\" name=\"wpforms[fields][16]\" >\n\t\t<\/div>\n\t\t<div id=\"wpforms-24161-field_15-container\" class=\"wpforms-field wpforms-field-textarea\" data-field-id=\"15\"><label class=\"wpforms-field-label\" for=\"wpforms-24161-field_15\">Notes or additional information<\/label><textarea id=\"wpforms-24161-field_15\" class=\"wpforms-field-medium\" name=\"wpforms[fields][15]\" aria-errormessage=\"wpforms-24161-field_15-error\" ><\/textarea><\/div><script>\n\t\t\t\t( function() {\n\t\t\t\t\tconst style = document.createElement( 'style' );\n\t\t\t\t\tstyle.appendChild( document.createTextNode( '#wpforms-24161-field_16-container { position: absolute !important; overflow: hidden !important; display: inline !important; height: 1px !important; width: 1px !important; z-index: -1000 !important; padding: 0 !important; } #wpforms-24161-field_16-container input { visibility: hidden; } #wpforms-conversational-form-page #wpforms-24161-field_16-container label { counter-increment: none; }' ) );\n\t\t\t\t\tdocument.head.appendChild( style );\n\t\t\t\t\tdocument.currentScript?.remove();\n\t\t\t\t} )();\n\t\t\t<\/script><\/div><!-- .wpforms-field-container --><div class=\"wpforms-recaptcha-container wpforms-is-recaptcha wpforms-is-recaptcha-type-v3\" ><input type=\"hidden\" name=\"wpforms[recaptcha]\" value=\"\"><\/div><div class=\"wpforms-submit-container\" ><input type=\"hidden\" name=\"wpforms[id]\" value=\"24161\"><input type=\"hidden\" name=\"page_title\" value=\"\"><input type=\"hidden\" name=\"page_url\" value=\"https:\/\/timepiecesbelgium.com\/fr\/wp-json\/wp\/v2\/pages\/42\"><input type=\"hidden\" name=\"url_referer\" value=\"\"><button type=\"submit\" name=\"wpforms[submit]\" id=\"wpforms-submit-24161\" class=\"wpforms-submit\" data-alt-text=\"Sending\u2026\" data-submit-text=\"Submit\" aria-live=\"assertive\" value=\"wpforms-submit\">Submit<\/button><img decoding=\"async\" src=\"https:\/\/timepiecesbelgium.com\/wp-content\/plugins\/wpforms\/assets\/images\/submit-spin.svg\" class=\"wpforms-submit-spinner\" style=\"display: none;\" width=\"26\" height=\"26\" alt=\"Chargement en cours\"><\/div><input type=\"hidden\" id=\"ct_checkjs_wpforms_addfa9b7e234254d26e9c7f2af1005cb\" name=\"ct_checkjs_wpforms\" value=\"0\" \/><script>setTimeout(function(){var ct_input_name = \"ct_checkjs_wpforms_addfa9b7e234254d26e9c7f2af1005cb\";if (document.getElementById(ct_input_name) !== null) {var ct_input_value = document.getElementById(ct_input_name).value;document.getElementById(ct_input_name).value = document.getElementById(ct_input_name).value.replace(ct_input_value, '517694636954381ae01cac673d215d1f16071791756283910a71e98105ecfef6');}}, 1000);<\/script><input\n                    class=\"apbct_special_field apbct_email_id__wp_wpforms\"\n                    name=\"apbct__email_id__wp_wpforms\"\n                    aria-label=\"apbct__label_id__wp_wpforms\"\n                    type=\"text\" size=\"30\" maxlength=\"200\" autocomplete=\"off\"\n                    value=\"\"\n                \/><input type=\"hidden\" name=\"trp-form-language\" value=\"fr\"\/><\/form><\/div>  <!-- .wpforms-container -->\t\t\t\t<\/div>\n\t\t\t\t<\/div>\n\t\t\t\t\t<\/div>\n\t\t<\/div>\n\t\t\t\t\t<\/div>\n\t\t<\/section>\n\t\t\t\t<\/div>","protected":false},"excerpt":{"rendered":"<p>Demande de montre Vous cherchez une montre ? Nous sommes sp\u00e9cialis\u00e9s dans les montres Rolex, Omega et Cartier et nous recherchons volontiers pour vous un mod\u00e8le ou une r\u00e9f\u00e9rence sp\u00e9cifique. Lorsque vous nous adressez une demande de recherche, nous vous contactons pour discuter de vos besoins sp\u00e9cifiques. [...]<\/p>","protected":false},"author":1,"featured_media":0,"parent":0,"menu_order":0,"comment_status":"closed","ping_status":"closed","template":"","meta":{"_joinchat":[],"footnotes":""},"class_list":["post-42","page","type-page","status-publish","hentry"],"_links":{"self":[{"href":"https:\/\/timepiecesbelgium.com\/fr\/wp-json\/wp\/v2\/pages\/42","targetHints":{"allow":["GET"]}}],"collection":[{"href":"https:\/\/timepiecesbelgium.com\/fr\/wp-json\/wp\/v2\/pages"}],"about":[{"href":"https:\/\/timepiecesbelgium.com\/fr\/wp-json\/wp\/v2\/types\/page"}],"author":[{"embeddable":true,"href":"https:\/\/timepiecesbelgium.com\/fr\/wp-json\/wp\/v2\/users\/1"}],"replies":[{"embeddable":true,"href":"https:\/\/timepiecesbelgium.com\/fr\/wp-json\/wp\/v2\/comments?post=42"}],"version-history":[{"count":76,"href":"https:\/\/timepiecesbelgium.com\/fr\/wp-json\/wp\/v2\/pages\/42\/revisions"}],"predecessor-version":[{"id":24176,"href":"https:\/\/timepiecesbelgium.com\/fr\/wp-json\/wp\/v2\/pages\/42\/revisions\/24176"}],"wp:attachment":[{"href":"https:\/\/timepiecesbelgium.com\/fr\/wp-json\/wp\/v2\/media?parent=42"}],"curies":[{"name":"wp","href":"https:\/\/api.w.org\/{rel}","templated":true}]}}