{"id":12284,"date":"2022-10-26T15:56:50","date_gmt":"2022-10-26T13:56:50","guid":{"rendered":"https:\/\/www.timepiecesbelgium.be\/?page_id=12284"},"modified":"2022-11-26T10:03:31","modified_gmt":"2022-11-26T09:03:31","slug":"authenticity-guarantee","status":"publish","type":"page","link":"https:\/\/timepiecesbelgium.com\/fr\/authenticity-guarantee\/","title":{"rendered":"Garantie d'authenticit\u00e9"},"content":{"rendered":"<div data-elementor-type=\"wp-page\" data-elementor-id=\"12284\" class=\"elementor elementor-12284\" data-elementor-post-type=\"page\">\n\t\t\t\t\t\t<section class=\"elementor-section elementor-top-section elementor-element elementor-element-b8b716f elementor-section-boxed elementor-section-height-default elementor-section-height-default\" data-id=\"b8b716f\" data-element_type=\"section\" data-settings=\"{&quot;jet_parallax_layout_list&quot;:[]}\">\n\t\t\t\t\t\t<div class=\"elementor-container elementor-column-gap-default\">\n\t\t\t\t\t<div class=\"elementor-column elementor-col-100 elementor-top-column elementor-element elementor-element-ea44581\" data-id=\"ea44581\" data-element_type=\"column\">\n\t\t\t<div class=\"elementor-widget-wrap elementor-element-populated\">\n\t\t\t\t\t\t<div class=\"elementor-element elementor-element-72be747 elementor-widget elementor-widget-heading\" data-id=\"72be747\" data-element_type=\"widget\" data-widget_type=\"heading.default\">\n\t\t\t\t<div class=\"elementor-widget-container\">\n\t\t\t\t\t<h2 class=\"elementor-heading-title elementor-size-default\">Garantie d'authenticit\u00e9<\/h2>\t\t\t\t<\/div>\n\t\t\t\t<\/div>\n\t\t\t\t<div class=\"elementor-element elementor-element-7be2e3e elementor-widget elementor-widget-text-editor\" data-id=\"7be2e3e\" data-element_type=\"widget\" data-widget_type=\"text-editor.default\">\n\t\t\t\t<div class=\"elementor-widget-container\">\n\t\t\t\t\t\t\t\t\t<p><\/p>\n<p>Lorsque vous investissez dans une montre de luxe, l'authenticit\u00e9 est essentielle, c'est pourquoi nous offrons une garantie d'authenticit\u00e9. Nos experts inspectent chaque garde-temps, le cadran et le bo\u00eetier complet pour s'assurer qu'il est parfaitement authentique.<\/p>\n<p>Certaines pi\u00e8ces telles que les verres, les couronnes, les bracelets et les aiguilles peuvent \u00eatre remplac\u00e9es dans le cadre de l'entretien de la montre et ne font donc pas partie de la garantie d'authenticit\u00e9. Ces pi\u00e8ces sont n\u00e9anmoins contr\u00f4l\u00e9es par nos experts et, si n\u00e9cessaire, remplac\u00e9es pour garantir l'authenticit\u00e9 et l'int\u00e9grit\u00e9 de la montre. Dans ce cas, la montre est dans son \u00e9tat le plus original possible et nous pouvons donc donner une garantie d'authenticit\u00e9 totale.<\/p>\n<p><\/p>\t\t\t\t\t\t\t\t<\/div>\n\t\t\t\t<\/div>\n\t\t\t\t\t<\/div>\n\t\t<\/div>\n\t\t\t\t\t<\/div>\n\t\t<\/section>\n\t\t\t\t<\/div>","protected":false},"excerpt":{"rendered":"<p>Garantie d'authenticit\u00e9 Lorsqu'on investit dans une montre de luxe, l'authenticit\u00e9 est essentielle. C'est pourquoi nous offrons une garantie d'authenticit\u00e9. Nos experts inspectent chaque montre, le cadran et le bo\u00eetier complet pour s'assurer de son authenticit\u00e9. Certaines pi\u00e8ces telles que les verres, les couronnes, les bracelets et les aiguilles peuvent \u00eatre remplac\u00e9es pour assurer l'entretien de la montre [...].<\/p>","protected":false},"author":1,"featured_media":0,"parent":0,"menu_order":0,"comment_status":"closed","ping_status":"closed","template":"","meta":{"_joinchat":[],"footnotes":""},"class_list":["post-12284","page","type-page","status-publish","hentry"],"_links":{"self":[{"href":"https:\/\/timepiecesbelgium.com\/fr\/wp-json\/wp\/v2\/pages\/12284","targetHints":{"allow":["GET"]}}],"collection":[{"href":"https:\/\/timepiecesbelgium.com\/fr\/wp-json\/wp\/v2\/pages"}],"about":[{"href":"https:\/\/timepiecesbelgium.com\/fr\/wp-json\/wp\/v2\/types\/page"}],"author":[{"embeddable":true,"href":"https:\/\/timepiecesbelgium.com\/fr\/wp-json\/wp\/v2\/users\/1"}],"replies":[{"embeddable":true,"href":"https:\/\/timepiecesbelgium.com\/fr\/wp-json\/wp\/v2\/comments?post=12284"}],"version-history":[{"count":14,"href":"https:\/\/timepiecesbelgium.com\/fr\/wp-json\/wp\/v2\/pages\/12284\/revisions"}],"predecessor-version":[{"id":13970,"href":"https:\/\/timepiecesbelgium.com\/fr\/wp-json\/wp\/v2\/pages\/12284\/revisions\/13970"}],"wp:attachment":[{"href":"https:\/\/timepiecesbelgium.com\/fr\/wp-json\/wp\/v2\/media?parent=12284"}],"curies":[{"name":"wp","href":"https:\/\/api.w.org\/{rel}","templated":true}]}}