{"id":12273,"date":"2022-10-26T15:53:59","date_gmt":"2022-10-26T13:53:59","guid":{"rendered":"https:\/\/www.timepiecesbelgium.be\/?page_id=12273"},"modified":"2026-03-18T16:11:32","modified_gmt":"2026-03-18T15:11:32","slug":"shipping-delivery-information","status":"publish","type":"page","link":"https:\/\/timepiecesbelgium.com\/fr\/shipping-delivery-information\/","title":{"rendered":"Informations sur l'exp\u00e9dition et la livraison"},"content":{"rendered":"<div data-elementor-type=\"wp-page\" data-elementor-id=\"12273\" class=\"elementor elementor-12273\" data-elementor-post-type=\"page\">\n\t\t\t\t\t\t<section class=\"elementor-section elementor-top-section elementor-element elementor-element-746c935d elementor-section-boxed elementor-section-height-default elementor-section-height-default\" data-id=\"746c935d\" data-element_type=\"section\" data-settings=\"{&quot;jet_parallax_layout_list&quot;:[]}\">\n\t\t\t\t\t\t<div class=\"elementor-container elementor-column-gap-default\">\n\t\t\t\t\t<div class=\"elementor-column elementor-col-100 elementor-top-column elementor-element elementor-element-40c7ec3b\" data-id=\"40c7ec3b\" data-element_type=\"column\">\n\t\t\t<div class=\"elementor-widget-wrap elementor-element-populated\">\n\t\t\t\t\t\t<div class=\"elementor-element elementor-element-61c7d374 elementor-widget elementor-widget-text-editor\" data-id=\"61c7d374\" data-element_type=\"widget\" data-widget_type=\"text-editor.default\">\n\t\t\t\t<div class=\"elementor-widget-container\">\n\t\t\t\t\t\t\t\t\t<h1><strong>Informations sur l'exp\u00e9dition et la livraison<\/strong><\/h1>\n<p><!-- \/wp:heading --><!-- wp:paragraph --><\/p>\n<p>Savoir comment votre montre de luxe sera livr\u00e9e est une priorit\u00e9 absolue pour nos clients. Voici donc tout ce que vous devez savoir sur les informations relatives \u00e0 l'exp\u00e9dition et \u00e0 la livraison.<\/p>\n<p><!-- \/wp:paragraph --><!-- wp:paragraph --><\/p>\n<p>Toutes les montres que nous avons en stock seront envoy\u00e9es dans un d\u00e9lai d'un jour ouvrable, dans la mesure du possible, et apr\u00e8s r\u00e9ception de votre commande et v\u00e9rification du paiement par notre banque.<\/p>\n<p><!-- \/wp:paragraph --><!-- wp:paragraph --><\/p>\n<p>Les commandes sont envoy\u00e9es bien prot\u00e9g\u00e9es et, bien s\u00fbr, enti\u00e8rement assur\u00e9es.<\/p>\n<p><!-- \/wp:paragraph --><!-- wp:heading {\"level\":3} --><\/p>\n<h3><strong>D\u00e9lais de livraison<\/strong><\/h3>\n<p><!-- \/wp:heading --><!-- wp:paragraph --><\/p>\n<p>Chez Timepieces Belgium, toutes les montres en stock sont livr\u00e9es dans un d\u00e9lai de deux \u00e0 six jours ouvrables, sauf indication contraire.<\/p>\n<p><!-- \/wp:paragraph --><!-- wp:paragraph --><\/p>\n<p>Notre soci\u00e9t\u00e9 travaille avec des transporteurs tr\u00e8s r\u00e9put\u00e9s pour s'assurer que nos commandes arrivent le plus rapidement possible. Malheureusement, il peut arriver que l'exp\u00e9dition et la livraison soient retard\u00e9es, mais dans ce cas, nous tenons toujours nos clients inform\u00e9s.<\/p>\n<p><!-- \/wp:paragraph --><!-- wp:heading {\"level\":4} --><\/p>\n<h4><strong>Shipping\u00a0costs<\/strong><\/h4>\n<p><!-- \/wp:heading --><!-- wp:paragraph --><\/p>\n<p><strong><strong>Vous trouverez ci-dessous nos frais d'exp\u00e9dition :<\/strong><\/strong><\/p>\n<p><!-- \/wp:paragraph --><!-- wp:table {\"className\":\"is-style-stripes\"} --><\/p>\n<figure class=\"wp-block-table is-style-stripes\">\n<table>\n<tbody>\n<tr>\n<td>Les Pays-Bas<\/td>\n<td>GRATUIT<\/td>\n<\/tr>\n<tr>\n<td>Belgique<\/td>\n<td>GRATUIT<\/td>\n<\/tr>\n<tr>\n<td>Allemagne<\/td>\n<td>GRATUIT<\/td>\n<\/tr>\n<tr>\n<td>Union europ\u00e9enne<\/td>\n<td>\u20ac48.00<\/td>\n<\/tr>\n<tr>\n<td>Reste du monde<\/td>\n<td>\u20ac78.00<\/td>\n<\/tr>\n<\/tbody>\n<\/table>\n<\/figure>\n<p><!-- \/wp:table --><!-- wp:paragraph --><\/p>\n<p><strong>Frais sur mesure<\/strong><\/p>\n<p><!-- \/wp:paragraph --><!-- wp:paragraph --><\/p>\n<p>Notez que votre commande peut \u00eatre soumise \u00e0 des frais de douane et \u00e0 des droits d'importation dans le pays o\u00f9 elle est exp\u00e9di\u00e9e. Ces frais sont toujours \u00e0 la charge du client et ne sont pas inclus dans le prix de la commande. Si vous avez des questions concernant l'exp\u00e9dition dans votre pays, veuillez nous contacter \u00e0 l'adresse suivante <a href=\"mailto:info@timepiecesbelgium.com\">contact@timepiecesbelgium.com<\/a>.<\/p>\n<p><!-- \/wp:paragraph --><\/p>\t\t\t\t\t\t\t\t<\/div>\n\t\t\t\t<\/div>\n\t\t\t\t\t<\/div>\n\t\t<\/div>\n\t\t\t\t\t<\/div>\n\t\t<\/section>\n\t\t\t\t<\/div>","protected":false},"excerpt":{"rendered":"<p>Informations sur l'exp\u00e9dition et la livraison Savoir comment votre montre de luxe sera livr\u00e9e est une priorit\u00e9 absolue pour nos clients. Voici donc tout ce que vous devez savoir sur nos informations d'exp\u00e9dition et de livraison. Chaque montre que nous avons en stock sera envoy\u00e9e dans un d\u00e9lai d'un jour ouvrable, dans la mesure du possible, et apr\u00e8s r\u00e9ception de votre commande [...]<\/p>","protected":false},"author":1,"featured_media":0,"parent":0,"menu_order":0,"comment_status":"closed","ping_status":"closed","template":"","meta":{"_joinchat":[],"footnotes":""},"class_list":["post-12273","page","type-page","status-publish","hentry"],"_links":{"self":[{"href":"https:\/\/timepiecesbelgium.com\/fr\/wp-json\/wp\/v2\/pages\/12273","targetHints":{"allow":["GET"]}}],"collection":[{"href":"https:\/\/timepiecesbelgium.com\/fr\/wp-json\/wp\/v2\/pages"}],"about":[{"href":"https:\/\/timepiecesbelgium.com\/fr\/wp-json\/wp\/v2\/types\/page"}],"author":[{"embeddable":true,"href":"https:\/\/timepiecesbelgium.com\/fr\/wp-json\/wp\/v2\/users\/1"}],"replies":[{"embeddable":true,"href":"https:\/\/timepiecesbelgium.com\/fr\/wp-json\/wp\/v2\/comments?post=12273"}],"version-history":[{"count":12,"href":"https:\/\/timepiecesbelgium.com\/fr\/wp-json\/wp\/v2\/pages\/12273\/revisions"}],"predecessor-version":[{"id":27700,"href":"https:\/\/timepiecesbelgium.com\/fr\/wp-json\/wp\/v2\/pages\/12273\/revisions\/27700"}],"wp:attachment":[{"href":"https:\/\/timepiecesbelgium.com\/fr\/wp-json\/wp\/v2\/media?parent=12273"}],"curies":[{"name":"wp","href":"https:\/\/api.w.org\/{rel}","templated":true}]}}