{"id":12263,"date":"2022-10-26T15:49:51","date_gmt":"2022-10-26T13:49:51","guid":{"rendered":"https:\/\/www.timepiecesbelgium.be\/?page_id=12263"},"modified":"2026-03-18T16:12:16","modified_gmt":"2026-03-18T15:12:16","slug":"termsconditions","status":"publish","type":"page","link":"https:\/\/timepiecesbelgium.com\/fr\/termsconditions\/","title":{"rendered":"Conditions g\u00e9n\u00e9rales d'utilisation"},"content":{"rendered":"<div data-elementor-type=\"wp-page\" data-elementor-id=\"12263\" class=\"elementor elementor-12263\" data-elementor-post-type=\"page\">\n\t\t\t\t\t\t<section class=\"elementor-section elementor-top-section elementor-element elementor-element-19666e7 elementor-section-boxed elementor-section-height-default elementor-section-height-default\" data-id=\"19666e7\" data-element_type=\"section\" data-settings=\"{&quot;jet_parallax_layout_list&quot;:[]}\">\n\t\t\t\t\t\t<div class=\"elementor-container elementor-column-gap-default\">\n\t\t\t\t\t<div class=\"elementor-column elementor-col-100 elementor-top-column elementor-element elementor-element-f9562a8\" data-id=\"f9562a8\" data-element_type=\"column\">\n\t\t\t<div class=\"elementor-widget-wrap elementor-element-populated\">\n\t\t\t\t\t\t<div class=\"elementor-element elementor-element-13ef53b elementor-widget elementor-widget-heading\" data-id=\"13ef53b\" data-element_type=\"widget\" data-widget_type=\"heading.default\">\n\t\t\t\t<div class=\"elementor-widget-container\">\n\t\t\t\t\t<h2 class=\"elementor-heading-title elementor-size-default\">Conditions g\u00e9n\u00e9rales d'utilisation<\/h2>\t\t\t\t<\/div>\n\t\t\t\t<\/div>\n\t\t\t\t<div class=\"elementor-element elementor-element-93f2c92 elementor-widget elementor-widget-text-editor\" data-id=\"93f2c92\" data-element_type=\"widget\" data-widget_type=\"text-editor.default\">\n\t\t\t\t<div class=\"elementor-widget-container\">\n\t\t\t\t\t\t\t\t\t<p><strong>Veuillez lire l'ensemble de ces termes et conditions.<\/strong><\/p><p>Les pr\u00e9sentes conditions g\u00e9n\u00e9rales (\"accord\") d\u00e9finissent les conditions g\u00e9n\u00e9rales d'utilisation du site web de la\u00a0<a href=\"http:\/\/timepiecesbelgium.com\/fr\/\" target=\"_blank\" rel=\"noreferrer noopener\">timepiecesbelgium.com<\/a>\u00a0(\"Site web\" ou \"Service\") et tous les produits et services qui y sont li\u00e9s (collectivement, les \"Services\"). Le pr\u00e9sent contrat est juridiquement contraignant entre vous (\"Utilisateur\", \"vous\" ou \"votre\") et Timepieces Belgium (\"Timepieces Belgium\", \"nous\", \"notre\" ou \"nos\"). Si vous concluez le pr\u00e9sent contrat au nom d'une entreprise ou d'une autre entit\u00e9 juridique, vous d\u00e9clarez que vous avez le pouvoir de lier cette entit\u00e9 au pr\u00e9sent contrat, auquel cas les termes \"Utilisateur\", \"vous\" ou \"votre\" se r\u00e9f\u00e8rent \u00e0 cette entit\u00e9. Si vous n'avez pas cette autorit\u00e9 ou si vous n'\u00eates pas d'accord avec les termes de cet accord, vous ne devez pas accepter cet accord et ne pouvez pas acc\u00e9der et utiliser le site web et les services. En acc\u00e9dant au site web et aux services et en les utilisant, vous reconnaissez avoir lu, compris et accept\u00e9 d'\u00eatre li\u00e9 par les termes du pr\u00e9sent accord. Vous reconnaissez que le pr\u00e9sent contrat est un contrat entre vous et Timepieces Belgium, m\u00eame s'il est \u00e9lectronique et n'est pas physiquement sign\u00e9 par vous, et qu'il r\u00e9git votre utilisation du site web et des services.<\/p><h2><span style=\"font-weight: normal;\">Comptes et membres<\/span><\/h2><p>Si vous cr\u00e9ez un compte sur le site web, vous \u00eates responsable du maintien de la s\u00e9curit\u00e9 de votre compte et vous \u00eates enti\u00e8rement responsable de toutes les activit\u00e9s qui se d\u00e9roulent sous le compte et de toutes les autres mesures prises en relation avec celui-ci. Nous pouvons, mais n'avons aucune obligation de le faire, contr\u00f4ler et v\u00e9rifier les nouveaux comptes avant que vous ne puissiez vous connecter et commencer \u00e0 utiliser les services. La fourniture de fausses informations de contact, quelles qu'elles soient, peut entra\u00eener la r\u00e9siliation de votre compte. Vous devez nous informer imm\u00e9diatement de toute utilisation non autoris\u00e9e de votre compte ou de toute autre violation de la s\u00e9curit\u00e9. Nous ne serons pas responsables de vos actes ou omissions, y compris des dommages de toute nature r\u00e9sultant de ces actes ou omissions. Nous pouvons suspendre, d\u00e9sactiver ou supprimer votre compte (ou une partie de celui-ci) si nous d\u00e9terminons que vous avez viol\u00e9 une disposition du pr\u00e9sent accord ou que votre conduite ou votre contenu tend \u00e0 nuire \u00e0 notre r\u00e9putation et \u00e0 notre bonne volont\u00e9. Si nous supprimons votre compte pour les raisons susmentionn\u00e9es, vous ne pouvez pas vous r\u00e9inscrire \u00e0 nos services. Nous pouvons bloquer votre adresse \u00e9lectronique et votre adresse de protocole Internet afin d'emp\u00eacher toute nouvelle inscription.<\/p><h2><span style=\"font-weight: normal;\">Facturation et paiements<\/span><\/h2><p>Vous devez payer tous les frais ou charges port\u00e9s \u00e0 votre compte conform\u00e9ment aux frais, charges et conditions de facturation en vigueur au moment o\u00f9 les frais ou charges sont dus et payables. Les \u00e9changes de donn\u00e9es sensibles et priv\u00e9es se font par le biais d'un canal de communication s\u00e9curis\u00e9 SSL et sont crypt\u00e9s et prot\u00e9g\u00e9s par des signatures num\u00e9riques. Le site web et les services sont \u00e9galement conformes aux normes de vuln\u00e9rabilit\u00e9 PCI afin de cr\u00e9er un environnement aussi s\u00fbr que possible pour les utilisateurs. Des recherches de logiciels malveillants sont effectu\u00e9es r\u00e9guli\u00e8rement pour renforcer la s\u00e9curit\u00e9 et la protection. Si nous estimons que votre achat constitue une transaction \u00e0 haut risque, nous vous demanderons de nous fournir une copie de votre pi\u00e8ce d'identit\u00e9 valide avec photo \u00e9mise par le gouvernement, et \u00e9ventuellement une copie d'un relev\u00e9 bancaire r\u00e9cent de la carte de cr\u00e9dit ou de d\u00e9bit utilis\u00e9e pour l'achat. Nous nous r\u00e9servons le droit de modifier les produits et leurs prix \u00e0 tout moment. Nous nous r\u00e9servons \u00e9galement le droit de refuser toute commande que vous nous passez. Nous pouvons, \u00e0 notre seule discr\u00e9tion, limiter ou annuler les quantit\u00e9s achet\u00e9es par personne, par m\u00e9nage ou par commande. Ces restrictions peuvent concerner des commandes pass\u00e9es par ou sous le m\u00eame compte client, la m\u00eame carte de cr\u00e9dit, et\/ou des commandes utilisant la m\u00eame adresse de facturation et\/ou de livraison. En cas de modification ou d'annulation d'une commande, nous pouvons tenter de vous en informer en contactant l'adresse \u00e9lectronique et\/ou l'adresse de facturation\/le num\u00e9ro de t\u00e9l\u00e9phone fournis au moment de la commande.<\/p><h2><span style=\"font-weight: normal;\">Exactitude des informations<\/span><\/h2><p>Occasionnellement, le site web peut contenir des informations contenant des erreurs typographiques, des inexactitudes ou des omissions qui peuvent \u00eatre li\u00e9es \u00e0 des promotions et \u00e0 des offres. Nous nous r\u00e9servons le droit de corriger toute erreur, inexactitude ou omission, et de modifier ou de mettre \u00e0 jour les informations ou d'annuler les commandes si des informations sur le site web ou les services sont inexactes, \u00e0 tout moment et sans pr\u00e9avis (y compris apr\u00e8s que vous avez soumis votre commande). Nous ne sommes pas tenus de mettre \u00e0 jour, de modifier ou de clarifier les informations figurant sur le site web, y compris, mais sans s'y limiter, les informations relatives aux prix, sauf si la loi l'exige. Aucune date de mise \u00e0 jour ou d'actualisation sp\u00e9cifi\u00e9e sur le site web ne doit \u00eatre consid\u00e9r\u00e9e comme indiquant que toutes les informations figurant sur le site web ou les services ont \u00e9t\u00e9 modifi\u00e9es ou mises \u00e0 jour.<\/p><h2><span style=\"font-weight: normal;\">Changements et modifications<\/span><\/h2><p>Nous nous r\u00e9servons le droit de modifier le pr\u00e9sent accord ou les conditions relatives au site web et aux services \u00e0 tout moment et \u00e0 notre discr\u00e9tion. Le cas \u00e9ch\u00e9ant, nous indiquerons la date de mise \u00e0 jour au bas de cette page. Nous pouvons \u00e9galement vous informer par d'autres moyens, \u00e0 notre discr\u00e9tion, tels que les coordonn\u00e9es que vous nous avez fournies.<\/p><p>Une version mise \u00e0 jour du pr\u00e9sent accord entrera en vigueur imm\u00e9diatement apr\u00e8s la publication de l'accord r\u00e9vis\u00e9, sauf indication contraire. En continuant \u00e0 utiliser le site web et les services apr\u00e8s la date d'entr\u00e9e en vigueur de l'accord r\u00e9vis\u00e9 (ou tout autre acte sp\u00e9cifi\u00e9 \u00e0 ce moment-l\u00e0), vous consentez \u00e0 ces modifications.<\/p><h2><span style=\"font-weight: normal;\">Acceptation de ces conditions<\/span><\/h2><p>Vous reconnaissez avoir lu le pr\u00e9sent accord et en accepter tous les termes et conditions. En acc\u00e9dant au site web et aux services et en les utilisant, vous acceptez d'\u00eatre li\u00e9 par le pr\u00e9sent accord. Si vous n'acceptez pas de respecter les termes du pr\u00e9sent accord, vous n'\u00eates pas autoris\u00e9 \u00e0 acc\u00e9der au site web et aux services ou \u00e0 les utiliser.<\/p><h2><span style=\"font-weight: normal;\">Nous contacter<\/span><\/h2><p>Si vous avez des questions, des pr\u00e9occupations ou des plaintes concernant le pr\u00e9sent accord, nous vous encourageons \u00e0 nous contacter en utilisant les coordonn\u00e9es ci-dessous :<\/p><p>contact@timepiecesbelgium.com<\/p><p>Ce document a \u00e9t\u00e9 mis \u00e0 jour pour la derni\u00e8re fois le 9 mars 2022.<\/p>\t\t\t\t\t\t\t\t<\/div>\n\t\t\t\t<\/div>\n\t\t\t\t\t<\/div>\n\t\t<\/div>\n\t\t\t\t\t<\/div>\n\t\t<\/section>\n\t\t\t\t<\/div>","protected":false},"excerpt":{"rendered":"<p>Algemene Voorwaarden Please read all these terms and conditions. These terms and conditions (\u201cAgreement\u201d) set forth the general terms and conditions of your use of the\u00a0timepiecesbelgium.com\u00a0website (\u201cWebsite\u201d or \u201cService\u201d) and any of its related products and services (collectively, \u201cServices\u201d). This Agreement is legally binding between you (\u201cUser\u201d, \u201cyou\u201d or \u201cyour\u201d) and Timepieces Belgium (\u201cTimepieces Belgium\u201d, [&hellip;]<\/p>","protected":false},"author":1,"featured_media":0,"parent":0,"menu_order":0,"comment_status":"closed","ping_status":"closed","template":"","meta":{"_joinchat":[],"footnotes":""},"class_list":["post-12263","page","type-page","status-publish","hentry"],"_links":{"self":[{"href":"https:\/\/timepiecesbelgium.com\/fr\/wp-json\/wp\/v2\/pages\/12263","targetHints":{"allow":["GET"]}}],"collection":[{"href":"https:\/\/timepiecesbelgium.com\/fr\/wp-json\/wp\/v2\/pages"}],"about":[{"href":"https:\/\/timepiecesbelgium.com\/fr\/wp-json\/wp\/v2\/types\/page"}],"author":[{"embeddable":true,"href":"https:\/\/timepiecesbelgium.com\/fr\/wp-json\/wp\/v2\/users\/1"}],"replies":[{"embeddable":true,"href":"https:\/\/timepiecesbelgium.com\/fr\/wp-json\/wp\/v2\/comments?post=12263"}],"version-history":[{"count":11,"href":"https:\/\/timepiecesbelgium.com\/fr\/wp-json\/wp\/v2\/pages\/12263\/revisions"}],"predecessor-version":[{"id":27706,"href":"https:\/\/timepiecesbelgium.com\/fr\/wp-json\/wp\/v2\/pages\/12263\/revisions\/27706"}],"wp:attachment":[{"href":"https:\/\/timepiecesbelgium.com\/fr\/wp-json\/wp\/v2\/media?parent=12263"}],"curies":[{"name":"wp","href":"https:\/\/api.w.org\/{rel}","templated":true}]}}