{"id":27850,"date":"2026-04-03T15:41:15","date_gmt":"2026-04-03T13:41:15","guid":{"rendered":"https:\/\/timepiecesbelgium.com\/?post_type=product&#038;p=27850"},"modified":"2026-04-03T15:42:46","modified_gmt":"2026-04-03T13:42:46","slug":"cartier-santos-2960-6","status":"publish","type":"product","link":"https:\/\/timepiecesbelgium.com\/de\/horloge\/cartier\/cartier-santos-2960-6\/","title":{"rendered":"Cartier Santos Ref. 2960 Jahr 1990 (Box)"},"content":{"rendered":"<h3>Grundlegende Informationen<\/h3>\n<table>\n<tbody>\n<tr>\n<th>Marke:<\/th>\n<td>Cartier<\/td>\n<\/tr>\n<tr>\n<th>Modell:<\/th>\n<td>Santos<\/td>\n<\/tr>\n<tr>\n<th>Referenz:<\/th>\n<td>2960<\/td>\n<\/tr>\n<tr>\n<th>Zubeh\u00f6r:<\/th>\n<td>Original Box, keine Original Papiere<\/td>\n<\/tr>\n<tr>\n<th>Geschlecht:<\/th>\n<td>M\u00e4nner\/Unisex<\/td>\n<\/tr>\n<tr>\n<th>Kaliber:<\/th>\n<td>Automatisch<\/td>\n<\/tr>\n<tr>\n<th>Material Geh\u00e4use:<\/th>\n<td>Stahl\/Gold<\/td>\n<\/tr>\n<tr>\n<th>Material Band:<\/th>\n<td>Stahl<\/td>\n<\/tr>\n<tr>\n<th>Jahr:<\/th>\n<td>2000's<\/td>\n<\/tr>\n<tr>\n<th>Zustand:<\/th>\n<td>Sehr Gut<\/td>\n<\/tr>\n<tr>\n<th>Geh\u00e4use Durchmesser:<\/th>\n<td>29mm<\/td>\n<\/tr>\n<\/tbody>\n<\/table>\n<p>&nbsp;<\/p>","protected":false},"excerpt":{"rendered":"<div>Cartier Santos 2960 from the 1990&#8217;s in excellent condition, including the original Cartier box.<\/div>\n<div><\/div>\n<div><\/div>\n<div id=\"jq-dealer-default-notes\" class=\"m-t-4\" data-ajax-src=\"\/search\/detail.htm?dealerDefaultNotes=&amp;htmlize=1&amp;id=23815744&amp;t=1652963800530\">Alle unsere Uhren wurden von unserem eigenen Uhrmacher gr\u00fcndlich \u00fcberpr\u00fcft und bei Bedarf gewartet.<\/div>","protected":false},"featured_media":27847,"template":"","meta":{"_joinchat":[]},"product_brand":[],"product_cat":[132,244],"product_tag":[424,349,193,327,148,190,429,30,189,147,34],"class_list":{"0":"post-27850","1":"product","2":"type-product","3":"status-publish","4":"has-post-thumbnail","6":"product_cat-cartier","7":"product_cat-santos","8":"product_tag-1990s","9":"product_tag-349","10":"product_tag-29mm","11":"product_tag-box","12":"product_tag-cartier","13":"product_tag-dames","14":"product_tag-ghost-dial","15":"product_tag-gold","16":"product_tag-heren","17":"product_tag-santos","18":"product_tag-steel","20":"first","21":"instock","22":"featured","23":"shipping-taxable","24":"purchasable","25":"product-type-simple"},"_links":{"self":[{"href":"https:\/\/timepiecesbelgium.com\/de\/wp-json\/wp\/v2\/product\/27850","targetHints":{"allow":["GET"]}}],"collection":[{"href":"https:\/\/timepiecesbelgium.com\/de\/wp-json\/wp\/v2\/product"}],"about":[{"href":"https:\/\/timepiecesbelgium.com\/de\/wp-json\/wp\/v2\/types\/product"}],"wp:featuredmedia":[{"embeddable":true,"href":"https:\/\/timepiecesbelgium.com\/de\/wp-json\/wp\/v2\/media\/27847"}],"wp:attachment":[{"href":"https:\/\/timepiecesbelgium.com\/de\/wp-json\/wp\/v2\/media?parent=27850"}],"wp:term":[{"taxonomy":"product_brand","embeddable":true,"href":"https:\/\/timepiecesbelgium.com\/de\/wp-json\/wp\/v2\/product_brand?post=27850"},{"taxonomy":"product_cat","embeddable":true,"href":"https:\/\/timepiecesbelgium.com\/de\/wp-json\/wp\/v2\/product_cat?post=27850"},{"taxonomy":"product_tag","embeddable":true,"href":"https:\/\/timepiecesbelgium.com\/de\/wp-json\/wp\/v2\/product_tag?post=27850"}],"curies":[{"name":"wp","href":"https:\/\/api.w.org\/{rel}","templated":true}]}}