{"id":27819,"date":"2026-04-03T15:25:23","date_gmt":"2026-04-03T13:25:23","guid":{"rendered":"https:\/\/timepiecesbelgium.com\/?post_type=product&#038;p=27819"},"modified":"2026-04-03T15:37:14","modified_gmt":"2026-04-03T13:37:14","slug":"audemars-piguet-royal-oak-67651st","status":"publish","type":"product","link":"https:\/\/timepiecesbelgium.com\/de\/horloge\/audemars-piguet\/audemars-piguet-royal-oak-67651st\/","title":{"rendered":"Audemars Piguet Royal Oak 67651ST Year 2014 (Full Set)"},"content":{"rendered":"<h3>Grundlegende Informationen<\/h3>\n<table>\n<tbody>\n<tr>\n<th>Marke:<\/th>\n<td>Audemars Piguet<\/td>\n<\/tr>\n<tr>\n<th>Modell:<\/th>\n<td>K\u00f6nigliche Eiche<\/td>\n<\/tr>\n<tr>\n<th>Referenz:<\/th>\n<td>67651ST<\/td>\n<\/tr>\n<tr>\n<th>Zubeh\u00f6r:<\/th>\n<td>Original Box, Original Papiere<\/td>\n<\/tr>\n<tr>\n<th>Geschlecht:<\/th>\n<td>M\u00e4nner\/Unisex<\/td>\n<\/tr>\n<tr>\n<th>Kaliber:<\/th>\n<td>Quarz<\/td>\n<\/tr>\n<tr>\n<th>Material Geh\u00e4use:<\/th>\n<td>Stahl<\/td>\n<\/tr>\n<tr>\n<th>Material Band:<\/th>\n<td>Stahl<\/td>\n<\/tr>\n<tr>\n<th>Jahr:<\/th>\n<td>2014<\/td>\n<\/tr>\n<tr>\n<th>Zustand:<\/th>\n<td>Sehr Gut<\/td>\n<\/tr>\n<tr>\n<th>Geh\u00e4use Durchmesser:<\/th>\n<td>33mm<\/td>\n<\/tr>\n<\/tbody>\n<\/table>","protected":false},"excerpt":{"rendered":"<p>Audemars Piguet Royal Oak 67651ST from 2014 in excellent condition, comes complete with the full set.<\/p>\n<p>Alle unsere Uhren wurden von unserem eigenen Uhrmacher gr\u00fcndlich \u00fcberpr\u00fcft und bei Bedarf gewartet.<br \/>\nDeshalb werden unsere Uhren mit 1 Jahr Garantie ab dem Kaufdatum verkauft.<\/p>","protected":false},"featured_media":27846,"template":"","meta":{"_joinchat":[]},"product_brand":[],"product_cat":[409,365],"product_tag":[250,444,573,406,214,190,189,407,105,34],"class_list":{"0":"post-27819","1":"product","2":"type-product","3":"status-publish","4":"has-post-thumbnail","6":"product_cat-audemars-piguet","7":"product_cat-horloge","8":"product_tag-250","9":"product_tag-33mm","10":"product_tag-67651st","11":"product_tag-audemars-piguet","12":"product_tag-box-and-papers","13":"product_tag-dames","14":"product_tag-heren","15":"product_tag-royal-oak","16":"product_tag-silver-dial","17":"product_tag-steel","19":"first","20":"instock","21":"shipping-taxable","22":"purchasable","23":"product-type-simple"},"_links":{"self":[{"href":"https:\/\/timepiecesbelgium.com\/de\/wp-json\/wp\/v2\/product\/27819","targetHints":{"allow":["GET"]}}],"collection":[{"href":"https:\/\/timepiecesbelgium.com\/de\/wp-json\/wp\/v2\/product"}],"about":[{"href":"https:\/\/timepiecesbelgium.com\/de\/wp-json\/wp\/v2\/types\/product"}],"wp:featuredmedia":[{"embeddable":true,"href":"https:\/\/timepiecesbelgium.com\/de\/wp-json\/wp\/v2\/media\/27846"}],"wp:attachment":[{"href":"https:\/\/timepiecesbelgium.com\/de\/wp-json\/wp\/v2\/media?parent=27819"}],"wp:term":[{"taxonomy":"product_brand","embeddable":true,"href":"https:\/\/timepiecesbelgium.com\/de\/wp-json\/wp\/v2\/product_brand?post=27819"},{"taxonomy":"product_cat","embeddable":true,"href":"https:\/\/timepiecesbelgium.com\/de\/wp-json\/wp\/v2\/product_cat?post=27819"},{"taxonomy":"product_tag","embeddable":true,"href":"https:\/\/timepiecesbelgium.com\/de\/wp-json\/wp\/v2\/product_tag?post=27819"}],"curies":[{"name":"wp","href":"https:\/\/api.w.org\/{rel}","templated":true}]}}