{"id":27671,"date":"2026-03-10T14:31:21","date_gmt":"2026-03-10T13:31:21","guid":{"rendered":"https:\/\/timepiecesbelgium.com\/?post_type=product&#038;p=27671"},"modified":"2026-03-10T14:34:04","modified_gmt":"2026-03-10T13:34:04","slug":"rolex-datejust-6827","status":"publish","type":"product","link":"https:\/\/timepiecesbelgium.com\/de\/horloge\/rolex\/datejust\/31mm\/rolex-datejust-6827\/","title":{"rendered":"Rolex Datejust Ref. 6827 Year 1982 (Box &#038; Papers)"},"content":{"rendered":"<h3>Grundlegende Informationen<\/h3>\n<table>\n<tbody>\n<tr>\n<th>Marke:<\/th>\n<td>Rolex<\/td>\n<\/tr>\n<tr>\n<th>Modell:<\/th>\n<td>Datejust<\/td>\n<\/tr>\n<tr>\n<th>Referenz:<\/th>\n<td>6827<\/td>\n<\/tr>\n<tr>\n<th>Zubeh\u00f6r:<\/th>\n<td>Original Box, Original Papiere<\/td>\n<\/tr>\n<tr>\n<th>Geschlecht:<\/th>\n<td>Frauen\/Unisex<\/td>\n<\/tr>\n<tr>\n<th>Kaliber:<\/th>\n<td>Automatisch<\/td>\n<\/tr>\n<tr>\n<th>Material Geh\u00e4use:<\/th>\n<td>Stahl\/Gold<\/td>\n<\/tr>\n<tr>\n<th>Material Band:<\/th>\n<td>Stahl\/Gold<\/td>\n<\/tr>\n<tr>\n<th>Jahr:<\/th>\n<td>1982<\/td>\n<\/tr>\n<tr>\n<th>Zustand:<\/th>\n<td>Sehr Gut<\/td>\n<\/tr>\n<tr>\n<th>Geh\u00e4use Durchmesser:<\/th>\n<td>31mm<\/td>\n<\/tr>\n<\/tbody>\n<\/table>","protected":false},"excerpt":{"rendered":"<div>Rolex Datejust 6827 from 1982 with the silver dial in excellent condition, including the original box and papers.<\/div>\n<div><\/div>\n<div id=\"jq-dealer-default-notes\" class=\"m-t-4\" data-ajax-src=\"\/search\/detail.htm?dealerDefaultNotes=&amp;htmlize=1&amp;id=23815744&amp;t=1652963800530\">Alle unsere Uhren wurden von unserem eigenen Uhrmacher gr\u00fcndlich \u00fcberpr\u00fcft und bei Bedarf gewartet.<\/div>","protected":false},"featured_media":27641,"template":"","meta":{"_joinchat":[]},"product_brand":[],"product_cat":[378,234,22],"product_tag":[437,158,570,214,190,25,30,27,105,34],"class_list":{"0":"post-27671","1":"product","2":"type-product","3":"status-publish","4":"has-post-thumbnail","6":"product_cat-31mm","7":"product_cat-datejust","8":"product_cat-rolex","9":"product_tag-437","10":"product_tag-31mm","11":"product_tag-570","12":"product_tag-box-and-papers","13":"product_tag-dames","14":"product_tag-datejust","15":"product_tag-gold","16":"product_tag-rolex","17":"product_tag-silver-dial","18":"product_tag-steel","20":"first","21":"instock","22":"featured","23":"shipping-taxable","24":"purchasable","25":"product-type-simple"},"_links":{"self":[{"href":"https:\/\/timepiecesbelgium.com\/de\/wp-json\/wp\/v2\/product\/27671","targetHints":{"allow":["GET"]}}],"collection":[{"href":"https:\/\/timepiecesbelgium.com\/de\/wp-json\/wp\/v2\/product"}],"about":[{"href":"https:\/\/timepiecesbelgium.com\/de\/wp-json\/wp\/v2\/types\/product"}],"wp:featuredmedia":[{"embeddable":true,"href":"https:\/\/timepiecesbelgium.com\/de\/wp-json\/wp\/v2\/media\/27641"}],"wp:attachment":[{"href":"https:\/\/timepiecesbelgium.com\/de\/wp-json\/wp\/v2\/media?parent=27671"}],"wp:term":[{"taxonomy":"product_brand","embeddable":true,"href":"https:\/\/timepiecesbelgium.com\/de\/wp-json\/wp\/v2\/product_brand?post=27671"},{"taxonomy":"product_cat","embeddable":true,"href":"https:\/\/timepiecesbelgium.com\/de\/wp-json\/wp\/v2\/product_cat?post=27671"},{"taxonomy":"product_tag","embeddable":true,"href":"https:\/\/timepiecesbelgium.com\/de\/wp-json\/wp\/v2\/product_tag?post=27671"}],"curies":[{"name":"wp","href":"https:\/\/api.w.org\/{rel}","templated":true}]}}