{"id":26909,"date":"2026-01-27T16:12:11","date_gmt":"2026-01-27T15:12:11","guid":{"rendered":"https:\/\/timepiecesbelgium.com\/?post_type=product&#038;p=26909"},"modified":"2026-03-19T20:02:59","modified_gmt":"2026-03-19T19:02:59","slug":"cartier-tank-590005-10","status":"publish","type":"product","link":"https:\/\/timepiecesbelgium.com\/de\/horloge\/cartier\/cartier-tank-590005-10\/","title":{"rendered":"Cartier Tank Ref. 590005 Year 1990s (Box)"},"content":{"rendered":"<h3>Grundlegende Informationen<\/h3>\n<table>\n<tbody>\n<tr>\n<th>Marke:<\/th>\n<td>Cartier<\/td>\n<\/tr>\n<tr>\n<th>Modell:<\/th>\n<td>Tank<\/td>\n<\/tr>\n<tr>\n<th>Referenz:<\/th>\n<td>590005<\/td>\n<\/tr>\n<tr>\n<th>Zubeh\u00f6r:<\/th>\n<td>Original Box, keine Original Papiere<\/td>\n<\/tr>\n<tr>\n<th>Geschlecht:<\/th>\n<td>M\u00e4nner\/Unisex<\/td>\n<\/tr>\n<tr>\n<th>Kaliber:<\/th>\n<td>Quarz<\/td>\n<\/tr>\n<tr>\n<th>Material Geh\u00e4use:<\/th>\n<td>Gold<\/td>\n<\/tr>\n<tr>\n<th>Material Band:<\/th>\n<td>Leder<\/td>\n<\/tr>\n<tr>\n<th>Jahr:<\/th>\n<td>1990s<\/td>\n<\/tr>\n<tr>\n<th>Zustand:<\/th>\n<td>Sehr Gut<\/td>\n<\/tr>\n<tr>\n<th>Geh\u00e4use Durchmesser:<\/th>\n<td>23mm<\/td>\n<\/tr>\n<\/tbody>\n<\/table>\n<p>&nbsp;<\/p>","protected":false},"excerpt":{"rendered":"<div>Cartier Tank 590005 from the 1990s in excellent condition, including the original box.<\/div>\n<div><\/div>\n<div id=\"jq-dealer-default-notes\" class=\"m-t-4\" data-ajax-src=\"\/search\/detail.htm?dealerDefaultNotes=&amp;htmlize=1&amp;id=23815744&amp;t=1652963800530\">Alle unsere Uhren wurden von unserem eigenen Uhrmacher gr\u00fcndlich \u00fcberpr\u00fcft und bei Bedarf gewartet.<\/div>","protected":false},"featured_media":26896,"template":"","meta":{"_joinchat":[]},"product_brand":[],"product_cat":[132,243],"product_tag":[424,173,172,327,148,190,30,189,278,146],"class_list":{"0":"post-26909","1":"product","2":"type-product","3":"status-publish","4":"has-post-thumbnail","6":"product_cat-cartier","7":"product_cat-tank","8":"product_tag-1990s","9":"product_tag-23mm","10":"product_tag-172","11":"product_tag-box","12":"product_tag-cartier","13":"product_tag-dames","14":"product_tag-gold","15":"product_tag-heren","16":"product_tag-leather","17":"product_tag-white-dial","19":"first","20":"outofstock","21":"featured","22":"shipping-taxable","23":"purchasable","24":"product-type-simple"},"_links":{"self":[{"href":"https:\/\/timepiecesbelgium.com\/de\/wp-json\/wp\/v2\/product\/26909","targetHints":{"allow":["GET"]}}],"collection":[{"href":"https:\/\/timepiecesbelgium.com\/de\/wp-json\/wp\/v2\/product"}],"about":[{"href":"https:\/\/timepiecesbelgium.com\/de\/wp-json\/wp\/v2\/types\/product"}],"wp:featuredmedia":[{"embeddable":true,"href":"https:\/\/timepiecesbelgium.com\/de\/wp-json\/wp\/v2\/media\/26896"}],"wp:attachment":[{"href":"https:\/\/timepiecesbelgium.com\/de\/wp-json\/wp\/v2\/media?parent=26909"}],"wp:term":[{"taxonomy":"product_brand","embeddable":true,"href":"https:\/\/timepiecesbelgium.com\/de\/wp-json\/wp\/v2\/product_brand?post=26909"},{"taxonomy":"product_cat","embeddable":true,"href":"https:\/\/timepiecesbelgium.com\/de\/wp-json\/wp\/v2\/product_cat?post=26909"},{"taxonomy":"product_tag","embeddable":true,"href":"https:\/\/timepiecesbelgium.com\/de\/wp-json\/wp\/v2\/product_tag?post=26909"}],"curies":[{"name":"wp","href":"https:\/\/api.w.org\/{rel}","templated":true}]}}