{"id":26790,"date":"2026-01-22T10:34:43","date_gmt":"2026-01-22T09:34:43","guid":{"rendered":"https:\/\/timepiecesbelgium.com\/?post_type=product&#038;p=26790"},"modified":"2026-01-31T12:28:20","modified_gmt":"2026-01-31T11:28:20","slug":"rolex-day-date-228235","status":"publish","type":"product","link":"https:\/\/timepiecesbelgium.com\/de\/horloge\/rolex\/rolex-day-date-228235\/","title":{"rendered":"Rolex Day-Date Ref. 228235 Year 2019 (Full Set)"},"content":{"rendered":"<h3>Grundlegende Informationen<\/h3>\n<table>\n<tbody>\n<tr>\n<th>Marke:<\/th>\n<td>Rolex<\/td>\n<\/tr>\n<tr>\n<th>Modell:<\/th>\n<td>Day-Date<\/td>\n<\/tr>\n<tr>\n<th>Referenz:<\/th>\n<td>228235<\/td>\n<\/tr>\n<tr>\n<th>Zubeh\u00f6r:<\/th>\n<td>Original Box, Original Papiere<\/td>\n<\/tr>\n<tr>\n<th>Geschlecht:<\/th>\n<td>M\u00e4nner\/Unisex<\/td>\n<\/tr>\n<tr>\n<th>Kaliber:<\/th>\n<td>Automatisch<\/td>\n<\/tr>\n<tr>\n<th>Material des Geh\u00e4uses<\/th>\n<td>Gold<\/td>\n<\/tr>\n<tr>\n<th>Material Band:<\/th>\n<td>Gold<\/td>\n<\/tr>\n<tr>\n<th>Jahr:<\/th>\n<td>2019<\/td>\n<\/tr>\n<tr>\n<th>Zustand:<\/th>\n<td>Neu\/ungetragen<\/td>\n<\/tr>\n<tr>\n<th>Geh\u00e4use Durchmesser:<\/th>\n<td>40mm<\/td>\n<\/tr>\n<\/tbody>\n<\/table>","protected":false},"excerpt":{"rendered":"<div>Rolex Day-Date Ref. 228235 from 2019 with the olive green dial in a like-new condition, comes complete with the full set.<\/div>\n<div><\/div>\n<div id=\"jq-dealer-default-notes\" class=\"m-t-4\" data-ajax-src=\"\/search\/detail.htm?dealerDefaultNotes=&amp;htmlize=1&amp;id=23815744&amp;t=1652963800530\">Alle unsere Uhren wurden von unserem eigenen Uhrmacher gr\u00fcndlich \u00fcberpr\u00fcft und bei Bedarf gewartet.<\/div>","protected":false},"featured_media":26779,"template":"","meta":{"_joinchat":[]},"product_brand":[],"product_cat":[22,236],"product_tag":[289,555,32,214,29,30,189,556,27],"class_list":{"0":"post-26790","1":"product","2":"type-product","3":"status-publish","4":"has-post-thumbnail","6":"product_cat-rolex","7":"product_cat-day-date","8":"product_tag-289","9":"product_tag-555","10":"product_tag-40mm","11":"product_tag-box-and-papers","12":"product_tag-day-date","13":"product_tag-gold","14":"product_tag-heren","15":"product_tag-olive-green-dial","16":"product_tag-rolex","18":"first","19":"outofstock","20":"featured","21":"shipping-taxable","22":"purchasable","23":"product-type-simple"},"_links":{"self":[{"href":"https:\/\/timepiecesbelgium.com\/de\/wp-json\/wp\/v2\/product\/26790","targetHints":{"allow":["GET"]}}],"collection":[{"href":"https:\/\/timepiecesbelgium.com\/de\/wp-json\/wp\/v2\/product"}],"about":[{"href":"https:\/\/timepiecesbelgium.com\/de\/wp-json\/wp\/v2\/types\/product"}],"wp:featuredmedia":[{"embeddable":true,"href":"https:\/\/timepiecesbelgium.com\/de\/wp-json\/wp\/v2\/media\/26779"}],"wp:attachment":[{"href":"https:\/\/timepiecesbelgium.com\/de\/wp-json\/wp\/v2\/media?parent=26790"}],"wp:term":[{"taxonomy":"product_brand","embeddable":true,"href":"https:\/\/timepiecesbelgium.com\/de\/wp-json\/wp\/v2\/product_brand?post=26790"},{"taxonomy":"product_cat","embeddable":true,"href":"https:\/\/timepiecesbelgium.com\/de\/wp-json\/wp\/v2\/product_cat?post=26790"},{"taxonomy":"product_tag","embeddable":true,"href":"https:\/\/timepiecesbelgium.com\/de\/wp-json\/wp\/v2\/product_tag?post=26790"}],"curies":[{"name":"wp","href":"https:\/\/api.w.org\/{rel}","templated":true}]}}