{"id":26131,"date":"2025-11-21T19:26:59","date_gmt":"2025-11-21T18:26:59","guid":{"rendered":"https:\/\/timepiecesbelgium.com\/?post_type=product&#038;p=26131"},"modified":"2025-12-27T11:41:32","modified_gmt":"2025-12-27T10:41:32","slug":"rolex-lady-datejust-79173-16","status":"publish","type":"product","link":"https:\/\/timepiecesbelgium.com\/de\/horloge\/rolex\/rolex-lady-datejust-79173-16\/","title":{"rendered":"Rolex Lady-Datejust Ref. 79173 Year 2000 (Box &#038; Papers)"},"content":{"rendered":"<h3>Grundlegende Informationen<\/h3>\n<table>\n<tbody>\n<tr>\n<th>Marke:<\/th>\n<td>Rolex<\/td>\n<\/tr>\n<tr>\n<th>Modell:<\/th>\n<td>Datejust<\/td>\n<\/tr>\n<tr>\n<th>Referenz:<\/th>\n<td>79173<\/td>\n<\/tr>\n<tr>\n<th>Zubeh\u00f6r:<\/th>\n<td>Original Box, Original Papiere<\/td>\n<\/tr>\n<tr>\n<th>Geschlecht:<\/th>\n<td>Damen<\/td>\n<\/tr>\n<tr>\n<th>Kaliber:<\/th>\n<td>Automatisch<\/td>\n<\/tr>\n<tr>\n<th>Material Geh\u00e4use:<\/th>\n<td>Stahl\/Gold<\/td>\n<\/tr>\n<tr>\n<th>Material Band:<\/th>\n<td>Stahl\/Gold<\/td>\n<\/tr>\n<tr>\n<th>Jahr:<\/th>\n<td>2000<\/td>\n<\/tr>\n<tr>\n<th>Zustand:<\/th>\n<td>Sehr Gut<\/td>\n<\/tr>\n<tr>\n<th>Geh\u00e4use Durchmesser:<\/th>\n<td>26mm<\/td>\n<\/tr>\n<\/tbody>\n<\/table>","protected":false},"excerpt":{"rendered":"<div>Rolex Lady-Datejust 79173 with the white diamond dial from 2000 in excellent condition, including the original box and papers.<\/div>\n<div id=\"jq-dealer-default-notes\" class=\"m-t-4\" data-ajax-src=\"\/search\/detail.htm?dealerDefaultNotes=&amp;htmlize=1&amp;id=23815744&amp;t=1652963800530\">Alle unsere Uhren wurden von unserem eigenen Uhrmacher gr\u00fcndlich \u00fcberpr\u00fcft und bei Bedarf gewartet.<\/div>","protected":false},"featured_media":26111,"template":"","meta":{"_joinchat":[]},"product_brand":[],"product_cat":[22,377,234],"product_tag":[262,281,299,214,190,25,30,27,34,295],"class_list":{"0":"post-26131","1":"product","2":"type-product","3":"status-publish","4":"has-post-thumbnail","6":"product_cat-rolex","7":"product_cat-26mm","8":"product_cat-datejust","9":"product_tag-262","10":"product_tag-26mm","11":"product_tag-299","12":"product_tag-box-and-papers","13":"product_tag-dames","14":"product_tag-datejust","15":"product_tag-gold","16":"product_tag-rolex","17":"product_tag-steel","18":"product_tag-white-diamond-dial","20":"first","21":"outofstock","22":"featured","23":"shipping-taxable","24":"purchasable","25":"product-type-simple"},"_links":{"self":[{"href":"https:\/\/timepiecesbelgium.com\/de\/wp-json\/wp\/v2\/product\/26131","targetHints":{"allow":["GET"]}}],"collection":[{"href":"https:\/\/timepiecesbelgium.com\/de\/wp-json\/wp\/v2\/product"}],"about":[{"href":"https:\/\/timepiecesbelgium.com\/de\/wp-json\/wp\/v2\/types\/product"}],"wp:featuredmedia":[{"embeddable":true,"href":"https:\/\/timepiecesbelgium.com\/de\/wp-json\/wp\/v2\/media\/26111"}],"wp:attachment":[{"href":"https:\/\/timepiecesbelgium.com\/de\/wp-json\/wp\/v2\/media?parent=26131"}],"wp:term":[{"taxonomy":"product_brand","embeddable":true,"href":"https:\/\/timepiecesbelgium.com\/de\/wp-json\/wp\/v2\/product_brand?post=26131"},{"taxonomy":"product_cat","embeddable":true,"href":"https:\/\/timepiecesbelgium.com\/de\/wp-json\/wp\/v2\/product_cat?post=26131"},{"taxonomy":"product_tag","embeddable":true,"href":"https:\/\/timepiecesbelgium.com\/de\/wp-json\/wp\/v2\/product_tag?post=26131"}],"curies":[{"name":"wp","href":"https:\/\/api.w.org\/{rel}","templated":true}]}}