{"id":25956,"date":"2025-11-12T14:13:47","date_gmt":"2025-11-12T13:13:47","guid":{"rendered":"https:\/\/timepiecesbelgium.com\/?post_type=product&#038;p=25956"},"modified":"2026-03-05T12:22:47","modified_gmt":"2026-03-05T11:22:47","slug":"rolex-daytona-116508","status":"publish","type":"product","link":"https:\/\/timepiecesbelgium.com\/de\/horloge\/rolex\/rolex-daytona-116508\/","title":{"rendered":"Rolex Daytona Ref. 116508 Year 2021 (Full Set)"},"content":{"rendered":"<h3>Grundlegende Informationen<\/h3>\n<table>\n<tbody>\n<tr>\n<th>Marke:<\/th>\n<td>Rolex<\/td>\n<\/tr>\n<tr>\n<th>Modell:<\/th>\n<td>Daytona<\/td>\n<\/tr>\n<tr>\n<th>Referenz:<\/th>\n<td>116508<\/td>\n<\/tr>\n<tr>\n<th>Zubeh\u00f6r:<\/th>\n<td>Original Box, Original Papiere<\/td>\n<\/tr>\n<tr>\n<th>Geschlecht:<\/th>\n<td>Herren<\/td>\n<\/tr>\n<tr>\n<th>Kaliber:<\/th>\n<td>Automatisch<\/td>\n<\/tr>\n<tr>\n<th>Material Geh\u00e4use:<\/th>\n<td>Gold<\/td>\n<\/tr>\n<tr>\n<th>Material Band:<\/th>\n<td>Gold<\/td>\n<\/tr>\n<tr>\n<th>Jahr:<\/th>\n<td>2021<\/td>\n<\/tr>\n<tr>\n<th>Zustand:<\/th>\n<td>Sehr Gut<\/td>\n<\/tr>\n<tr>\n<th>Durchmesser Geh\u00e4use<\/th>\n<td>40mm<\/td>\n<\/tr>\n<\/tbody>\n<\/table>","protected":false},"excerpt":{"rendered":"<div>Rolex Daytona 116508 from 2021 with the rare meteorite dial in a like-new condition, comes complete with the full set.<\/div>\n<div><\/div>\n<div id=\"jq-dealer-default-notes\" class=\"m-t-4\" data-ajax-src=\"\/search\/detail.htm?dealerDefaultNotes=&amp;htmlize=1&amp;id=23815744&amp;t=1652963800530\">Alle unsere Uhren wurden von unserem eigenen Uhrmacher gr\u00fcndlich \u00fcberpr\u00fcft und bei Bedarf gewartet.<\/div>","protected":false},"featured_media":25863,"template":"","meta":{"_joinchat":[]},"product_brand":[],"product_cat":[22,339],"product_tag":[525,254,32,214,69,30,189,526,27],"class_list":{"0":"post-25956","1":"product","2":"type-product","3":"status-publish","4":"has-post-thumbnail","6":"product_cat-rolex","7":"product_cat-daytona","8":"product_tag-525","9":"product_tag-254","10":"product_tag-40mm","11":"product_tag-box-and-papers","12":"product_tag-daytona","13":"product_tag-gold","14":"product_tag-heren","15":"product_tag-meteorite-dial","16":"product_tag-rolex","18":"first","19":"outofstock","20":"shipping-taxable","21":"purchasable","22":"product-type-simple"},"_links":{"self":[{"href":"https:\/\/timepiecesbelgium.com\/de\/wp-json\/wp\/v2\/product\/25956","targetHints":{"allow":["GET"]}}],"collection":[{"href":"https:\/\/timepiecesbelgium.com\/de\/wp-json\/wp\/v2\/product"}],"about":[{"href":"https:\/\/timepiecesbelgium.com\/de\/wp-json\/wp\/v2\/types\/product"}],"wp:featuredmedia":[{"embeddable":true,"href":"https:\/\/timepiecesbelgium.com\/de\/wp-json\/wp\/v2\/media\/25863"}],"wp:attachment":[{"href":"https:\/\/timepiecesbelgium.com\/de\/wp-json\/wp\/v2\/media?parent=25956"}],"wp:term":[{"taxonomy":"product_brand","embeddable":true,"href":"https:\/\/timepiecesbelgium.com\/de\/wp-json\/wp\/v2\/product_brand?post=25956"},{"taxonomy":"product_cat","embeddable":true,"href":"https:\/\/timepiecesbelgium.com\/de\/wp-json\/wp\/v2\/product_cat?post=25956"},{"taxonomy":"product_tag","embeddable":true,"href":"https:\/\/timepiecesbelgium.com\/de\/wp-json\/wp\/v2\/product_tag?post=25956"}],"curies":[{"name":"wp","href":"https:\/\/api.w.org\/{rel}","templated":true}]}}