{"id":24904,"date":"2025-08-13T13:07:52","date_gmt":"2025-08-13T11:07:52","guid":{"rendered":"https:\/\/timepiecesbelgium.com\/?post_type=product&#038;p=24904"},"modified":"2025-09-19T19:38:08","modified_gmt":"2025-09-19T17:38:08","slug":"rolex-air-king-14000-3","status":"publish","type":"product","link":"https:\/\/timepiecesbelgium.com\/de\/horloge\/rolex\/rolex-air-king-14000-3\/","title":{"rendered":"Rolex Air-King 14000 Year 1991 (Box)"},"content":{"rendered":"<h3>Grundlegende Informationen<\/h3>\n<table>\n<tbody>\n<tr>\n<th>Marke:<\/th>\n<td>Rolex<\/td>\n<\/tr>\n<tr>\n<th>Modell:<\/th>\n<td>Air-King<\/td>\n<\/tr>\n<tr>\n<th>Referenz:<\/th>\n<td>14000<\/td>\n<\/tr>\n<tr>\n<th>Zubeh\u00f6r:<\/th>\n<td>Original Box, keine Original Papiere<\/td>\n<\/tr>\n<tr>\n<th>Geschlecht:<\/th>\n<td>M\u00e4nner\/Unisex<\/td>\n<\/tr>\n<tr>\n<th>Kaliber:<\/th>\n<td>Automatisch<\/td>\n<\/tr>\n<tr>\n<th>Material Geh\u00e4use:<\/th>\n<td>Stahl<\/td>\n<\/tr>\n<tr>\n<th>Material Band:<\/th>\n<td>Stahl<\/td>\n<\/tr>\n<tr>\n<th>Jahr:<\/th>\n<td>1991<\/td>\n<\/tr>\n<tr>\n<th>Zustand:<\/th>\n<td>Sehr Gut<\/td>\n<\/tr>\n<tr>\n<th>Durchmesser Geh\u00e4use<\/th>\n<td>34 mm<\/td>\n<\/tr>\n<\/tbody>\n<\/table>","protected":false},"excerpt":{"rendered":"<p>Rolex Air-King 14000 from 1991 in excellent condition, including the original box.<\/p>\n<p>Alle unsere Uhren wurden von unserem eigenen Uhrmacher gr\u00fcndlich \u00fcberpr\u00fcft und bei Bedarf gewartet.<br \/>\nDeshalb werden unsere Uhren mit 1 Jahr Garantie ab dem Kaufdatum verkauft.<\/p>","protected":false},"featured_media":24877,"template":"","meta":{"_joinchat":[]},"product_brand":[],"product_cat":[22,240],"product_tag":[35,224,36,37,327,27,105,34],"class_list":{"0":"post-24904","1":"product","2":"type-product","3":"status-publish","4":"has-post-thumbnail","6":"product_cat-rolex","7":"product_cat-air-king","8":"product_tag-35","9":"product_tag-224","10":"product_tag-34mm","11":"product_tag-air-king","12":"product_tag-box","13":"product_tag-rolex","14":"product_tag-silver-dial","15":"product_tag-steel","17":"first","18":"outofstock","19":"shipping-taxable","20":"purchasable","21":"product-type-simple"},"_links":{"self":[{"href":"https:\/\/timepiecesbelgium.com\/de\/wp-json\/wp\/v2\/product\/24904","targetHints":{"allow":["GET"]}}],"collection":[{"href":"https:\/\/timepiecesbelgium.com\/de\/wp-json\/wp\/v2\/product"}],"about":[{"href":"https:\/\/timepiecesbelgium.com\/de\/wp-json\/wp\/v2\/types\/product"}],"wp:featuredmedia":[{"embeddable":true,"href":"https:\/\/timepiecesbelgium.com\/de\/wp-json\/wp\/v2\/media\/24877"}],"wp:attachment":[{"href":"https:\/\/timepiecesbelgium.com\/de\/wp-json\/wp\/v2\/media?parent=24904"}],"wp:term":[{"taxonomy":"product_brand","embeddable":true,"href":"https:\/\/timepiecesbelgium.com\/de\/wp-json\/wp\/v2\/product_brand?post=24904"},{"taxonomy":"product_cat","embeddable":true,"href":"https:\/\/timepiecesbelgium.com\/de\/wp-json\/wp\/v2\/product_cat?post=24904"},{"taxonomy":"product_tag","embeddable":true,"href":"https:\/\/timepiecesbelgium.com\/de\/wp-json\/wp\/v2\/product_tag?post=24904"}],"curies":[{"name":"wp","href":"https:\/\/api.w.org\/{rel}","templated":true}]}}