{"id":22320,"date":"2024-07-29T19:29:30","date_gmt":"2024-07-29T17:29:30","guid":{"rendered":"http:\/\/timepiecesbelgium.com\/?post_type=product&#038;p=22320"},"modified":"2024-12-06T17:49:40","modified_gmt":"2024-12-06T16:49:40","slug":"rolex-yacht-master-116655","status":"publish","type":"product","link":"https:\/\/timepiecesbelgium.com\/de\/horloge\/rolex\/rolex-yacht-master-116655\/","title":{"rendered":"Rolex Yacht-Master Ref. 116655 Jahr 2018 (kompletter Satz)"},"content":{"rendered":"<h3>Grundlegende Informationen<\/h3>\n<table>\n<tbody>\n<tr>\n<th>Marke:<\/th>\n<td>Rolex<\/td>\n<\/tr>\n<tr>\n<th>Modell:<\/th>\n<td>Yacht-Master<\/td>\n<\/tr>\n<tr>\n<th>Referenz:<\/th>\n<td>116655<\/td>\n<\/tr>\n<tr>\n<th>Zubeh\u00f6r:<\/th>\n<td>Original Box, Original Papiere<\/td>\n<\/tr>\n<tr>\n<th>Geschlecht:<\/th>\n<td>Herren<\/td>\n<\/tr>\n<tr>\n<th>Kaliber:<\/th>\n<td>Automatisch<\/td>\n<\/tr>\n<tr>\n<th>Material Geh\u00e4use:<\/th>\n<td>Gold<\/td>\n<\/tr>\n<tr>\n<th>Material Band:<\/th>\n<td>Oysterflex<\/td>\n<\/tr>\n<tr>\n<th>Jahr:<\/th>\n<td>2018<\/td>\n<\/tr>\n<tr>\n<th>Zustand:<\/th>\n<td>Wie neu<\/td>\n<\/tr>\n<tr>\n<th>Geh\u00e4use Durchmesser:<\/th>\n<td>40mm<\/td>\n<\/tr>\n<\/tbody>\n<\/table>","protected":false},"excerpt":{"rendered":"<div>Komplettes Set Rolex Yacht-Master Ref. 116655 aus dem Jahr 2018 in einem neuwertigen Zustand.<\/div>\n<div><\/div>\n<div><\/div>\n<div id=\"jq-dealer-default-notes\" class=\"m-t-4\" data-ajax-src=\"\/search\/detail.htm?dealerDefaultNotes=&amp;htmlize=1&amp;id=23815744&amp;t=1652963800530\">Alle unsere Uhren wurden von unserem eigenen Uhrmacher gr\u00fcndlich \u00fcberpr\u00fcft und bei Bedarf gewartet.<\/div>","protected":false},"featured_media":22329,"template":"","meta":{"_joinchat":[]},"product_brand":[],"product_cat":[22,399],"product_tag":[393,291,68,91,26,189,394,27,34,390],"class_list":{"0":"post-22320","1":"product","2":"type-product","3":"status-publish","4":"has-post-thumbnail","6":"product_cat-rolex","7":"product_cat-yacht-master","8":"product_tag-393","9":"product_tag-291","10":"product_tag-68","11":"product_tag-black-dial","12":"product_tag-full-set","13":"product_tag-heren","14":"product_tag-oysterflex","15":"product_tag-rolex","16":"product_tag-steel","17":"product_tag-yacht-master","19":"first","20":"outofstock","21":"featured","22":"shipping-taxable","23":"purchasable","24":"product-type-simple"},"_links":{"self":[{"href":"https:\/\/timepiecesbelgium.com\/de\/wp-json\/wp\/v2\/product\/22320","targetHints":{"allow":["GET"]}}],"collection":[{"href":"https:\/\/timepiecesbelgium.com\/de\/wp-json\/wp\/v2\/product"}],"about":[{"href":"https:\/\/timepiecesbelgium.com\/de\/wp-json\/wp\/v2\/types\/product"}],"wp:featuredmedia":[{"embeddable":true,"href":"https:\/\/timepiecesbelgium.com\/de\/wp-json\/wp\/v2\/media\/22329"}],"wp:attachment":[{"href":"https:\/\/timepiecesbelgium.com\/de\/wp-json\/wp\/v2\/media?parent=22320"}],"wp:term":[{"taxonomy":"product_brand","embeddable":true,"href":"https:\/\/timepiecesbelgium.com\/de\/wp-json\/wp\/v2\/product_brand?post=22320"},{"taxonomy":"product_cat","embeddable":true,"href":"https:\/\/timepiecesbelgium.com\/de\/wp-json\/wp\/v2\/product_cat?post=22320"},{"taxonomy":"product_tag","embeddable":true,"href":"https:\/\/timepiecesbelgium.com\/de\/wp-json\/wp\/v2\/product_tag?post=22320"}],"curies":[{"name":"wp","href":"https:\/\/api.w.org\/{rel}","templated":true}]}}