{"id":21833,"date":"2024-05-31T10:55:41","date_gmt":"2024-05-31T08:55:41","guid":{"rendered":"http:\/\/timepiecesbelgium.com\/?post_type=product&#038;p=21833"},"modified":"2024-10-03T23:14:20","modified_gmt":"2024-10-03T21:14:20","slug":"rolex-explorer-14270-3","status":"publish","type":"product","link":"https:\/\/timepiecesbelgium.com\/de\/horloge\/rolex\/explorer\/rolex-explorer-14270-3\/","title":{"rendered":"Rolex Explorer Ref. 14270 Jahr 1996 (Box &amp; Papiere)"},"content":{"rendered":"<h3>Grundlegende Informationen<\/h3>\n<table>\n<tbody>\n<tr>\n<th>Marke:<\/th>\n<td>Rolex<\/td>\n<\/tr>\n<tr>\n<th>Modell:<\/th>\n<td>Explorer<\/td>\n<\/tr>\n<tr>\n<th>Referenz:<\/th>\n<td>14270<\/td>\n<\/tr>\n<tr>\n<th>Zubeh\u00f6r:<\/th>\n<td>Original Box, Original Papiere<\/td>\n<\/tr>\n<tr>\n<th>Geschlecht:<\/th>\n<td>M\u00e4nner\/Unisex<\/td>\n<\/tr>\n<tr>\n<th>Kaliber:<\/th>\n<td>Automatisch<\/td>\n<\/tr>\n<tr>\n<th>Material Geh\u00e4use:<\/th>\n<td>Stahl<\/td>\n<\/tr>\n<tr>\n<th>Material Band:<\/th>\n<td>Stahl<\/td>\n<\/tr>\n<tr>\n<th>Jahr:<\/th>\n<td>1996<\/td>\n<\/tr>\n<tr>\n<th>Zustand:<\/th>\n<td>Sehr Gut<\/td>\n<\/tr>\n<tr>\n<th>Durchmesser Geh\u00e4use<\/th>\n<td>36mm<\/td>\n<\/tr>\n<\/tbody>\n<\/table>","protected":false},"excerpt":{"rendered":"<div>Rolex Explorer 36mm ref. 14270 in ausgezeichnetem Zustand mit Box und Papieren.<\/div>\n<div><\/div>\n<div id=\"jq-dealer-default-notes\" class=\"m-t-4\" data-ajax-src=\"\/search\/detail.htm?dealerDefaultNotes=&amp;htmlize=1&amp;id=23815744&amp;t=1652963800530\">Alle unsere Uhren wurden von unserem eigenen Uhrmacher gr\u00fcndlich \u00fcberpr\u00fcft und bei Bedarf gewartet.<\/div>","protected":false},"featured_media":21842,"template":"","meta":{"_joinchat":[]},"product_brand":[],"product_cat":[239,22],"product_tag":[225,226,24,91,195,190,187,189,27,34],"class_list":{"0":"post-21833","1":"product","2":"type-product","3":"status-publish","4":"has-post-thumbnail","6":"product_cat-explorer","7":"product_cat-rolex","8":"product_tag-225","9":"product_tag-226","10":"product_tag-36mm","11":"product_tag-black-dial","12":"product_tag-box-papers","13":"product_tag-dames","14":"product_tag-explorer","15":"product_tag-heren","16":"product_tag-rolex","17":"product_tag-steel","19":"first","20":"outofstock","21":"shipping-taxable","22":"purchasable","23":"product-type-simple"},"_links":{"self":[{"href":"https:\/\/timepiecesbelgium.com\/de\/wp-json\/wp\/v2\/product\/21833","targetHints":{"allow":["GET"]}}],"collection":[{"href":"https:\/\/timepiecesbelgium.com\/de\/wp-json\/wp\/v2\/product"}],"about":[{"href":"https:\/\/timepiecesbelgium.com\/de\/wp-json\/wp\/v2\/types\/product"}],"wp:featuredmedia":[{"embeddable":true,"href":"https:\/\/timepiecesbelgium.com\/de\/wp-json\/wp\/v2\/media\/21842"}],"wp:attachment":[{"href":"https:\/\/timepiecesbelgium.com\/de\/wp-json\/wp\/v2\/media?parent=21833"}],"wp:term":[{"taxonomy":"product_brand","embeddable":true,"href":"https:\/\/timepiecesbelgium.com\/de\/wp-json\/wp\/v2\/product_brand?post=21833"},{"taxonomy":"product_cat","embeddable":true,"href":"https:\/\/timepiecesbelgium.com\/de\/wp-json\/wp\/v2\/product_cat?post=21833"},{"taxonomy":"product_tag","embeddable":true,"href":"https:\/\/timepiecesbelgium.com\/de\/wp-json\/wp\/v2\/product_tag?post=21833"}],"curies":[{"name":"wp","href":"https:\/\/api.w.org\/{rel}","templated":true}]}}