{"id":196,"date":"2022-10-22T19:34:45","date_gmt":"2022-10-22T18:34:45","guid":{"rendered":"https:\/\/www.timepiecesbelgium.be\/?post_type=product&#038;p=196"},"modified":"2024-10-03T23:19:34","modified_gmt":"2024-10-03T21:19:34","slug":"rolex-datejust-36-black-dial-16234-1994-full-set","status":"publish","type":"product","link":"https:\/\/timepiecesbelgium.com\/de\/horloge\/rolex\/rolex-datejust-36-black-dial-16234-1994-full-set\/","title":{"rendered":"Rolex Datejust 36 Schwarzes Zifferblatt 16234 1994 (kompletter Satz)"},"content":{"rendered":"<h3>Grundlegende Informationen<\/h3>\n<table>\n<tbody>\n<tr>\n<th>Marke:<\/th>\n<td>Rolex<\/td>\n<\/tr>\n<tr>\n<th>Modell:<\/th>\n<td>Rolex Datejust<\/td>\n<\/tr>\n<tr>\n<th>Referenz:<\/th>\n<td>16234<\/td>\n<\/tr>\n<tr>\n<th>Accessoires:<\/th>\n<td>Original Box, Original Papiere<\/td>\n<\/tr>\n<tr>\n<th>Geschlecht:<\/th>\n<td>Herrenuhr\/Unisex<\/td>\n<\/tr>\n<tr>\n<th>Kaliber<\/th>\n<td>Automatisch<\/td>\n<\/tr>\n<tr>\n<th>Geh\u00e4use Material:<\/th>\n<td>Gold\/Stahl<\/td>\n<\/tr>\n<tr>\n<th>Material des Armbands:<\/th>\n<td>Stahl<\/td>\n<\/tr>\n<tr>\n<th>Jahr:<\/th>\n<td>1994<\/td>\n<\/tr>\n<tr>\n<th>Zustand:<\/th>\n<td>Sehr gut (mit geringen bis keinen Gebrauchsspuren)<\/td>\n<\/tr>\n<tr>\n<th>Durchmesser Geh\u00e4use<\/th>\n<td>36mm<\/td>\n<\/tr>\n<\/tbody>\n<\/table>","protected":false},"excerpt":{"rendered":"<p>Rolex Datejust 16234. Dies ist eine unglaublich sch\u00f6ne stunner in hervorragender Originalzustand. Die seltene schwarze vergoldete Zifferblatt ist in hervorragendem Zustand.<\/p>\n<p>Alle unsere Uhren wurden von unserem eigenen Uhrmacher gr\u00fcndlich \u00fcberpr\u00fcft und bei Bedarf gewartet.<br \/>\nDeshalb werden unsere Uhren mit 1 Jahr Garantie ab dem Kaufdatum verkauft.<\/p>","protected":false},"featured_media":308,"template":"","meta":{"_joinchat":[]},"product_brand":[],"product_cat":[22],"product_tag":[],"class_list":{"0":"post-196","1":"product","2":"type-product","3":"status-publish","4":"has-post-thumbnail","6":"product_cat-rolex","8":"first","9":"outofstock","10":"shipping-taxable","11":"purchasable","12":"product-type-simple"},"_links":{"self":[{"href":"https:\/\/timepiecesbelgium.com\/de\/wp-json\/wp\/v2\/product\/196","targetHints":{"allow":["GET"]}}],"collection":[{"href":"https:\/\/timepiecesbelgium.com\/de\/wp-json\/wp\/v2\/product"}],"about":[{"href":"https:\/\/timepiecesbelgium.com\/de\/wp-json\/wp\/v2\/types\/product"}],"wp:featuredmedia":[{"embeddable":true,"href":"https:\/\/timepiecesbelgium.com\/de\/wp-json\/wp\/v2\/media\/308"}],"wp:attachment":[{"href":"https:\/\/timepiecesbelgium.com\/de\/wp-json\/wp\/v2\/media?parent=196"}],"wp:term":[{"taxonomy":"product_brand","embeddable":true,"href":"https:\/\/timepiecesbelgium.com\/de\/wp-json\/wp\/v2\/product_brand?post=196"},{"taxonomy":"product_cat","embeddable":true,"href":"https:\/\/timepiecesbelgium.com\/de\/wp-json\/wp\/v2\/product_cat?post=196"},{"taxonomy":"product_tag","embeddable":true,"href":"https:\/\/timepiecesbelgium.com\/de\/wp-json\/wp\/v2\/product_tag?post=196"}],"curies":[{"name":"wp","href":"https:\/\/api.w.org\/{rel}","templated":true}]}}