{"id":19482,"date":"2024-02-28T07:55:46","date_gmt":"2024-02-28T06:55:46","guid":{"rendered":"http:\/\/timepiecesbelgium.com\/?post_type=product&#038;p=19482"},"modified":"2024-10-03T23:14:22","modified_gmt":"2024-10-03T21:14:22","slug":"rolex-daytona-116500ln-2","status":"publish","type":"product","link":"https:\/\/timepiecesbelgium.com\/de\/horloge\/rolex\/rolex-daytona-116500ln-2\/","title":{"rendered":"Rolex Daytona 116500LN Jahr 2019 (vollst\u00e4ndiger Satz)"},"content":{"rendered":"<h3>Grundlegende Informationen<\/h3>\n<table>\n<tbody>\n<tr>\n<th>Marke:<\/th>\n<td>Rolex<\/td>\n<\/tr>\n<tr>\n<th>Modell:<\/th>\n<td>Daytona<\/td>\n<\/tr>\n<tr>\n<th>Referenz:<\/th>\n<td>116500LN<\/td>\n<\/tr>\n<tr>\n<th>Zubeh\u00f6r:<\/th>\n<td>Original Box, Original Papiere<\/td>\n<\/tr>\n<tr>\n<th>Geschlecht:<\/th>\n<td>M\u00e4nner<\/td>\n<\/tr>\n<tr>\n<th>Kaliber:<\/th>\n<td>Automatisch<\/td>\n<\/tr>\n<tr>\n<th>Material Geh\u00e4use:<\/th>\n<td>Stahl<\/td>\n<\/tr>\n<tr>\n<th>Material Band:<\/th>\n<td>Stahl<\/td>\n<\/tr>\n<tr>\n<th>Jahr:<\/th>\n<td>2019<\/td>\n<\/tr>\n<tr>\n<th>Zustand:<\/th>\n<td>Sehr Gut<\/td>\n<\/tr>\n<tr>\n<th>Geh\u00e4use Durchmesser:<\/th>\n<td>40mm<\/td>\n<\/tr>\n<\/tbody>\n<\/table>","protected":false},"excerpt":{"rendered":"<p>Komplettes Set Rolex Daytona Ref. 116500LN mit dem schwarzen Zifferblatt in neuwertigem Zustand.<\/p>\n<p>Alle unsere Uhren wurden von unserem eigenen Uhrmacher gr\u00fcndlich \u00fcberpr\u00fcft und bei Bedarf gewartet.<br \/>\nDeshalb werden unsere Uhren mit 1 Jahr Garantie ab dem Kaufdatum verkauft.<\/p>","protected":false},"featured_media":19489,"template":"","meta":{"_joinchat":[]},"product_brand":[],"product_cat":[22,339],"product_tag":[337,289,91,69,26,189,27,34],"class_list":{"0":"post-19482","1":"product","2":"type-product","3":"status-publish","4":"has-post-thumbnail","6":"product_cat-rolex","7":"product_cat-daytona","8":"product_tag-116500ln","9":"product_tag-289","10":"product_tag-black-dial","11":"product_tag-daytona","12":"product_tag-full-set","13":"product_tag-heren","14":"product_tag-rolex","15":"product_tag-steel","17":"first","18":"outofstock","19":"shipping-taxable","20":"purchasable","21":"product-type-simple"},"_links":{"self":[{"href":"https:\/\/timepiecesbelgium.com\/de\/wp-json\/wp\/v2\/product\/19482","targetHints":{"allow":["GET"]}}],"collection":[{"href":"https:\/\/timepiecesbelgium.com\/de\/wp-json\/wp\/v2\/product"}],"about":[{"href":"https:\/\/timepiecesbelgium.com\/de\/wp-json\/wp\/v2\/types\/product"}],"wp:featuredmedia":[{"embeddable":true,"href":"https:\/\/timepiecesbelgium.com\/de\/wp-json\/wp\/v2\/media\/19489"}],"wp:attachment":[{"href":"https:\/\/timepiecesbelgium.com\/de\/wp-json\/wp\/v2\/media?parent=19482"}],"wp:term":[{"taxonomy":"product_brand","embeddable":true,"href":"https:\/\/timepiecesbelgium.com\/de\/wp-json\/wp\/v2\/product_brand?post=19482"},{"taxonomy":"product_cat","embeddable":true,"href":"https:\/\/timepiecesbelgium.com\/de\/wp-json\/wp\/v2\/product_cat?post=19482"},{"taxonomy":"product_tag","embeddable":true,"href":"https:\/\/timepiecesbelgium.com\/de\/wp-json\/wp\/v2\/product_tag?post=19482"}],"curies":[{"name":"wp","href":"https:\/\/api.w.org\/{rel}","templated":true}]}}