{"id":17852,"date":"2023-10-17T08:17:43","date_gmt":"2023-10-17T06:17:43","guid":{"rendered":"http:\/\/timepiecesbelgium.com\/?post_type=product&#038;p=17852"},"modified":"2024-10-03T23:14:23","modified_gmt":"2024-10-03T21:14:23","slug":"rolex-datejust-16233-14","status":"publish","type":"product","link":"https:\/\/timepiecesbelgium.com\/de\/horloge\/rolex\/datejust\/rolex-datejust-16233-14\/","title":{"rendered":"Rolex Datejust Ref. 16233 1989 (Box &amp; Papiere)"},"content":{"rendered":"<h3>Grundlegende Informationen<\/h3>\n<table>\n<tbody>\n<tr>\n<th>Marke:<\/th>\n<td>Rolex<\/td>\n<\/tr>\n<tr>\n<th>Modell:<\/th>\n<td>Datejust<\/td>\n<\/tr>\n<tr>\n<th>Referenz:<\/th>\n<td>16233<\/td>\n<\/tr>\n<tr>\n<th>Accessoires:<\/th>\n<td>Original Box, Original Papiere<\/td>\n<\/tr>\n<tr>\n<th>Geschlecht:<\/th>\n<td>Herrenuhr\/Unisex<\/td>\n<\/tr>\n<tr>\n<th>Kaliber<\/th>\n<td>Automatisch<\/td>\n<\/tr>\n<tr>\n<th>Geh\u00e4use Material:<\/th>\n<td>Stahl\/Gold<\/td>\n<\/tr>\n<tr>\n<th>Material des Armbands:<\/th>\n<td>Stahl\/Gold<\/td>\n<\/tr>\n<tr>\n<th>Jahr:<\/th>\n<td>1989<\/td>\n<\/tr>\n<tr>\n<th>Zustand:<\/th>\n<td>Sehr gut<\/td>\n<\/tr>\n<tr>\n<th>Durchmesser Geh\u00e4use<\/th>\n<td>36mm<\/td>\n<\/tr>\n<\/tbody>\n<\/table>","protected":false},"excerpt":{"rendered":"<div>Rolex Datejust Ref. 16233 von 1989 in neuwertigem Zustand mit Box und Papieren.<\/div>\n<div><\/div>\n<div><\/div>\n<div id=\"jq-dealer-default-notes\" class=\"m-t-4\" data-ajax-src=\"\/search\/detail.htm?dealerDefaultNotes=&amp;htmlize=1&amp;id=23815744&amp;t=1652963800530\">Alle unsere Uhren wurden von unserem eigenen Uhrmacher gr\u00fcndlich \u00fcberpr\u00fcft und bei Bedarf gewartet.<\/div>","protected":false},"featured_media":17859,"template":"","meta":{"_joinchat":[]},"product_brand":[],"product_cat":[234,22],"product_tag":[160,220,39,195,190,25,30,161,189,27,34],"class_list":{"0":"post-17852","1":"product","2":"type-product","3":"status-publish","4":"has-post-thumbnail","6":"product_cat-datejust","7":"product_cat-rolex","8":"product_tag-160","9":"product_tag-220","10":"product_tag-39","11":"product_tag-box-papers","12":"product_tag-dames","13":"product_tag-datejust","14":"product_tag-gold","15":"product_tag-gold-dial","16":"product_tag-heren","17":"product_tag-rolex","18":"product_tag-steel","20":"first","21":"outofstock","22":"featured","23":"shipping-taxable","24":"purchasable","25":"product-type-simple"},"_links":{"self":[{"href":"https:\/\/timepiecesbelgium.com\/de\/wp-json\/wp\/v2\/product\/17852","targetHints":{"allow":["GET"]}}],"collection":[{"href":"https:\/\/timepiecesbelgium.com\/de\/wp-json\/wp\/v2\/product"}],"about":[{"href":"https:\/\/timepiecesbelgium.com\/de\/wp-json\/wp\/v2\/types\/product"}],"wp:featuredmedia":[{"embeddable":true,"href":"https:\/\/timepiecesbelgium.com\/de\/wp-json\/wp\/v2\/media\/17859"}],"wp:attachment":[{"href":"https:\/\/timepiecesbelgium.com\/de\/wp-json\/wp\/v2\/media?parent=17852"}],"wp:term":[{"taxonomy":"product_brand","embeddable":true,"href":"https:\/\/timepiecesbelgium.com\/de\/wp-json\/wp\/v2\/product_brand?post=17852"},{"taxonomy":"product_cat","embeddable":true,"href":"https:\/\/timepiecesbelgium.com\/de\/wp-json\/wp\/v2\/product_cat?post=17852"},{"taxonomy":"product_tag","embeddable":true,"href":"https:\/\/timepiecesbelgium.com\/de\/wp-json\/wp\/v2\/product_tag?post=17852"}],"curies":[{"name":"wp","href":"https:\/\/api.w.org\/{rel}","templated":true}]}}