{"id":16407,"date":"2023-05-05T12:33:25","date_gmt":"2023-05-05T10:33:25","guid":{"rendered":"http:\/\/timepiecesbelgium.com\/?post_type=product&#038;p=16407"},"modified":"2024-10-03T23:14:25","modified_gmt":"2024-10-03T21:14:25","slug":"omega-seamaster-2531-80","status":"publish","type":"product","link":"https:\/\/timepiecesbelgium.com\/de\/horloge\/omega\/seamaster\/omega-seamaster-2531-80\/","title":{"rendered":"Omega Seamaster 2531.80 2006 (nur Uhr)"},"content":{"rendered":"<h3>Grundlegende Informationen<\/h3>\n<table>\n<tbody>\n<tr>\n<th>Marke:<\/th>\n<td>Omega<\/td>\n<\/tr>\n<tr>\n<th>Modell:<\/th>\n<td>Seamaster<\/td>\n<\/tr>\n<tr>\n<th>Referenz:<\/th>\n<td>2531.80<\/td>\n<\/tr>\n<tr>\n<th>Accessoires:<\/th>\n<td>Keine Original-Box, keine Original-Papiere<\/td>\n<\/tr>\n<tr>\n<th>Geschlecht:<\/th>\n<td>M\u00e4nner<\/td>\n<\/tr>\n<tr>\n<th>Kaliber<\/th>\n<td>Automatisch<\/td>\n<\/tr>\n<tr>\n<th>Geh\u00e4use Material:<\/th>\n<td>Stahl<\/td>\n<\/tr>\n<tr>\n<th>Material des Armbands:<\/th>\n<td>Stahl<\/td>\n<\/tr>\n<tr>\n<th>Jahr:<\/th>\n<td>2006<\/td>\n<\/tr>\n<tr>\n<th>Zustand:<\/th>\n<td>Sehr gut (mit geringen bis keinen Gebrauchsspuren)<\/td>\n<\/tr>\n<tr>\n<th>Durchmesser Geh\u00e4use<\/th>\n<td>41mm<\/td>\n<\/tr>\n<\/tbody>\n<\/table>","protected":false},"excerpt":{"rendered":"<p>Omega Seamaster Ref. 2531.80 in ausgezeichnetem Zustand.<\/p>\n<p>Alle unsere Uhren wurden von unserem eigenen Uhrmacher gr\u00fcndlich \u00fcberpr\u00fcft und bei Bedarf gewartet.<br \/>\nDeshalb werden unsere Uhren mit 1 Jahr Garantie ab dem Kaufdatum verkauft.<\/p>","protected":false},"featured_media":16412,"template":"","meta":{"_joinchat":[]},"product_brand":[],"product_cat":[21,246],"product_tag":[219,63,64,189,43,65,46],"class_list":{"0":"post-16407","1":"product","2":"type-product","3":"status-publish","4":"has-post-thumbnail","6":"product_cat-omega","7":"product_cat-seamaster","8":"product_tag-219","9":"product_tag-2531-80","10":"product_tag-diver","11":"product_tag-heren","12":"product_tag-omega","13":"product_tag-seamaster","14":"product_tag-watch-only","16":"first","17":"outofstock","18":"featured","19":"shipping-taxable","20":"purchasable","21":"product-type-simple"},"_links":{"self":[{"href":"https:\/\/timepiecesbelgium.com\/de\/wp-json\/wp\/v2\/product\/16407","targetHints":{"allow":["GET"]}}],"collection":[{"href":"https:\/\/timepiecesbelgium.com\/de\/wp-json\/wp\/v2\/product"}],"about":[{"href":"https:\/\/timepiecesbelgium.com\/de\/wp-json\/wp\/v2\/types\/product"}],"wp:featuredmedia":[{"embeddable":true,"href":"https:\/\/timepiecesbelgium.com\/de\/wp-json\/wp\/v2\/media\/16412"}],"wp:attachment":[{"href":"https:\/\/timepiecesbelgium.com\/de\/wp-json\/wp\/v2\/media?parent=16407"}],"wp:term":[{"taxonomy":"product_brand","embeddable":true,"href":"https:\/\/timepiecesbelgium.com\/de\/wp-json\/wp\/v2\/product_brand?post=16407"},{"taxonomy":"product_cat","embeddable":true,"href":"https:\/\/timepiecesbelgium.com\/de\/wp-json\/wp\/v2\/product_cat?post=16407"},{"taxonomy":"product_tag","embeddable":true,"href":"https:\/\/timepiecesbelgium.com\/de\/wp-json\/wp\/v2\/product_tag?post=16407"}],"curies":[{"name":"wp","href":"https:\/\/api.w.org\/{rel}","templated":true}]}}