{"id":16153,"date":"2023-03-13T09:22:27","date_gmt":"2023-03-13T08:22:27","guid":{"rendered":"http:\/\/timepiecesbelgium.com\/?post_type=product&#038;p=16153"},"modified":"2024-10-03T23:14:25","modified_gmt":"2024-10-03T21:14:25","slug":"omega-speedmaster-reduced-3510-50","status":"publish","type":"product","link":"https:\/\/timepiecesbelgium.com\/de\/horloge\/omega\/omega-speedmaster-reduced-3510-50\/","title":{"rendered":"Omega Speedmaster Erm\u00e4\u00dfigt 3510.50 1999 (Kompletter Satz)"},"content":{"rendered":"<h3>Grundlegende Informationen<\/h3>\n<table>\n<tbody>\n<tr>\n<th>Marke:<\/th>\n<td>Omega<\/td>\n<\/tr>\n<tr>\n<th>Modell:<\/th>\n<td>Speedmaster<\/td>\n<\/tr>\n<tr>\n<th>Referenz:<\/th>\n<td>3510.50<\/td>\n<\/tr>\n<tr>\n<th>Accessoires:<\/th>\n<td>Original Box, Original Papiere<\/td>\n<\/tr>\n<tr>\n<th>Geschlecht:<\/th>\n<td>M\u00e4nner<\/td>\n<\/tr>\n<tr>\n<th>Kaliber<\/th>\n<td>Automatisch<\/td>\n<\/tr>\n<tr>\n<th>Geh\u00e4use Material:<\/th>\n<td>Stahl<\/td>\n<\/tr>\n<tr>\n<th>Material des Armbands:<\/th>\n<td>Stahl<\/td>\n<\/tr>\n<tr>\n<th>Jahr:<\/th>\n<td>1999<\/td>\n<\/tr>\n<tr>\n<th>Zustand:<\/th>\n<td>Sehr gut (mit geringen bis keinen Gebrauchsspuren)<\/td>\n<\/tr>\n<tr>\n<th>Durchmesser Geh\u00e4use<\/th>\n<td>39mm<\/td>\n<\/tr>\n<\/tbody>\n<\/table>","protected":false},"excerpt":{"rendered":"<p>Omega Speedmaster Reduziert 3510.50 von 1999 Kompletter Satz in sch\u00f6nem Zustand.<\/p>\n<p>Alle unsere Uhren wurden von unserem eigenen Uhrmacher gr\u00fcndlich \u00fcberpr\u00fcft und bei Bedarf gewartet.<br \/>\nDeshalb werden unsere Uhren mit 1 Jahr Garantie ab dem Kaufdatum verkauft.<\/p>","protected":false},"featured_media":16160,"template":"","meta":{"_joinchat":[]},"product_brand":[],"product_cat":[21],"product_tag":[170,169,26,189,43,44],"class_list":{"0":"post-16153","1":"product","2":"type-product","3":"status-publish","4":"has-post-thumbnail","6":"product_cat-omega","7":"product_tag-170","8":"product_tag-3510-50","9":"product_tag-full-set","10":"product_tag-heren","11":"product_tag-omega","12":"product_tag-speedmaster","14":"first","15":"outofstock","16":"shipping-taxable","17":"purchasable","18":"product-type-simple"},"_links":{"self":[{"href":"https:\/\/timepiecesbelgium.com\/de\/wp-json\/wp\/v2\/product\/16153","targetHints":{"allow":["GET"]}}],"collection":[{"href":"https:\/\/timepiecesbelgium.com\/de\/wp-json\/wp\/v2\/product"}],"about":[{"href":"https:\/\/timepiecesbelgium.com\/de\/wp-json\/wp\/v2\/types\/product"}],"wp:featuredmedia":[{"embeddable":true,"href":"https:\/\/timepiecesbelgium.com\/de\/wp-json\/wp\/v2\/media\/16160"}],"wp:attachment":[{"href":"https:\/\/timepiecesbelgium.com\/de\/wp-json\/wp\/v2\/media?parent=16153"}],"wp:term":[{"taxonomy":"product_brand","embeddable":true,"href":"https:\/\/timepiecesbelgium.com\/de\/wp-json\/wp\/v2\/product_brand?post=16153"},{"taxonomy":"product_cat","embeddable":true,"href":"https:\/\/timepiecesbelgium.com\/de\/wp-json\/wp\/v2\/product_cat?post=16153"},{"taxonomy":"product_tag","embeddable":true,"href":"https:\/\/timepiecesbelgium.com\/de\/wp-json\/wp\/v2\/product_tag?post=16153"}],"curies":[{"name":"wp","href":"https:\/\/api.w.org\/{rel}","templated":true}]}}