{"id":18,"date":"2022-10-26T15:55:51","date_gmt":"2022-10-26T13:55:51","guid":{"rendered":"https:\/\/www.timepiecesbelgium.be\/?page_id=18"},"modified":"2026-04-01T12:45:54","modified_gmt":"2026-04-01T10:45:54","slug":"refund_returns","status":"publish","type":"page","link":"https:\/\/timepiecesbelgium.com\/de\/refund_returns\/","title":{"rendered":"Erstattungs- und R\u00fcckgabebestimmungen"},"content":{"rendered":"<div data-elementor-type=\"wp-page\" data-elementor-id=\"18\" class=\"elementor elementor-18\" data-elementor-post-type=\"page\">\n\t\t\t\t\t\t<section class=\"elementor-section elementor-top-section elementor-element elementor-element-6a742493 elementor-section-boxed elementor-section-height-default elementor-section-height-default\" data-id=\"6a742493\" data-element_type=\"section\" data-settings=\"{&quot;jet_parallax_layout_list&quot;:[]}\">\n\t\t\t\t\t\t<div class=\"elementor-container elementor-column-gap-default\">\n\t\t\t\t\t<div class=\"elementor-column elementor-col-100 elementor-top-column elementor-element elementor-element-153646ba\" data-id=\"153646ba\" data-element_type=\"column\">\n\t\t\t<div class=\"elementor-widget-wrap elementor-element-populated\">\n\t\t\t\t\t\t<div class=\"elementor-element elementor-element-2766e249 elementor-widget elementor-widget-text-editor\" data-id=\"2766e249\" data-element_type=\"widget\" data-widget_type=\"text-editor.default\">\n\t\t\t\t<div class=\"elementor-widget-container\">\n\t\t\t\t\t\t\t\t\t<h1>R\u00fcckgabepolitik<\/h1>\n<p><!-- \/wp:heading --><!-- wp:paragraph --><\/p>\n<p>Es kann vorkommen, dass Sie eine Luxusuhr zur\u00fcckgeben m\u00fcssen, weil sie als Geschenk gekauft wurde oder weil das Aussehen der Uhr nicht zu Ihrem einzigartigen Stil passt. Bei Timepieces Belgium verstehen wir, dass es Zeiten gibt, in denen eine R\u00fcckgabe notwendig ist. Deshalb haben wir ein 14-t\u00e4giges R\u00fcckgaberecht. Innerhalb dieses Zeitraums k\u00f6nnen Sie Ihre Uhr zur\u00fcckgeben, ohne dass Sie Fragen stellen m\u00fcssen. Das bedeutet, dass Sie bei Ihrem Einkauf bei uns die volle Diskretion haben.<\/p>\n<p><!-- \/wp:paragraph --><!-- wp:paragraph --><\/p>\n<p>Wenn Sie eine Luxusuhr an uns zur\u00fcckgeben m\u00f6chten, kontaktieren Sie bitte zuerst unser Team. So k\u00f6nnen wir Ihnen den bestm\u00f6glichen Service bieten und sicherstellen, dass der R\u00fcckgabeprozess so reibungslos wie m\u00f6glich verl\u00e4uft. Bitte beachten Sie, dass die Kosten f\u00fcr die R\u00fccksendung der Uhr an Timepieces Belgium in der Verantwortung des K\u00e4ufers liegen. Wir empfehlen Ihnen, die Uhr eingeschrieben und vollst\u00e4ndig versichert mit einem Tracking-Code zur\u00fcckzusenden, um Probleme zu vermeiden. Um eine R\u00fccksendung abzuschlie\u00dfen, ben\u00f6tigen wir Ihre Originalquittung oder den Kaufbeleg. Bitte senden Sie Ihren Kauf nicht an den Hersteller zur\u00fcck.<\/p>\n<p><!-- \/wp:paragraph --><!-- wp:paragraph --><\/p>\n<p data-start=\"54\" data-end=\"227\" style=\"font-size: medium;\">R\u00fccksendungen werden nur f\u00fcr Uhren akzeptiert, die \u00fcber unsere Website gekauft wurden, <a data-start=\"123\" data-end=\"148\" rel=\"noopener\" target=\"_new\" href=\"https:\/\/timepiecesbelgium.com\/de\">www.timepiecesbelgium.com<\/a>,&nbsp;and are applicable exclusively to online purchases within the European Union.<\/p><p data-start=\"229\" data-end=\"361\" style=\"font-size: medium;\">Please note that purchases made by appointment are final. For export shipments outside the European Union, returns are not accepted.<\/p>\n<p><!-- \/wp:paragraph --><!-- wp:heading --><\/p>\n<h2><span style=\"font-weight: normal;\">Wichtiger Hinweis<\/span><\/h2>\n<p><!-- \/wp:heading --><!-- wp:paragraph --><\/p>\n<p>F\u00fcr die R\u00fccksendung gelten die folgenden Bestimmungen und Bedingungen;<\/p>\n<p><!-- \/wp:paragraph --><!-- wp:list --><\/p>\n<ul>\n<li>Jede Luxusuhr, die getragen wurde und Sch\u00e4den aufweist, kann nicht zur\u00fcckgenommen werden.<\/li>\n<li>Die Uhren d\u00fcrfen nur in genau dem Zustand zur\u00fcckgegeben werden, in dem sie Ihnen verkauft wurden.<\/li>\n<li>Alle Unterlagen oder Anh\u00e4nge, die Sie beim Verkauf erhalten haben, m\u00fcssen zusammen mit der Uhr und in der Originalverpackung zur\u00fcckgegeben werden.<\/li>\n<li>Wenn Sie das Uhrengeh\u00e4use innerhalb der 14-t\u00e4gigen R\u00fcckgabefrist \u00f6ffnen m\u00f6chten, m\u00fcssen Sie sich zun\u00e4chst mit unserem Team in Verbindung setzen, um eine Genehmigung zu erhalten.<\/li>\n<\/ul>\n<p><!-- \/wp:list --><!-- wp:heading {\"level\":3} --><\/p>\n<h3>Informationen zur Erstattung<\/h3>\n<p><!-- \/wp:heading --><!-- wp:list --><\/p>\n<ul>\n<li>F\u00fcr diese R\u00fcckzahlung verwenden wir dasselbe Zahlungsmittel, das Sie bei der urspr\u00fcnglichen Transaktion eingesetzt haben.<\/li>\n<li>Eine R\u00fcckerstattung erfolgt erst, wenn wir das zur\u00fcckgesandte Produkt erhalten und eine Pr\u00fcfung durchgef\u00fchrt haben.<\/li>\n<li>Timepieces Belgium haftet nicht f\u00fcr Pakete, die w\u00e4hrend der R\u00fccksendung verloren gehen oder besch\u00e4digt werden. Wir empfehlen daher, Pakete vollst\u00e4ndig versichert zur\u00fcckzusenden.<\/li>\n<\/ul>\n<p><!-- \/wp:list --><!-- wp:paragraph --><\/p>\n<p><b>Brauchen Sie Hilfe?<\/b><\/p>\n<p><!-- \/wp:paragraph --><!-- wp:paragraph --><\/p>\n<p>Sie k\u00f6nnen uns kontaktieren unter <a href=\"mailto:info@timepiecesbelgium.com\">contact@timepiecesbelgium.com<\/a> f\u00fcr Fragen im Zusammenhang mit Erstattungen und R\u00fcckgaben<\/p>\n<p><!-- \/wp:paragraph --><\/p>\t\t\t\t\t\t\t\t<\/div>\n\t\t\t\t<\/div>\n\t\t\t\t\t<\/div>\n\t\t<\/div>\n\t\t\t\t\t<\/div>\n\t\t<\/section>\n\t\t\t\t<\/div>","protected":false},"excerpt":{"rendered":"<p>R\u00fcckgaberecht Manchmal m\u00fcssen Sie eine Luxusuhr zur\u00fcckgeben, weil sie als Geschenk gekauft wurde oder weil das Aussehen der Uhr nicht zu Ihrem einzigartigen Stil passt. Bei Timepieces Belgium verstehen wir, dass es Zeiten gibt, in denen eine R\u00fcckgabe notwendig ist. Deshalb haben wir ein 14-t\u00e4giges R\u00fcckgaberecht. W\u00e4hrend dieser [...]<\/p>","protected":false},"author":1,"featured_media":0,"parent":0,"menu_order":0,"comment_status":"closed","ping_status":"closed","template":"","meta":{"_joinchat":[],"footnotes":""},"class_list":["post-18","page","type-page","status-publish","hentry"],"_links":{"self":[{"href":"https:\/\/timepiecesbelgium.com\/de\/wp-json\/wp\/v2\/pages\/18","targetHints":{"allow":["GET"]}}],"collection":[{"href":"https:\/\/timepiecesbelgium.com\/de\/wp-json\/wp\/v2\/pages"}],"about":[{"href":"https:\/\/timepiecesbelgium.com\/de\/wp-json\/wp\/v2\/types\/page"}],"author":[{"embeddable":true,"href":"https:\/\/timepiecesbelgium.com\/de\/wp-json\/wp\/v2\/users\/1"}],"replies":[{"embeddable":true,"href":"https:\/\/timepiecesbelgium.com\/de\/wp-json\/wp\/v2\/comments?post=18"}],"version-history":[{"count":14,"href":"https:\/\/timepiecesbelgium.com\/de\/wp-json\/wp\/v2\/pages\/18\/revisions"}],"predecessor-version":[{"id":27818,"href":"https:\/\/timepiecesbelgium.com\/de\/wp-json\/wp\/v2\/pages\/18\/revisions\/27818"}],"wp:attachment":[{"href":"https:\/\/timepiecesbelgium.com\/de\/wp-json\/wp\/v2\/media?parent=18"}],"curies":[{"name":"wp","href":"https:\/\/api.w.org\/{rel}","templated":true}]}}