{"id":12268,"date":"2022-10-26T15:51:21","date_gmt":"2022-10-26T13:51:21","guid":{"rendered":"https:\/\/www.timepiecesbelgium.be\/?page_id=12268"},"modified":"2026-03-18T16:12:51","modified_gmt":"2026-03-18T15:12:51","slug":"warranty-info","status":"publish","type":"page","link":"https:\/\/timepiecesbelgium.com\/de\/warranty-info\/","title":{"rendered":"Informationen zur Garantie"},"content":{"rendered":"<div data-elementor-type=\"wp-page\" data-elementor-id=\"12268\" class=\"elementor elementor-12268\" data-elementor-post-type=\"page\">\n\t\t\t\t\t\t<section class=\"elementor-section elementor-top-section elementor-element elementor-element-d053c69 elementor-section-boxed elementor-section-height-default elementor-section-height-default\" data-id=\"d053c69\" data-element_type=\"section\" data-settings=\"{&quot;jet_parallax_layout_list&quot;:[]}\">\n\t\t\t\t\t\t<div class=\"elementor-container elementor-column-gap-default\">\n\t\t\t\t\t<div class=\"elementor-column elementor-col-100 elementor-top-column elementor-element elementor-element-cea93b7\" data-id=\"cea93b7\" data-element_type=\"column\">\n\t\t\t<div class=\"elementor-widget-wrap elementor-element-populated\">\n\t\t\t\t\t\t<div class=\"elementor-element elementor-element-bafc605 elementor-widget elementor-widget-heading\" data-id=\"bafc605\" data-element_type=\"widget\" data-widget_type=\"heading.default\">\n\t\t\t\t<div class=\"elementor-widget-container\">\n\t\t\t\t\t<h2 class=\"elementor-heading-title elementor-size-default\">Informationen zur Garantie<\/h2>\t\t\t\t<\/div>\n\t\t\t\t<\/div>\n\t\t\t\t<div class=\"elementor-element elementor-element-9d80bea elementor-widget elementor-widget-text-editor\" data-id=\"9d80bea\" data-element_type=\"widget\" data-widget_type=\"text-editor.default\">\n\t\t\t\t<div class=\"elementor-widget-container\">\n\t\t\t\t\t\t\t\t\t<h3>Ihre 12-Monats-Garantie<\/h3><p>Wenn Sie eine Luxusuhr von Timepieces Belgium kaufen, erhalten Sie eine 12-monatige Garantie. Die 12-monatige Garantie beginnt mit dem Datum des urspr\u00fcnglichen Kaufs. Sollte die Uhr ohne Ihr Verschulden nicht mehr funktionieren, reparieren wir die Uhr kostenlos. Bitte beachten Sie jedoch, dass die 12-monatige Garantie nur f\u00fcr mechanische Defekte gilt.<\/p><p>Wenn Sie ein Problem mit Ihrer Uhr haben und sie nicht mehr funktioniert, wenden Sie sich bitte jetzt an unseren Kundendienst. Wenn die Uhr noch unter die Garantie f\u00e4llt, k\u00f6nnen wir eine kostenlose Reparatur durchf\u00fchren. Deshalb ist es wichtig, dass Sie Ihren Kaufbeleg und die Quittung aufbewahren.<\/p><p>Wenn Sie sich mit unserem Team in Verbindung setzen, geben Sie bitte so viele Informationen wie m\u00f6glich \u00fcber das Problem an, das Sie haben, und dar\u00fcber, was passiert ist, als die Uhr nicht mehr funktionierte. Dies wird uns helfen, Ihnen einen schnellen und effizienten Service zu bieten.<\/p><p>E-Mail: <a href=\"mailto:info@timepiecesbelgium.com\">contact@timepiecesbelgium.com<\/a><\/p><h3>Uhrengarantie - Was nicht inbegriffen ist<\/h3><p>Wassersch\u00e4den, Diebstahl, Verlust, h\u00f6here Gewalt? Wassersch\u00e4den, Diebstahl, Verlust, h\u00f6here Gewalt, Sch\u00e4den durch unsachgem\u00e4\u00dfen Gebrauch und Unf\u00e4lle fallen leider nicht unter die 12-monatige Garantie, die wir anbieten. Dies gilt auch f\u00fcr alle \u00c4nderungen, die an der Uhr vorgenommen wurden, wie z.B. der Austausch von Komponenten, die nicht Teil des urspr\u00fcnglichen Designs waren oder beim Kauf der Uhr bei Timepieces Belgium enthalten waren. Wir haften in keiner Weise f\u00fcr Handlungen von Subunternehmern oder Verbrauchern.<\/p><p>Bitte beachten Sie auch, dass der Garantievertrag sofort erlischt, wenn der K\u00e4ufer beschlie\u00dft, die Uhr an einen Dritten zu verkaufen.<\/p>\t\t\t\t\t\t\t\t<\/div>\n\t\t\t\t<\/div>\n\t\t\t\t\t<\/div>\n\t\t<\/div>\n\t\t\t\t\t<\/div>\n\t\t<\/section>\n\t\t\t\t<\/div>","protected":false},"excerpt":{"rendered":"<p>Informationen zur Garantie Ihre 12-monatige Garantie Wenn Sie eine Luxusuhr von Timepieces Belgium kaufen, erhalten Sie eine 12-monatige Garantie. Die 12-monatige Garantie beginnt mit dem Datum des urspr\u00fcnglichen Kaufs. Sollte die Uhr ohne Ihr Verschulden nicht mehr funktionieren, werden wir sie kostenlos reparieren. Bitte beachten Sie jedoch, dass [...]<\/p>","protected":false},"author":1,"featured_media":0,"parent":0,"menu_order":0,"comment_status":"closed","ping_status":"closed","template":"","meta":{"_joinchat":[],"footnotes":""},"class_list":["post-12268","page","type-page","status-publish","hentry"],"_links":{"self":[{"href":"https:\/\/timepiecesbelgium.com\/de\/wp-json\/wp\/v2\/pages\/12268","targetHints":{"allow":["GET"]}}],"collection":[{"href":"https:\/\/timepiecesbelgium.com\/de\/wp-json\/wp\/v2\/pages"}],"about":[{"href":"https:\/\/timepiecesbelgium.com\/de\/wp-json\/wp\/v2\/types\/page"}],"author":[{"embeddable":true,"href":"https:\/\/timepiecesbelgium.com\/de\/wp-json\/wp\/v2\/users\/1"}],"replies":[{"embeddable":true,"href":"https:\/\/timepiecesbelgium.com\/de\/wp-json\/wp\/v2\/comments?post=12268"}],"version-history":[{"count":17,"href":"https:\/\/timepiecesbelgium.com\/de\/wp-json\/wp\/v2\/pages\/12268\/revisions"}],"predecessor-version":[{"id":27709,"href":"https:\/\/timepiecesbelgium.com\/de\/wp-json\/wp\/v2\/pages\/12268\/revisions\/27709"}],"wp:attachment":[{"href":"https:\/\/timepiecesbelgium.com\/de\/wp-json\/wp\/v2\/media?parent=12268"}],"curies":[{"name":"wp","href":"https:\/\/api.w.org\/{rel}","templated":true}]}}