{"id":12263,"date":"2022-10-26T15:49:51","date_gmt":"2022-10-26T13:49:51","guid":{"rendered":"https:\/\/www.timepiecesbelgium.be\/?page_id=12263"},"modified":"2026-03-18T16:12:16","modified_gmt":"2026-03-18T15:12:16","slug":"termsconditions","status":"publish","type":"page","link":"https:\/\/timepiecesbelgium.com\/de\/termsconditions\/","title":{"rendered":"Bedingungen und Konditionen"},"content":{"rendered":"<div data-elementor-type=\"wp-page\" data-elementor-id=\"12263\" class=\"elementor elementor-12263\" data-elementor-post-type=\"page\">\n\t\t\t\t\t\t<section class=\"elementor-section elementor-top-section elementor-element elementor-element-19666e7 elementor-section-boxed elementor-section-height-default elementor-section-height-default\" data-id=\"19666e7\" data-element_type=\"section\" data-settings=\"{&quot;jet_parallax_layout_list&quot;:[]}\">\n\t\t\t\t\t\t<div class=\"elementor-container elementor-column-gap-default\">\n\t\t\t\t\t<div class=\"elementor-column elementor-col-100 elementor-top-column elementor-element elementor-element-f9562a8\" data-id=\"f9562a8\" data-element_type=\"column\">\n\t\t\t<div class=\"elementor-widget-wrap elementor-element-populated\">\n\t\t\t\t\t\t<div class=\"elementor-element elementor-element-13ef53b elementor-widget elementor-widget-heading\" data-id=\"13ef53b\" data-element_type=\"widget\" data-widget_type=\"heading.default\">\n\t\t\t\t<div class=\"elementor-widget-container\">\n\t\t\t\t\t<h2 class=\"elementor-heading-title elementor-size-default\">Allgemeine Bedingungen und Konditionen<\/h2>\t\t\t\t<\/div>\n\t\t\t\t<\/div>\n\t\t\t\t<div class=\"elementor-element elementor-element-93f2c92 elementor-widget elementor-widget-text-editor\" data-id=\"93f2c92\" data-element_type=\"widget\" data-widget_type=\"text-editor.default\">\n\t\t\t\t<div class=\"elementor-widget-container\">\n\t\t\t\t\t\t\t\t\t<p><strong>Bitte lesen Sie alle diese Bedingungen und Konditionen.<\/strong><\/p><p>Diese Allgemeinen Gesch\u00e4ftsbedingungen (\"Vereinbarung\") legen die allgemeinen Bedingungen f\u00fcr die Nutzung der\u00a0<a href=\"http:\/\/timepiecesbelgium.com\/de\/\" target=\"_blank\" rel=\"noreferrer noopener\">zeitmesserbelgium.de<\/a>\u00a0Website (\"Website\" oder \"Service\") und alle damit verbundenen Produkte und Dienstleistungen (zusammenfassend als \"Services\" bezeichnet). Diese Vereinbarung ist rechtsverbindlich zwischen Ihnen (\"Nutzer\", \"Sie\" oder \"Ihr\") und Timepieces Belgium (\"Timepieces Belgium\", \"wir\", \"uns\" oder \"unser\"). Wenn Sie diesen Vertrag im Namen eines Unternehmens oder einer anderen juristischen Person abschlie\u00dfen, versichern Sie, dass Sie befugt sind, diese Person an diesen Vertrag zu binden; in diesem Fall beziehen sich die Begriffe \"Nutzer\", \"Sie\" oder \"Ihr\" auf diese Person. Wenn Sie nicht \u00fcber eine solche Befugnis verf\u00fcgen oder mit den Bedingungen dieser Vereinbarung nicht einverstanden sind, d\u00fcrfen Sie diese Vereinbarung nicht akzeptieren und nicht auf die Website und die Dienste zugreifen und diese nutzen. Indem Sie auf die Website und die Dienste zugreifen und diese nutzen, best\u00e4tigen Sie, dass Sie die Bedingungen dieser Vereinbarung gelesen und verstanden haben und damit einverstanden sind. Sie erkennen an, dass dieses Abkommen einen Vertrag zwischen Ihnen und Timepieces Belgium darstellt, auch wenn es elektronisch ist und nicht von Ihnen unterzeichnet wurde, und dass es Ihre Nutzung der Website und der Dienstleistungen regelt.<\/p><h2><span style=\"font-weight: normal;\">Konten und Mitgliedschaft<\/span><\/h2><p>Wenn Sie ein Konto auf der Website erstellen, sind Sie f\u00fcr die Aufrechterhaltung der Sicherheit Ihres Kontos verantwortlich und tragen die volle Verantwortung f\u00fcr alle Aktivit\u00e4ten, die unter dem Konto stattfinden, sowie f\u00fcr alle anderen Handlungen, die im Zusammenhang mit dem Konto vorgenommen werden. Wir sind berechtigt, aber nicht verpflichtet, neue Konten zu \u00fcberwachen und zu \u00fcberpr\u00fcfen, bevor Sie sich anmelden und die Dienste nutzen k\u00f6nnen. Die Angabe falscher Kontaktinformationen jeglicher Art kann zur K\u00fcndigung Ihres Kontos f\u00fchren. Sie m\u00fcssen uns unverz\u00fcglich \u00fcber jede unbefugte Nutzung Ihres Kontos oder jede andere Verletzung der Sicherheit informieren. Wir haften nicht f\u00fcr Handlungen oder Unterlassungen Ihrerseits, einschlie\u00dflich Sch\u00e4den jeglicher Art, die als Folge solcher Handlungen oder Unterlassungen entstehen. Wir sind berechtigt, Ihr Konto (oder einen Teil davon) zu sperren, zu deaktivieren oder zu l\u00f6schen, wenn wir feststellen, dass Sie gegen eine Bestimmung dieser Vereinbarung versto\u00dfen haben oder dass Ihr Verhalten oder Ihr Inhalt unserem Ruf und unserem guten Ruf schaden k\u00f6nnte. Wenn wir Ihr Konto aus den vorgenannten Gr\u00fcnden l\u00f6schen, d\u00fcrfen Sie sich nicht erneut f\u00fcr unsere Dienste registrieren. Wir k\u00f6nnen Ihre E-Mail-Adresse und Internetprotokolladresse sperren, um eine weitere Registrierung zu verhindern.<\/p><h2><span style=\"font-weight: normal;\">Rechnungsstellung und Zahlungen<\/span><\/h2><p>Sie sind verpflichtet, alle Geb\u00fchren oder Abgaben f\u00fcr Ihr Konto gem\u00e4\u00df den zum Zeitpunkt der F\u00e4lligkeit einer Geb\u00fchr oder Abgabe geltenden Geb\u00fchren, Abgaben und Abrechnungsbedingungen zu zahlen. Der Austausch sensibler und privater Daten erfolgt \u00fcber einen SSL-gesicherten Kommunikationskanal und ist verschl\u00fcsselt und durch digitale Signaturen gesch\u00fctzt. Die Website und die Dienste entsprechen au\u00dferdem den PCI-Sicherheitsstandards, um eine m\u00f6glichst sichere Umgebung f\u00fcr die Nutzer zu schaffen. F\u00fcr zus\u00e4tzliche Sicherheit und Schutz werden regelm\u00e4\u00dfig Scans auf Malware durchgef\u00fchrt. Wenn wir der Meinung sind, dass Ihr Kauf eine risikoreiche Transaktion darstellt, werden wir Sie auffordern, uns eine Kopie Ihres g\u00fcltigen amtlichen Lichtbildausweises und m\u00f6glicherweise eine Kopie eines aktuellen Kontoauszugs f\u00fcr die f\u00fcr den Kauf verwendete Kredit- oder Debitkarte vorzulegen. Wir behalten uns das Recht vor, Produkte und Produktpreise jederzeit zu \u00e4ndern. Wir behalten uns au\u00dferdem das Recht vor, jede Bestellung, die Sie bei uns aufgeben, abzulehnen. Wir k\u00f6nnen nach eigenem Ermessen die pro Person, pro Haushalt oder pro Bestellung gekauften Mengen begrenzen oder stornieren. Diese Beschr\u00e4nkungen k\u00f6nnen auch f\u00fcr Bestellungen gelten, die von demselben Kundenkonto oder mit derselben Kreditkarte aufgegeben wurden, und\/oder f\u00fcr Bestellungen, die dieselbe Rechnungs- und\/oder Lieferadresse verwenden. Falls wir eine Bestellung \u00e4ndern oder stornieren, k\u00f6nnen wir versuchen, Sie zu benachrichtigen, indem wir uns an die E-Mail-Adresse und\/oder Rechnungsadresse\/Telefonnummer wenden, die zum Zeitpunkt der Bestellung angegeben wurde.<\/p><h2><span style=\"font-weight: normal;\">Genauigkeit der Informationen<\/span><\/h2><p>Gelegentlich kann es vorkommen, dass Informationen auf der Website Tippfehler, Ungenauigkeiten oder Auslassungen enthalten, die sich auf Werbeaktionen und Angebote beziehen k\u00f6nnen. Wir behalten uns das Recht vor, Fehler, Ungenauigkeiten oder Auslassungen zu korrigieren und Informationen zu \u00e4ndern oder zu aktualisieren oder Bestellungen zu stornieren, wenn Informationen auf der Website oder den Diensten ungenau sind, und zwar jederzeit und ohne vorherige Ank\u00fcndigung (auch nachdem Sie Ihre Bestellung aufgegeben haben). Wir sind nicht verpflichtet, Informationen auf der Website zu aktualisieren, zu \u00e4ndern oder zu verdeutlichen, einschlie\u00dflich, aber nicht beschr\u00e4nkt auf Preisinformationen, es sei denn, dies ist gesetzlich vorgeschrieben. Kein auf der Website angegebenes Aktualisierungs- oder Auffrischungsdatum sollte als Hinweis darauf verstanden werden, dass alle Informationen auf der Website oder den Diensten ge\u00e4ndert oder aktualisiert wurden.<\/p><h2><span style=\"font-weight: normal;\">\u00c4nderungen und Erg\u00e4nzungen<\/span><\/h2><p>Wir behalten uns das Recht vor, diese Vereinbarung oder ihre Bedingungen in Bezug auf die Website und die Dienstleistungen jederzeit nach unserem Ermessen zu \u00e4ndern. Wenn wir dies tun, werden wir das aktualisierte Datum am unteren Rand dieser Seite angeben. Wir k\u00f6nnen Sie nach unserem Ermessen auch auf andere Weise benachrichtigen, z. B. \u00fcber die von Ihnen angegebenen Kontaktinformationen.<\/p><p>Eine aktualisierte Version dieser Vereinbarung tritt unmittelbar mit der Ver\u00f6ffentlichung der \u00fcberarbeiteten Vereinbarung in Kraft, sofern nicht anders angegeben. Ihre fortgesetzte Nutzung der Website und der Dienste nach dem Datum des Inkrafttretens der \u00fcberarbeiteten Vereinbarung (oder einer anderen zu diesem Zeitpunkt festgelegten Handlung) gilt als Ihre Zustimmung zu diesen \u00c4nderungen.<\/p><h2><span style=\"font-weight: normal;\">Akzeptanz dieser Bedingungen<\/span><\/h2><p>Sie best\u00e4tigen, dass Sie diese Vereinbarung gelesen haben und mit allen darin enthaltenen Bedingungen einverstanden sind. Indem Sie auf die Website und die Dienste zugreifen und sie nutzen, erkl\u00e4ren Sie sich damit einverstanden, an diese Vereinbarung gebunden zu sein. Wenn Sie den Bedingungen dieser Vereinbarung nicht zustimmen, sind Sie nicht berechtigt, auf die Website und die Dienste zuzugreifen oder diese zu nutzen.<\/p><h2><span style=\"font-weight: normal;\">Kontaktaufnahme mit uns<\/span><\/h2><p>Sollten Sie Fragen, Bedenken oder Beschwerden bez\u00fcglich dieser Vereinbarung haben, bitten wir Sie, uns unter den unten angegebenen Kontaktdaten zu kontaktieren:<\/p><p>contact@timepiecesbelgium.com<\/p><p>Dieses Dokument wurde zuletzt am 9. M\u00e4rz 2022 aktualisiert.<\/p>\t\t\t\t\t\t\t\t<\/div>\n\t\t\t\t<\/div>\n\t\t\t\t\t<\/div>\n\t\t<\/div>\n\t\t\t\t\t<\/div>\n\t\t<\/section>\n\t\t\t\t<\/div>","protected":false},"excerpt":{"rendered":"<p>Algemene Voorwaarden Please read all these terms and conditions. These terms and conditions (\u201cAgreement\u201d) set forth the general terms and conditions of your use of the\u00a0timepiecesbelgium.com\u00a0website (\u201cWebsite\u201d or \u201cService\u201d) and any of its related products and services (collectively, \u201cServices\u201d). This Agreement is legally binding between you (\u201cUser\u201d, \u201cyou\u201d or \u201cyour\u201d) and Timepieces Belgium (\u201cTimepieces Belgium\u201d, [&hellip;]<\/p>","protected":false},"author":1,"featured_media":0,"parent":0,"menu_order":0,"comment_status":"closed","ping_status":"closed","template":"","meta":{"_joinchat":[],"footnotes":""},"class_list":["post-12263","page","type-page","status-publish","hentry"],"_links":{"self":[{"href":"https:\/\/timepiecesbelgium.com\/de\/wp-json\/wp\/v2\/pages\/12263","targetHints":{"allow":["GET"]}}],"collection":[{"href":"https:\/\/timepiecesbelgium.com\/de\/wp-json\/wp\/v2\/pages"}],"about":[{"href":"https:\/\/timepiecesbelgium.com\/de\/wp-json\/wp\/v2\/types\/page"}],"author":[{"embeddable":true,"href":"https:\/\/timepiecesbelgium.com\/de\/wp-json\/wp\/v2\/users\/1"}],"replies":[{"embeddable":true,"href":"https:\/\/timepiecesbelgium.com\/de\/wp-json\/wp\/v2\/comments?post=12263"}],"version-history":[{"count":11,"href":"https:\/\/timepiecesbelgium.com\/de\/wp-json\/wp\/v2\/pages\/12263\/revisions"}],"predecessor-version":[{"id":27706,"href":"https:\/\/timepiecesbelgium.com\/de\/wp-json\/wp\/v2\/pages\/12263\/revisions\/27706"}],"wp:attachment":[{"href":"https:\/\/timepiecesbelgium.com\/de\/wp-json\/wp\/v2\/media?parent=12263"}],"curies":[{"name":"wp","href":"https:\/\/api.w.org\/{rel}","templated":true}]}}